{"id":10188,"date":"2021-03-10T23:25:33","date_gmt":"2021-03-10T21:25:33","guid":{"rendered":"https:\/\/pricevent.com\/demo\/"},"modified":"2022-02-07T23:38:26","modified_gmt":"2022-02-07T21:38:26","slug":"demo","status":"publish","type":"page","link":"https:\/\/pricevent.com\/ro\/demo\/","title":{"rendered":"F\u0103 un tur demonstrativ!"},"content":{"rendered":"<div class=\"wpb-content-wrapper\"><p>[vc_section full_width=&#8221;stretch_row&#8221; full_height=&#8221;yes&#8221; content_placement=&#8221;middle&#8221; css=&#8221;.vc_custom_1615485541967{padding-right: 50px !important;padding-left: 50px !important;}&#8221;][vc_row full_width=&#8221;stretch_row_content&#8221; full_height=&#8221;yes&#8221; content_placement=&#8221;middle&#8221;][vc_column width=&#8221;2\/3&#8243;]<div class=\"kd-text-rotator kd-rotatorid-69e69d34304f0 text-center fives-text-rotator \"><div class=\"kd-text-rotator-container\"><h1 class=\"rotator-single kd-rotator-item-1 \" style=\" font-size: 65px;\">\u00cembun\u0103t\u0103\u0163e\u015fte-\u0163i modul de stabilire a pre\u021burilor!<\/h1><h1 class=\"rotator-single kd-rotator-item-2 \" style=\" font-size: 65px;\">R\u0103m\u00e2i competitiv!<\/h1><h1 class=\"rotator-single kd-rotator-item-3 \" style=\" font-size: 65px;\">\u00cembun\u0103t\u0103\u0163e\u015fte-\u0163i marjele de profit.<\/h1><h1 class=\"rotator-single kd-rotator-item-4 \" style=\" font-size: 65px;\">Cre\u015fte-\u0163i profitabilitatea!<\/h1><h1 class=\"rotator-single kd-rotator-item-5 last\" style=\"transition: all 0.5s 21s; font-size: 65px;\">F\u0103 cuno\u015ftin\u0103 cu PriceVent!<\/h1><\/div><\/div>[\/vc_column][vc_column width=&#8221;1\/3&#8243; css=&#8221;.vc_custom_1615485619078{border-left-width: 1px !important;padding-right: 100px !important;padding-left: 100px !important;border-left-color: #efefef !important;border-left-style: solid !important;}&#8221;][vc_empty_space height=&#8221;150px&#8221;]<header class=\"kd-section-title col-lg-12 text-left  kd-animated fadeIn   vc_custom_1626794817226\" data-animation-delay=200><h2 class=\"separator_off\" >Descoper\u0103 tot ce trebuie s\u0103 \u0219tii despre PriceVent cu turul nostru interactiv.<\/h2><h6 class=\"subtitle \" >\u00ce\u021bi mul\u021bumim pentru interesul acordat! Turul nostru \u00ee\u021bi va oferi o imagine mult mai clar\u0103 a modului \u00een care func\u021bioneaz\u0103 PriceVent \u0219i c\u00e2t de simplu este de utilizat. Pentru a \u00eencepe, te invit\u0103m s\u0103 completezi formularul cu adresa de email.<\/h6><\/header>[vc_separator color=&#8221;custom&#8221; accent_color=&#8221;#efefef&#8221; css=&#8221;.vc_custom_1615483885518{padding-top: 10px !important;padding-bottom: 25px !important;}&#8221;]<div class=\"kd-contact-form full-width-cf white-input-bg\" >\n<div class=\"wpcf7 no-js\" id=\"wpcf7-f10192-o1\" lang=\"ro-RO\" dir=\"ltr\">\n<div class=\"screen-reader-response\"><p role=\"status\" aria-live=\"polite\" aria-atomic=\"true\"><\/p> <ul><\/ul><\/div>\n<form action=\"\/ro\/wp-json\/wp\/v2\/pages\/10188#wpcf7-f10192-o1\" method=\"post\" class=\"wpcf7-form init\" aria-label=\"Formular de contact\" novalidate=\"novalidate\" data-status=\"init\">\n<div style=\"display: none;\">\n<input type=\"hidden\" name=\"_wpcf7\" value=\"10192\" \/>\n<input type=\"hidden\" name=\"_wpcf7_version\" value=\"5.8.7\" \/>\n<input type=\"hidden\" name=\"_wpcf7_locale\" value=\"ro_RO\" \/>\n<input type=\"hidden\" name=\"_wpcf7_unit_tag\" value=\"wpcf7-f10192-o1\" \/>\n<input type=\"hidden\" name=\"_wpcf7_container_post\" value=\"0\" \/>\n<input type=\"hidden\" name=\"_wpcf7_posted_data_hash\" value=\"\" \/>\n<input type=\"hidden\" name=\"_wpcf7_recaptcha_response\" value=\"\" \/>\n<\/div>\n<p><span class=\"wpcf7-form-control-wrap\" data-name=\"your-email\"><input size=\"40\" class=\"wpcf7-form-control wpcf7-text wpcf7-validates-as-required\" aria-required=\"true\" aria-invalid=\"false\" placeholder=\"Adresa de email (Business)\" value=\"\" type=\"text\" name=\"your-email\" \/><\/span>\n<\/p>\n<p><span class=\"wpcf7-form-control-wrap\" data-name=\"GDPR\"><span class=\"wpcf7-form-control wpcf7-acceptance\"><span class=\"wpcf7-list-item\"><label><input type=\"checkbox\" name=\"GDPR\" value=\"1\" aria-invalid=\"false\" \/><span class=\"wpcf7-list-item-label\">Declar c\u0103 am citit \u0219i sunt de acord cu prevederile din <b><a href=\"\/ro\/termeni-si-conditii\/\">Termeni \u0219i Condi\u021bii<\/a><\/b> \u0219i <b><a href=\"\/ro\/politica-de-confidentialitate\/\" target=\"_blank\">Politica de Confiden\u021bialitate<\/a><\/b>.<\/span><\/label><\/span><\/span><\/span>\n<\/p>\n<p><span class=\"wpcf7-form-control-wrap\" data-name=\"mailjet-opt-in\"><span class=\"wpcf7-form-control wpcf7-checkbox\"><span class=\"wpcf7-list-item first last\"><input type=\"checkbox\" name=\"mailjet-opt-in[]\" value=\"Sunt de acord cu utilizarea datelor cu caracter personal \u00een scopuri de marketing de c\u0103tre SMART WAYS DEV APPS SRL.\" \/><span class=\"wpcf7-list-item-label\">Sunt de acord cu utilizarea datelor cu caracter personal \u00een scopuri de marketing de c\u0103tre SMART WAYS DEV APPS SRL.<\/span><\/span><\/span><\/span>\n<\/p>\n<p><input class=\"wpcf7-form-control wpcf7-submit has-spinner\" type=\"submit\" value=\"\u00cencepe turul \u2192\" \/>\n<\/p><p style=\"display: none !important;\" class=\"akismet-fields-container\" data-prefix=\"_wpcf7_ak_\"><label>&#916;<textarea name=\"_wpcf7_ak_hp_textarea\" cols=\"45\" rows=\"8\" maxlength=\"100\"><\/textarea><\/label><input type=\"hidden\" id=\"ak_js_1\" name=\"_wpcf7_ak_js\" value=\"25\"\/><script>document.getElementById( \"ak_js_1\" ).setAttribute( \"value\", ( new Date() ).getTime() );<\/script><\/p><div class=\"wpcf7-response-output\" aria-hidden=\"true\"><\/div>\n<\/form>\n<\/div>\n<\/div>[vc_separator color=&#8221;custom&#8221; accent_color=&#8221;#efefef&#8221; css=&#8221;.vc_custom_1615483885518{padding-top: 10px !important;padding-bottom: 25px !important;}&#8221;][vc_column_text]Toate drepturile rezervate \u00a9 2021 C&amp;C AGERTECH SRL \/ PriceVent. Alte nume de produse \u0219i servicii pot fi m\u0103rci comerciale ale altor companii, \u00eenregistrate \u00een multe jurisdic\u021bii din \u00eentreaga lume.[\/vc_column_text][vc_empty_space height=&#8221;150px&#8221;][\/vc_column][\/vc_row][\/vc_section]<\/p>\n<\/div>","protected":false},"excerpt":{"rendered":"<p>[vc_section full_width=&#8221;stretch_row&#8221; full_height=&#8221;yes&#8221; content_placement=&#8221;middle&#8221; css=&#8221;.vc_custom_1615485541967{padding-right: 50px !important;padding-left: 50px !important;}&#8221;][vc_row full_width=&#8221;stretch_row_content&#8221; full_height=&#8221;yes&#8221; content_placement=&#8221;middle&#8221;][vc_column width=&#8221;2\/3&#8243;][\/vc_column][vc_column width=&#8221;1\/3&#8243; css=&#8221;.vc_custom_1615485619078{border-left-width: 1px !important;padding-right: 100px !important;padding-left: 100px [&hellip;]<\/p>\n","protected":false},"author":1,"featured_media":0,"parent":0,"menu_order":0,"comment_status":"closed","ping_status":"closed","template":"","meta":{"footnotes":""},"class_list":["post-10188","page","type-page","status-publish","hentry"],"_links":{"self":[{"href":"https:\/\/pricevent.com\/ro\/wp-json\/wp\/v2\/pages\/10188","targetHints":{"allow":["GET"]}}],"collection":[{"href":"https:\/\/pricevent.com\/ro\/wp-json\/wp\/v2\/pages"}],"about":[{"href":"https:\/\/pricevent.com\/ro\/wp-json\/wp\/v2\/types\/page"}],"author":[{"embeddable":true,"href":"https:\/\/pricevent.com\/ro\/wp-json\/wp\/v2\/users\/1"}],"replies":[{"embeddable":true,"href":"https:\/\/pricevent.com\/ro\/wp-json\/wp\/v2\/comments?post=10188"}],"version-history":[{"count":13,"href":"https:\/\/pricevent.com\/ro\/wp-json\/wp\/v2\/pages\/10188\/revisions"}],"predecessor-version":[{"id":10190,"href":"https:\/\/pricevent.com\/ro\/wp-json\/wp\/v2\/pages\/10188\/revisions\/10190"}],"wp:attachment":[{"href":"https:\/\/pricevent.com\/ro\/wp-json\/wp\/v2\/media?parent=10188"}],"curies":[{"name":"wp","href":"https:\/\/api.w.org\/{rel}","templated":true}]}}