{"id":122934,"date":"2025-10-23T21:59:59","date_gmt":"2025-10-23T18:59:59","guid":{"rendered":"https:\/\/pricevent.com\/caracteristici\/buy-credits-for-discovery-ai-matching\/"},"modified":"2025-10-27T11:39:24","modified_gmt":"2025-10-27T09:39:24","slug":"comanda-credite","status":"publish","type":"page","link":"https:\/\/pricevent.com\/ro\/caracteristici\/discovery-ai-matching\/comanda-credite\/","title":{"rendered":"Comand\u0103 credite"},"content":{"rendered":"<div class=\"wpb-content-wrapper\"><p>[vc_row full_width=&#8221;stretch_row&#8221; css=&#8221;.vc_custom_1516028031544{padding-top: 100px !important;}&#8221;][vc_column css=&#8221;.vc_custom_1516026285495{padding-right: 0px !important;padding-left: 0px !important;}&#8221;][vc_row_inner][vc_column_inner]<header class=\"kd-section-title col-lg-8 vc_col-sm-8 text-center  kd-animated fadeIn   vc_custom_1761551865749\" data-animation-delay=200><h2 class=\"separator_off\" >Comand\u0103 credite pentru Discovery + AI Matching<\/h2><h6 class=\"subtitle \" >Comand\u0103 exact num\u0103rul de credite de care ai nevoie pentru a-\u021bi alimenta rundele Discovery + AI Matching. Alege-\u021bi pachetul, lanseaz\u0103 c\u0103ut\u0103rile \u0219i deblocheaza competitori noi.<\/h6><\/header>[\/vc_column_inner][\/vc_row_inner][\/vc_column][\/vc_row][vc_row full_width=&#8221;stretch_row&#8221; css=&#8221;.vc_custom_1539081618071{background-color: #f5f5f5 !important;}&#8221;][vc_column css=&#8221;.vc_custom_1516095014613{padding-right: 0px !important;padding-left: 0px !important;}&#8221;][vc_row_inner css=&#8221;.vc_custom_1516095068213{padding-top: 100px !important;padding-bottom: 100px !important;}&#8221;][vc_column_inner width=&#8221;1\/4&#8243; offset=&#8221;vc_hidden-md vc_hidden-sm vc_hidden-xs&#8221;][\/vc_column_inner][vc_column_inner width=&#8221;1\/2&#8243; offset=&#8221;vc_col-lg-6&#8243;][vc_text_separator title=&#8221;COMPLETEAZ\u0102 \u0218I TRIMITE FORMULARUL&#8221;][vc_empty_space]<div class=\"kd-contact-form full-width-cf\" >\n<div class=\"wpcf7 no-js\" id=\"wpcf7-f122949-o1\" lang=\"ro-RO\" dir=\"ltr\">\n<div class=\"screen-reader-response\"><p role=\"status\" aria-live=\"polite\" aria-atomic=\"true\"><\/p> <ul><\/ul><\/div>\n<form action=\"\/ro\/wp-json\/wp\/v2\/pages\/122934#wpcf7-f122949-o1\" method=\"post\" class=\"wpcf7-form init\" aria-label=\"Formular de contact\" novalidate=\"novalidate\" data-status=\"init\">\n<div style=\"display: none;\">\n<input type=\"hidden\" name=\"_wpcf7\" value=\"122949\" \/>\n<input type=\"hidden\" name=\"_wpcf7_version\" value=\"5.8.7\" \/>\n<input type=\"hidden\" name=\"_wpcf7_locale\" value=\"ro_RO\" \/>\n<input type=\"hidden\" name=\"_wpcf7_unit_tag\" value=\"wpcf7-f122949-o1\" \/>\n<input type=\"hidden\" name=\"_wpcf7_container_post\" value=\"0\" \/>\n<input type=\"hidden\" name=\"_wpcf7_posted_data_hash\" value=\"\" \/>\n<input type=\"hidden\" name=\"_wpcf7_recaptcha_response\" value=\"\" \/>\n<\/div>\n<p><span class=\"wpcf7-form-control-wrap\" data-name=\"username\"><input size=\"40\" class=\"wpcf7-form-control wpcf7-text wpcf7-validates-as-required\" aria-required=\"true\" aria-invalid=\"false\" placeholder=\"Username\" value=\"\" type=\"text\" name=\"username\" \/><\/span>\n<\/p>\n<p style=\"font-size:12px;text-transform:uppercase;\">Introdu numele de utilizator pe care \u00eel folose\u0219ti pentru a te conecta la aplica\u021bia PriceVent. Acest lucru ne ajut\u0103 s\u0103 atribuim corect creditele achizi\u021bionate contului t\u0103u.\n<\/p>\n<p><span class=\"wpcf7-form-control-wrap\" data-name=\"credits\"><span class=\"wpcf7-form-control wpcf7-radio\"><span class=\"wpcf7-list-item first\"><label><input type=\"radio\" name=\"credits\" value=\"100 Credite (29 EUR)\" checked=\"checked\" \/><span class=\"wpcf7-list-item-label\">100 Credite (29 EUR)<\/span><\/label><\/span><span class=\"wpcf7-list-item\"><label><input type=\"radio\" name=\"credits\" value=\"1000 Credite (199 EUR)\" \/><span class=\"wpcf7-list-item-label\">1000 Credite (199 EUR)<\/span><\/label><\/span><span class=\"wpcf7-list-item last\"><label><input type=\"radio\" name=\"credits\" value=\"10000 Credite (999 EUR)\" \/><span class=\"wpcf7-list-item-label\">10000 Credite (999 EUR)<\/span><\/label><\/span><\/span><\/span>\n<\/p>\n<p><span class=\"wpcf7-form-control-wrap\" data-name=\"GDPR\"><span class=\"wpcf7-form-control wpcf7-acceptance\"><span class=\"wpcf7-list-item\"><label><input type=\"checkbox\" name=\"GDPR\" value=\"1\" aria-invalid=\"false\" \/><span class=\"wpcf7-list-item-label\">Declar c\u0103 am citit \u0219i sunt de acord cu prevederile din <b><a href=\"\/ro\/termeni-si-conditii\/\">Termeni \u0219i Condi\u021bii<\/a><\/b> \u0219i <b><a href=\"\/ro\/politica-de-confidentialitate\/\" target=\"_blank\">Politica de Confiden\u021bialitate<\/a><\/b>.<\/span><\/label><\/span><\/span><\/span>\n<\/p>\n<p><input class=\"wpcf7-form-control wpcf7-submit has-spinner\" type=\"submit\" value=\"Trimite\" \/>\n<\/p><p style=\"display: none !important;\" class=\"akismet-fields-container\" data-prefix=\"_wpcf7_ak_\"><label>&#916;<textarea name=\"_wpcf7_ak_hp_textarea\" cols=\"45\" rows=\"8\" maxlength=\"100\"><\/textarea><\/label><input type=\"hidden\" id=\"ak_js_1\" name=\"_wpcf7_ak_js\" value=\"203\"\/><script>document.getElementById( \"ak_js_1\" ).setAttribute( \"value\", ( new Date() ).getTime() );<\/script><\/p><div class=\"wpcf7-response-output\" aria-hidden=\"true\"><\/div>\n<\/form>\n<\/div>\n<\/div>[\/vc_column_inner][vc_column_inner width=&#8221;1\/4&#8243; offset=&#8221;vc_hidden-md vc_hidden-sm vc_hidden-xs&#8221;][\/vc_column_inner][\/vc_row_inner][\/vc_column][\/vc_row][vc_row full_width=&#8221;stretch_row&#8221; css=&#8221;.vc_custom_1515751968085{padding-top: 100px !important;}&#8221;][vc_column css=&#8221;.vc_custom_1515752234075{padding-right: 0px !important;padding-left: 0px !important;}&#8221;][vc_row_inner][vc_column_inner]<header class=\"kd-section-title col-lg-8 vc_col-sm-8 text-center  kd-animated fadeIn   vc_custom_1761549084269\" data-animation-delay=200><h2 class=\"separator_off\" >Ai \u00eentreb\u0103ri?<\/h2><h6 class=\"subtitle \" >Afl\u0103 tot ce trebuie s\u0103 \u0219tii despre cum func\u021bioneaz\u0103 Discovery + AI Matching, cui i se adreseaz\u0103, cum se diferen\u021biaz\u0103 de celelalte instrumente PriceVent \u0219i cum po\u021bi \u00eencepe s\u0103-l folose\u0219ti.<\/h6><\/header>[\/vc_column_inner][\/vc_row_inner][vc_row_inner][vc_column_inner][vc_toggle title=&#8221;Ce este Discovery + AI Matching \u0219i cum difer\u0103 de SKU Automatch-ul standard?&#8221; open=&#8221;true&#8221;]<\/p>\n<p class=\"p1\">Discovery + AI Matching este un serviciu avansat, bazat pe credite, care dep\u0103\u0219e\u0219te potrivirea simpl\u0103 dup\u0103 SKU sau titlu. Acest nou modul combin\u0103 c\u0103utare semantic\u0103, interpretare AI \u0219i scoruri de \u00eencredere pentru a g\u0103si produse echivalente chiar \u0219i atunci c\u00e2nd datele sunt incomplete sau denumirile difer\u0103. Ideal pentru cataloage complexe.<\/p>\n<p>[\/vc_toggle][vc_toggle title=&#8221;Cine poate folosi acest serviciu?&#8221;]<\/p>\n<p class=\"p1\">Serviciul este disponibil pentru to\u021bi clien\u021bii <strong>PriceVent<\/strong> cu abonament activ. Este deosebit de util companiilor care gestioneaz\u0103 cataloage extinse de produse, opereaz\u0103 pe mai multe marketplace-uri sau lucreaz\u0103 cu date incomplete ori neuniforme. Indiferent dac\u0103 e\u0219ti retailer, brand sau distribuitor, <span class=\"s1\"><b>Discovery + AI Matching<\/b><\/span> te ajut\u0103 s\u0103 identifici adev\u0103ra\u021bii competitori \u0219i s\u0103 confirmi echivalen\u021ba produselor cu o precizie mult mai mare.<\/p>\n<p>[\/vc_toggle][vc_toggle title=&#8221;C\u00e2t cost\u0103 serviciulDiscovery + AI Matching?&#8221;]<\/p>\n<p class=\"p1\">Serviciul folose\u0219te un model de tarifare bazat pe credite. Po\u021bi achizi\u021biona pachete \u00eencep\u00e2nd de la <span class=\"s1\"><b>100 de credite (25\u20ac)<\/b><\/span>, <span class=\"s1\"><b>1000 de credite (199\u20ac)<\/b><\/span> sau <span class=\"s1\"><b>10000 de credite (999\u20ac)<\/b><\/span>. Fiecare credit este consumat per c\u0103utare, \u00een func\u021bie de modul selectat (dup\u0103 cod, dup\u0103 nume sau ambele). Num\u0103rul de potriviri ob\u021binute per credit poate varia \u00een func\u021bie de rezultate, \u00een cel mai bun caz, p\u00e2n\u0103 la <span class=\"s1\"><b>10 potriviri per c\u0103utare<\/b><\/span>.<\/p>\n<p>[\/vc_toggle][vc_toggle title=&#8221;Cum pot achizi\u021biona credite?&#8221;]<\/p>\n<p class=\"p1\">Po\u021bi comanda credite complet\u00e2nd formularul disponibil <span class=\"s1\"><b>aici<\/b><\/span>. \u00cen cur\u00e2nd, vei putea achizi\u021biona credite direct din aplica\u021bia PriceVent, \u00een sec\u021biunea <span class=\"s1\"><b>\u201eContul meu\u201d<\/b><\/span>.<\/p>\n<p>[\/vc_toggle][vc_toggle title=&#8221;Pot testa Discovery + AI Matching \u00eenainte de a achizi\u021biona un pachet?&#8221;]<\/p>\n<p class=\"p1\">Da. Pentru o perioad\u0103 limitat\u0103, to\u021bi clien\u021bii <strong>PriceVent<\/strong> cu abonament activ pot primi gratuit un pachet de test cu <span class=\"s1\"><b>10 credite<\/b><\/span> pentru a evalua serviciul. Pentru a solicita pachetul de test, contacteaz\u0103 managerul t\u0103u de cont <strong>PriceVent<\/strong>.<\/p>\n<p>[\/vc_toggle][vc_toggle title=&#8221;Creditele achizi\u021bionate pot fi rambursate sau transferate?&#8221;]<\/p>\n<p class=\"p1\">Creditele <strong>nu sunt rambursabile \u0219i nici transferabile<\/strong>, deoarece fiecare achizi\u021bie ofer\u0103 instant acces la infrastructura AI \u0219i la resursele de procesare dedicate contului t\u0103u. Acest lucru garanteaz\u0103 performan\u021b\u0103 constant\u0103, izolare complet\u0103 a datelor \u0219i scalare \u00een timp real pentru fiecare rulare. Creditele r\u0103m\u00e2n valabile p\u00e2n\u0103 la consumarea complet\u0103 \u0219i nu au un termen de expirare.<\/p>\n<p>[\/vc_toggle][vc_empty_space height=&#8221;50&#8243;][\/vc_column_inner][\/vc_row_inner][\/vc_column][\/vc_row]<\/p>\n<\/div>","protected":false},"excerpt":{"rendered":"<p>[vc_row full_width=&#8221;stretch_row&#8221; css=&#8221;.vc_custom_1516028031544{padding-top: 100px !important;}&#8221;][vc_column css=&#8221;.vc_custom_1516026285495{padding-right: 0px !important;padding-left: 0px !important;}&#8221;][vc_row_inner][vc_column_inner][\/vc_column_inner][\/vc_row_inner][\/vc_column][\/vc_row][vc_row full_width=&#8221;stretch_row&#8221; css=&#8221;.vc_custom_1539081618071{background-color: #f5f5f5 !important;}&#8221;][vc_column css=&#8221;.vc_custom_1516095014613{padding-right: 0px !important;padding-left: 0px !important;}&#8221;][vc_row_inner css=&#8221;.vc_custom_1516095068213{padding-top: [&hellip;]<\/p>\n","protected":false},"author":1,"featured_media":0,"parent":122916,"menu_order":0,"comment_status":"closed","ping_status":"closed","template":"","meta":{"footnotes":""},"class_list":["post-122934","page","type-page","status-publish","hentry"],"_links":{"self":[{"href":"https:\/\/pricevent.com\/ro\/wp-json\/wp\/v2\/pages\/122934","targetHints":{"allow":["GET"]}}],"collection":[{"href":"https:\/\/pricevent.com\/ro\/wp-json\/wp\/v2\/pages"}],"about":[{"href":"https:\/\/pricevent.com\/ro\/wp-json\/wp\/v2\/types\/page"}],"author":[{"embeddable":true,"href":"https:\/\/pricevent.com\/ro\/wp-json\/wp\/v2\/users\/1"}],"replies":[{"embeddable":true,"href":"https:\/\/pricevent.com\/ro\/wp-json\/wp\/v2\/comments?post=122934"}],"version-history":[{"count":7,"href":"https:\/\/pricevent.com\/ro\/wp-json\/wp\/v2\/pages\/122934\/revisions"}],"predecessor-version":[{"id":122952,"href":"https:\/\/pricevent.com\/ro\/wp-json\/wp\/v2\/pages\/122934\/revisions\/122952"}],"up":[{"embeddable":true,"href":"https:\/\/pricevent.com\/ro\/wp-json\/wp\/v2\/pages\/122916"}],"wp:attachment":[{"href":"https:\/\/pricevent.com\/ro\/wp-json\/wp\/v2\/media?parent=122934"}],"curies":[{"name":"wp","href":"https:\/\/api.w.org\/{rel}","templated":true}]}}