{"id":26654,"date":"2021-12-21T11:49:15","date_gmt":"2021-12-21T09:49:15","guid":{"rendered":"https:\/\/pricevent.com\/caracteristici\/marketplace-price-monitoring\/"},"modified":"2024-04-01T12:09:59","modified_gmt":"2024-04-01T09:09:59","slug":"monitorizare-preturi-marketplace","status":"publish","type":"page","link":"https:\/\/pricevent.com\/ro\/caracteristici\/monitorizare-preturi-marketplace\/","title":{"rendered":"Monitorizarea pre\u021burilor din platformele de tip Marketplace"},"content":{"rendered":"<div class=\"wpb-content-wrapper\"><p>[vc_row full_width=&#8221;stretch_row&#8221; css=&#8221;.vc_custom_1539776850139{padding-top: 100px !important;padding-bottom: 90px !important;}&#8221;][vc_column css=&#8221;.vc_custom_1541587114185{padding-right: 40px !important;padding-left: 30px !important;}&#8221; offset=&#8221;vc_col-lg-6&#8243;][vc_row_inner][vc_column_inner css=&#8221;.vc_custom_1541587107649{padding-right: 0px !important;padding-left: 0px !important;}&#8221;][vc_empty_space height=&#8221;70px&#8221;][vc_icon type=&#8221;material&#8221; icon_material=&#8221;vc-material vc-material-bubble_chart&#8221; color=&#8221;custom&#8221; size=&#8221;xl&#8221; align=&#8221;right&#8221; custom_color=&#8221;#3a5f96&#8243;]<header class=\"kd-section-title col-lg-12 text-right  kd-animated fadeIn  \" data-animation-delay=200><h2 class=\"separator_off\" style=\"font-size: 25px;\">Extinde capabilit\u0103\u021bile de monitorizare a pre\u021burilor<\/h2><\/header><header class=\"kd-section-title col-lg-12 text-right solid-line sep-border-width-2  kd-animated fadeIn  \" data-animation-delay=200><h2 class=\"separator_on\" >Descoper\u0103 \u0219i reac\u021bioneaz\u0103 eficient la schimb\u0103rile de pre\u021b \u0219i disponibilitatea produselor concuren\u021bilor pentru a \u00ee\u021bi \u00eembun\u0103t\u0103\u021bi pozi\u021bia \u0219i vizibilitatea \u00een Marketplace<\/h2><div class=\"kd-separator below_title\" ><div class=\"kd-separator-line\" ><\/div><\/div><\/header>[\/vc_column_inner][\/vc_row_inner][vc_row_inner css=&#8221;.vc_custom_1539776664384{margin-top: 40px !important;}&#8221;][vc_column_inner width=&#8221;5\/12&#8243; offset=&#8221;vc_hidden-md vc_hidden-sm vc_hidden-xs&#8221;][\/vc_column_inner][vc_column_inner offset=&#8221;vc_col-lg-7&#8243; css=&#8221;.vc_custom_1541587121546{padding-right: 0px !important;}&#8221;][vc_column_text]<\/p>\n<ul>\n<li>Monitorizeaz\u0103 v\u00e2nz\u0103torii din Marketplace<\/li>\n<li>Descoper\u0103 tendin\u021bele<\/li>\n<li>C\u00e2\u0219tig\u0103 prima pozi\u021bie<\/li>\n<\/ul>\n<p>[\/vc_column_text][\/vc_column_inner][\/vc_row_inner][\/vc_column][vc_column css=&#8221;.vc_custom_1541587225605{margin-top: 7px !important;padding-right: 115px !important;padding-left: 30px !important;}&#8221; offset=&#8221;vc_col-lg-6 vc_hidden-md vc_hidden-sm&#8221;][vc_single_image source=&#8221;external_link&#8221; alignment=&#8221;center&#8221; external_style=&#8221;vc_box_shadow&#8221; css_animation=&#8221;fadeIn&#8221; css=&#8221;.vc_custom_1640082976004{margin-bottom: 0px !important;}&#8221; custom_src=&#8221;\/wp-content\/uploads\/2021\/12\/side-section-pv-main-marketplace-monitoring-1.jpg&#8221; el_class=&#8221;kd-large-image&#8221;][\/vc_column][\/vc_row][vc_row full_width=&#8221;stretch_row_content_no_spaces&#8221; css=&#8221;.vc_custom_1539612903211{background-color: #f7f7f7 !important;}&#8221;][vc_column width=&#8221;1\/2&#8243; css=&#8221;.vc_custom_1522316929719{padding-top: 0px !important;}&#8221; offset=&#8221;vc_col-lg-6 vc_col-md-12&#8243;][vc_row_inner css=&#8221;.vc_custom_1539613321875{padding-top: 60px !important;}&#8221;][vc_column_inner width=&#8221;1\/6&#8243; offset=&#8221;vc_hidden-xs&#8221;][\/vc_column_inner][vc_column_inner width=&#8221;2\/3&#8243; offset=&#8221;vc_col-lg-offset-0 vc_col-md-offset-1 vc_col-sm-offset-1&#8243; css=&#8221;.vc_custom_1522316986270{padding-bottom: 50px !important;}&#8221;]<div class=\"key-icon-box icon-default icon-left cont-left ib-hover-2  kd-animated fadeInUp\" style=\"background-color: transparent;\" ><div class=\"ib-wrapper\"><i class=\"iconsmind-Eye-Visible iconsmind-Bodypart\" style=\" \"><\/i> <h6 class=\"service-heading\" >Descoper\u0103 concuren\u021bii<\/h6><p >Afl\u0103 cine sunt concuren\u021bi t\u0103i cine pe baza codului de identificare a produsului (SKU, EAN).<\/p><\/div><\/div><div class=\"key-icon-box icon-default icon-left cont-left ib-hover-2  kd-animated fadeInUp\" style=\"background-color: transparent;\" data-animation-delay=200><div class=\"ib-wrapper\"><i class=\"iconsmind-Euro-Sign2 iconsmind-Business-Finance\" style=\" \"><\/i> <h6 class=\"service-heading\" >Monitorizar\u0103 pre\u021burile<\/h6><p >Descoper\u0103 pre\u021burile la care concuren\u021bii t\u0103i \u00ee\u0219i v\u00e2nd produsele, vezi diferen\u021bele \u0219i urm\u0103re\u0219te cu u\u0219urin\u021b\u0103 mi\u0219c\u0103rile lor.<\/p><\/div><\/div><div class=\"key-icon-box icon-default icon-left cont-left ib-hover-2  kd-animated fadeInUp\" style=\"background-color: transparent;\" data-animation-delay=400><div class=\"ib-wrapper\"><i class=\"iconsmind-Box-Close iconsmind-Folders-Class\" style=\" \"><\/i> <h6 class=\"service-heading\" >Monitorizarea stocurilor<\/h6><p >Urm\u0103re\u0219te disponibilitatea stocurilor concuren\u021bilor \u0219i actualizeaz\u0103-\u021bi pre\u021burile atunci c\u00e2nd ace\u0219tia r\u0103m\u00e2n f\u0103r\u0103 stoc.<\/p><\/div><\/div>[\/vc_column_inner][vc_column_inner width=&#8221;1\/6&#8243;][\/vc_column_inner][\/vc_row_inner][\/vc_column][vc_column width=&#8221;1\/2&#8243; offset=&#8221;vc_col-lg-6 vc_col-md-12&#8243;][vc_row_inner css=&#8221;.vc_custom_1640098051095{padding-top: 200px !important;padding-bottom: 236px !important;background-image: url(https:\/\/pricevent.com\/wp-content\/uploads\/2021\/12\/side-marketplace-monitoring-1-1.jpg?id=26563) !important;background-position: center !important;background-repeat: no-repeat !important;background-size: cover !important;}&#8221;][vc_column_inner css=&#8221;.vc_custom_1511789291663{padding-top: 0px !important;padding-bottom: 0px !important;}&#8221;][vc_empty_space height=&#8221;200px&#8221;][\/vc_column_inner][\/vc_row_inner][\/vc_column][\/vc_row][vc_row full_width=&#8221;stretch_row_content_no_spaces&#8221; css=&#8221;.vc_custom_1539612903211{background-color: #f7f7f7 !important;}&#8221;][vc_column width=&#8221;1\/2&#8243; css=&#8221;.vc_custom_1522316929719{padding-top: 0px !important;}&#8221; offset=&#8221;vc_col-lg-6 vc_col-md-12&#8243;][vc_row_inner css=&#8221;.vc_custom_1640098353356{padding-top: 200px !important;padding-bottom: 236px !important;background-image: url(https:\/\/pricevent.com\/wp-content\/uploads\/2021\/12\/side-marketplace-monitoring-2.jpg?id=26566) !important;background-position: center !important;background-repeat: no-repeat !important;background-size: cover !important;}&#8221;][vc_column_inner css=&#8221;.vc_custom_1511789291663{padding-top: 0px !important;padding-bottom: 0px !important;}&#8221;][vc_empty_space height=&#8221;200px&#8221;][\/vc_column_inner][\/vc_row_inner][\/vc_column][vc_column width=&#8221;1\/2&#8243; offset=&#8221;vc_col-lg-6 vc_col-md-12&#8243;][vc_row_inner css=&#8221;.vc_custom_1539613321875{padding-top: 60px !important;}&#8221;][vc_column_inner width=&#8221;1\/6&#8243; offset=&#8221;vc_hidden-xs&#8221;][\/vc_column_inner][vc_column_inner width=&#8221;2\/3&#8243; offset=&#8221;vc_col-lg-offset-0 vc_col-md-offset-1 vc_col-sm-offset-1&#8243; css=&#8221;.vc_custom_1522316986270{padding-bottom: 50px !important;}&#8221;]<div class=\"key-icon-box icon-default icon-left cont-left ib-hover-2  kd-animated fadeInUp\" style=\"background-color: transparent;\" data-animation-delay=200><div class=\"ib-wrapper\"><i class=\"iconsmind-Clock-Back iconsmind-Time\" style=\" \"><\/i> <h6 class=\"service-heading\" >Istoricul pre\u021burilor<\/h6><p >Acceseaz\u0103 informa\u021biile istorice privind pre\u021burile pentru fiecare produs pentru a observa \u0219i \u00een\u021belege tendin\u021bele pre\u021burilor \u0219i modelele utilizate de concuren\u021bii t\u0103i.<\/p><\/div><\/div><div class=\"key-icon-box icon-default icon-left cont-left ib-hover-2  kd-animated fadeInUp\" style=\"background-color: transparent;\" data-animation-delay=400><div class=\"ib-wrapper\"><i class=\"iconsmind-File-Pie iconsmind-Files-Class\" style=\" \"><\/i> <h6 class=\"service-heading\" >Raportare<\/h6><p >Configureaz\u0103 \u0219i prime\u0219te rapoarte detaliate care te vor ajuta s\u0103 identifici oportunit\u0103\u021bi de \u00eembun\u0103\u021bire a marjei de profit.<\/p><\/div><\/div><div class=\"key-icon-box icon-default icon-left cont-left ib-hover-2  kd-animated fadeInUp\" style=\"background-color: transparent;\" ><div class=\"ib-wrapper\"><i class=\"iconsmind-Arrow-Around iconsmind-Arrow-View\" style=\" \"><\/i> <h6 class=\"service-heading\" >Integrare avansat\u0103<\/h6><p >Treci la nivelul urm\u0103tor cu Addon-ul de pre\u021buri dinamice pentru a r\u0103spunde automat la mi\u0219c\u0103rile pre\u021burilor concuren\u021bilor.<\/p><\/div><\/div>[\/vc_column_inner][vc_column_inner width=&#8221;1\/6&#8243;][\/vc_column_inner][\/vc_row_inner][\/vc_column][\/vc_row][vc_row full_width=&#8221;stretch_row&#8221; css=&#8221;.vc_custom_1602192419407{margin-top: 100px !important;}&#8221;][vc_column css=&#8221;.vc_custom_1515687105834{padding-right: 0px !important;padding-left: 0px !important;}&#8221;]<header class=\"kd-section-title vc_col-lg-6 vc_col-sm-8 text-center     vc_custom_1640125279545\" ><h2 class=\"separator_off\" >Iat\u0103 ce st\u0103 la baza celei mai puternice solu\u021bii de monitorizare a pre\u021burilor<\/h2><h6 class=\"subtitle \" >Exploreaz\u0103 \u00een detaliu func\u021bionalit\u0103\u021bile \u0219i afl\u0103 mai multe despre ceea \u00ee\u021bi ofer\u0103 PriceVent.<\/h6><\/header>[vc_row_inner css=&#8221;.vc_custom_1603830410707{padding-top: 50px !important;padding-bottom: 70px !important;}&#8221;][vc_column_inner width=&#8221;1\/4&#8243;]<div class=\"key-icon-box icon-default icon-top cont-left ib-hover-2  kd-animated fadeInUp\" style=\"background-color: transparent;\" data-animation-delay=200><a href=\"\/ro\/caracteristici\/modul-de-analiza\/\" target=\"\"><div class=\"ib-wrapper\"><i class=\"iconsmind-Pie-Chart2 iconsmind-Business-Finance\" style=\" \"><\/i> <h5 class=\"service-heading\" >Modul de analiz\u0103<\/h5><\/div><\/a><\/div>[\/vc_column_inner][vc_column_inner width=&#8221;1\/4&#8243;]<div class=\"key-icon-box icon-default icon-top cont-left ib-hover-2  kd-animated fadeInUp\" style=\"background-color: transparent;\" data-animation-delay=400><a href=\"\/ro\/caracteristici\/gestionarea-datelor\/\" target=\"\"><div class=\"ib-wrapper\"><i class=\"iconsmind-Check iconsmind-Interface\" style=\" \"><\/i> <h5 class=\"service-heading\" >Gestionarea datelor<\/h5><\/div><\/a><\/div>[\/vc_column_inner][vc_column_inner width=&#8221;1\/4&#8243;]<div class=\"key-icon-box icon-default icon-top cont-left ib-hover-2  kd-animated fadeInUp\" style=\"background-color: transparent;\" data-animation-delay=600><a href=\"\/ro\/caracteristici\/rapoarte-si-notificari\/\" target=\"\"><div class=\"ib-wrapper\"><i class=\"iconsmind-File-Chart iconsmind-Files-Class\" style=\" \"><\/i> <h5 class=\"service-heading\" >Raportare<\/h5><\/div><\/a><\/div>[\/vc_column_inner][vc_column_inner width=&#8221;1\/4&#8243;]<div class=\"key-icon-box icon-default icon-top cont-left ib-hover-2  kd-animated fadeInUp\" style=\"background-color: transparent;\" data-animation-delay=600><a href=\"\/ro\/caracteristici\/preturi-dinamice\/\" target=\"\"><div class=\"ib-wrapper\"><i class=\"iconsmind-Double-Circle iconsmind-Arrow-View\" style=\" \"><\/i> <h5 class=\"service-heading\" >Pre\u021buri dinamice<\/h5><\/div><\/a><\/div>[\/vc_column_inner][\/vc_row_inner][\/vc_column][\/vc_row][vc_row full_width=&#8221;stretch_row&#8221; css=&#8221;.vc_custom_1600974993235{border-bottom-width: 1px !important;background-color: #000000 !important;border-bottom-color: #383838 !important;border-bottom-style: solid !important;}&#8221;][vc_column][vc_row_inner css=&#8221;.vc_custom_1536243977243{padding-top: 100px !important;}&#8221;][vc_column_inner width=&#8221;1\/6&#8243; offset=&#8221;vc_hidden-xs&#8221;][\/vc_column_inner][vc_column_inner width=&#8221;2\/3&#8243;]<header class=\"kd-section-title col-lg-12 text-center  kd-animated fadeIn  \" data-animation-delay=200><h2 class=\"separator_off\" style=\"color: #ffffff;font-size: 40px;\">Descoper\u0103 pre\u021bul corect pentru a vinde mai mult!<\/h2><h6 class=\"subtitle \" >Completeaz\u0103 formularul cu informa\u021biile tale personale \u0219i las\u0103-ne s\u0103 te ajut\u0103m s\u0103 ob\u021bii pre\u021bul perfect!<\/h6><\/header>[vc_empty_space height=&#8221;15px&#8221;]<a  class=\"tt_button tt_primary_button btn_primary_color  button-center panel-trigger-btn  kd-animated zoomIn\" data-animation-delay=200><span class=\"prim_text\">\u00cencearc\u0103 gratuit<\/span><\/a>[\/vc_column_inner][vc_column_inner width=&#8221;1\/6&#8243; offset=&#8221;vc_hidden-xs&#8221;][\/vc_column_inner][\/vc_row_inner][vc_empty_space height=&#8221;95px&#8221;][\/vc_column][\/vc_row]<\/p>\n<\/div>","protected":false},"excerpt":{"rendered":"<p>[vc_row full_width=&#8221;stretch_row&#8221; css=&#8221;.vc_custom_1539776850139{padding-top: 100px !important;padding-bottom: 90px !important;}&#8221;][vc_column css=&#8221;.vc_custom_1541587114185{padding-right: 40px !important;padding-left: 30px !important;}&#8221; offset=&#8221;vc_col-lg-6&#8243;][vc_row_inner][vc_column_inner css=&#8221;.vc_custom_1541587107649{padding-right: 0px !important;padding-left: 0px !important;}&#8221;][vc_empty_space height=&#8221;70px&#8221;][vc_icon type=&#8221;material&#8221; [&hellip;]<\/p>\n","protected":false},"author":1,"featured_media":0,"parent":8890,"menu_order":0,"comment_status":"closed","ping_status":"closed","template":"","meta":{"footnotes":""},"class_list":["post-26654","page","type-page","status-publish","hentry"],"_links":{"self":[{"href":"https:\/\/pricevent.com\/ro\/wp-json\/wp\/v2\/pages\/26654","targetHints":{"allow":["GET"]}}],"collection":[{"href":"https:\/\/pricevent.com\/ro\/wp-json\/wp\/v2\/pages"}],"about":[{"href":"https:\/\/pricevent.com\/ro\/wp-json\/wp\/v2\/types\/page"}],"author":[{"embeddable":true,"href":"https:\/\/pricevent.com\/ro\/wp-json\/wp\/v2\/users\/1"}],"replies":[{"embeddable":true,"href":"https:\/\/pricevent.com\/ro\/wp-json\/wp\/v2\/comments?post=26654"}],"version-history":[{"count":12,"href":"https:\/\/pricevent.com\/ro\/wp-json\/wp\/v2\/pages\/26654\/revisions"}],"predecessor-version":[{"id":93914,"href":"https:\/\/pricevent.com\/ro\/wp-json\/wp\/v2\/pages\/26654\/revisions\/93914"}],"up":[{"embeddable":true,"href":"https:\/\/pricevent.com\/ro\/wp-json\/wp\/v2\/pages\/8890"}],"wp:attachment":[{"href":"https:\/\/pricevent.com\/ro\/wp-json\/wp\/v2\/media?parent=26654"}],"curies":[{"name":"wp","href":"https:\/\/api.w.org\/{rel}","templated":true}]}}