{"id":51675,"date":"2023-01-18T13:11:26","date_gmt":"2023-01-18T11:11:26","guid":{"rendered":"https:\/\/pricevent.com\/?page_id=51675"},"modified":"2023-02-02T13:42:19","modified_gmt":"2023-02-02T11:42:19","slug":"buybox","status":"publish","type":"page","link":"https:\/\/pricevent.com\/ro\/buybox\/","title":{"rendered":"\u00cencearc\u0103 BuyBox pentru 5 zile complet gratuit!"},"content":{"rendered":"<div class=\"wpb-content-wrapper\"><p>[vc_row full_width=&#8221;stretch_row&#8221; content_placement=&#8221;middle&#8221; css=&#8221;.vc_custom_1664460282569{padding-top: 70px !important;background-color: #f7f8f9 !important;}&#8221;][vc_column css=&#8221;.vc_custom_1516095762744{padding-right: 0px !important;padding-left: 0px !important;}&#8221;][vc_row_inner css=&#8221;.vc_custom_1556019928500{padding-bottom: 73px !important;}&#8221;][vc_column_inner width=&#8221;1\/2&#8243; css=&#8221;.vc_custom_1664456869804{border-right-width: 1px !important;padding-top: 30px !important;padding-right: 70px !important;padding-left: 100px !important;border-right-color: #e8e8e8 !important;border-right-style: solid !important;}&#8221;]<header class=\"kd-section-title col-lg-12 text-left    \" ><h2 class=\"separator_off\" style=\"font-size: 55px;\">Bine ai revenit, s\u0103 \u00eencepem!<\/h2><h6 class=\"subtitle \" >Pentru a solicita o versiune de evaluare gratuit\u0103 pentru 5 zile te invit\u0103m s\u0103 completezi formularul al\u0103turat.<\/h6><\/header>[vc_separator color=&#8221;custom&#8221; accent_color=&#8221;#e8e8e8&#8243; css=&#8221;.vc_custom_1615206356322{padding-bottom: 35px !important;}&#8221;]<div class=\"key-icon-box icon-default icon-top cont-left ib-no-effect  kd-animated fadeInUp\" style=\"background-color: transparent;\" ><i class=\"iconsmind-Timer iconsmind-Photos-Class\" style=\" \"><\/i> <h5 class=\"service-heading\" >\u00cembarcare rapid\u0103<\/h5><p >Punem solu\u021bia \u00een func\u021biune pentru tine \u00een maximum 24 de ore.<\/p><\/div>[vc_empty_space height=&#8221;15px&#8221;]<div class=\"key-icon-box icon-default icon-top cont-left ib-no-effect  kd-animated fadeInUp\" style=\"background-color: transparent;\" ><i class=\"iconsmind-Yes iconsmind-Interface\" style=\" \"><\/i> <h5 class=\"service-heading\" >Experien\u021b\u0103 complet\u0103<\/h5><p >Ai acces la toate func\u021bionalit\u0103\u021bile BuyBox!<\/p><\/div>[vc_empty_space height=&#8221;15px&#8221;]<div class=\"key-icon-box icon-default icon-top cont-left ib-no-effect  kd-animated fadeInUp\" style=\"background-color: transparent;\" ><i class=\"iconsmind-Like iconsmind-Social-Media\" style=\" \"><\/i> <h5 class=\"service-heading\" >Zero angajamente<\/h5><p >Nu este necesar card de credit pentru perioada de \u00eencercare gratuit\u0103.<\/p><\/div>[vc_raw_html]JTNDaHIlM0UlMEElM0NkaXYlMjBjbGFzcyUzRCUyMnRpcCUyMiUzRSUwQSUzQ2gzJTNFSW1wYWN0dWwlMjBQcmljZVZlbnQlM0YlM0MlMkZoMyUzRSUwQSUwQSUzQ2g0JTNFTWF4aW1peiVDMyVBMm5kJTIwY2FwYWNpdCVDNCU4MyVDOCU5QmlsZSUyMFByaWNlVmVudCUyQyUyMGNsaWVuJUM4JTlCaWklMjBvYiVDOCU5QmluJTIwbyUyMCVDMyVBRW1idW4lQzQlODN0JUM0JTgzJUM4JTlCaXJlJTIwY3UlMjAxMCUyMHAlQzMlQTJuJUM0JTgzJTIwbGElMjAyMCUyNSUyMGElMjB2b2x1bXVsdWklMjBkZSUyMHYlQzMlQTJueiVDNCU4M3JpJTJDJTIwbWFyamUlMjAlQzMlQUVtYnVuJUM0JTgzdCVDNCU4MyVDOCU5Qml0ZSUyMCUyOHAlQzMlQTJuJUM0JTgzJTIwbGElMjBjaW5jaSUyMHB1bmN0ZSUyMHByb2NlbnR1YWxlJTI5JTJDJTIwdmVuaXR1cmklMjBjcmVzY3V0ZSUyMCUyODUlMjBwJUMzJUEybiVDNCU4MyUyMGxhJTIwMTUlMjUlMjklMjAlQzglOTlpJTIwbyUyMHNjJUM0JTgzZGVyZSUyMGN1JTIwcCVDMyVBMm4lQzQlODMlMjBsYSUyMDkwJTI1JTIwYSUyMHRpbXB1bHVpJTIwcGV0cmVjdXQlMjBjdSUyMG1vbml0b3JpemFyZWElMjBwcmUlQzglOUJ1cmlsb3IlMjBjb25jdXJlbiVDOCU5Qmlsb3IuJTNDJTJGaDQlM0UlMEElM0NwJTNFJUMyJUI5JTIwZXhwZXJpZW4lQzglOUIlQzQlODMlMjAlQzglOTlpJTIwcmV6dWx0YXRlJTIwY2xpZW50JTIwUHJpY2VWZW50LiUzQ3AlM0UlMEElM0MlMkZkaXYlM0U=[\/vc_raw_html][\/vc_column_inner][vc_column_inner width=&#8221;1\/2&#8243; css=&#8221;.vc_custom_1515497653772{padding-right: 80px !important;padding-left: 50px !important;}&#8221;][vc_empty_space]<div class=\"kd-contact-form full-width-cf white-input-bg\" >\n<div class=\"wpcf7 no-js\" id=\"wpcf7-f51678-o1\" lang=\"ro-RO\" dir=\"ltr\">\n<div class=\"screen-reader-response\"><p role=\"status\" aria-live=\"polite\" aria-atomic=\"true\"><\/p> <ul><\/ul><\/div>\n<form action=\"\/ro\/wp-json\/wp\/v2\/pages\/51675#wpcf7-f51678-o1\" method=\"post\" class=\"wpcf7-form init\" aria-label=\"Formular de contact\" novalidate=\"novalidate\" data-status=\"init\">\n<div style=\"display: none;\">\n<input type=\"hidden\" name=\"_wpcf7\" value=\"51678\" \/>\n<input type=\"hidden\" name=\"_wpcf7_version\" value=\"5.8.7\" \/>\n<input type=\"hidden\" name=\"_wpcf7_locale\" value=\"ro_RO\" \/>\n<input type=\"hidden\" name=\"_wpcf7_unit_tag\" value=\"wpcf7-f51678-o1\" \/>\n<input type=\"hidden\" name=\"_wpcf7_container_post\" value=\"0\" \/>\n<input type=\"hidden\" name=\"_wpcf7_posted_data_hash\" value=\"\" \/>\n<input type=\"hidden\" name=\"_wpcf7_recaptcha_response\" value=\"\" \/>\n<\/div>\n<h2>\u00cent\u00e2i de toate, ajut\u0103-ne s\u0103 te cunoa\u0219tem mai bine.\n<\/h2>\n<p><span class=\"wpcf7-form-control-wrap\" data-name=\"your-website\"><input size=\"40\" class=\"wpcf7-form-control wpcf7-text wpcf7-validates-as-required\" aria-required=\"true\" aria-invalid=\"false\" placeholder=\"Adresa magazinului online sau website-ul t\u0103u\" value=\"\" type=\"text\" name=\"your-website\" \/><\/span>\n<\/p>\n<hr \/>\n<h3>Cum te putem contacta?\n<\/h3>\n<p><span class=\"wpcf7-form-control-wrap\" data-name=\"first-name\"><input size=\"40\" class=\"wpcf7-form-control wpcf7-text\" aria-invalid=\"false\" placeholder=\"Prenume\" value=\"\" type=\"text\" name=\"first-name\" \/><\/span>\n<\/p>\n<p><span class=\"wpcf7-form-control-wrap\" data-name=\"last-name\"><input size=\"40\" class=\"wpcf7-form-control wpcf7-text\" aria-invalid=\"false\" placeholder=\"Nume\" value=\"\" type=\"text\" name=\"last-name\" \/><\/span>\n<\/p>\n<p><span class=\"wpcf7-form-control-wrap\" data-name=\"your-email\"><input size=\"40\" class=\"wpcf7-form-control wpcf7-text\" aria-invalid=\"false\" placeholder=\"Adres\u0103 de email\" value=\"\" type=\"text\" name=\"your-email\" \/><\/span>\n<\/p>\n<p><span class=\"wpcf7-form-control-wrap\" data-name=\"your-mobile\"><input size=\"40\" class=\"wpcf7-form-control wpcf7-tel wpcf7-validates-as-required wpcf7-text wpcf7-validates-as-tel\" aria-required=\"true\" aria-invalid=\"false\" placeholder=\"Mobil\" value=\"\" type=\"tel\" name=\"your-mobile\" \/><\/span>\n<\/p>\n<p><span class=\"wpcf7-form-control-wrap\" data-name=\"your-company\"><input size=\"40\" class=\"wpcf7-form-control wpcf7-text wpcf7-validates-as-required\" aria-required=\"true\" aria-invalid=\"false\" placeholder=\"Companie\" value=\"\" type=\"text\" name=\"your-company\" \/><\/span>\n<\/p>\n<p><span class=\"wpcf7-form-control-wrap\" data-name=\"your-position\"><input size=\"40\" class=\"wpcf7-form-control wpcf7-text wpcf7-validates-as-required\" aria-required=\"true\" aria-invalid=\"false\" placeholder=\"Func\u021bie\" value=\"\" type=\"text\" name=\"your-position\" \/><\/span>\n<\/p>\n<p><span class=\"wpcf7-form-control-wrap\" data-name=\"GDPR\"><span class=\"wpcf7-form-control wpcf7-acceptance\"><span class=\"wpcf7-list-item\"><label><input type=\"checkbox\" name=\"GDPR\" value=\"1\" aria-invalid=\"false\" \/><span class=\"wpcf7-list-item-label\">Declar c\u0103 am citit \u0219i sunt de acord cu prevederile din <b><a href=\"\/ro\/termeni-si-conditii\/\">Termeni \u0219i Condi\u021bii<\/a><\/b> \u0219i <b><a href=\"\/ro\/politica-de-confidentialitate\/\" target=\"_blank\">Politica de Confiden\u021bialitate<\/a><\/b>.<\/span><\/label><\/span><\/span><\/span>\n<\/p>\n<p><span class=\"wpcf7-form-control-wrap\" data-name=\"mailjet-opt-in\"><span class=\"wpcf7-form-control wpcf7-checkbox\"><span class=\"wpcf7-list-item first last\"><input type=\"checkbox\" name=\"mailjet-opt-in[]\" value=\"Sunt de acord cu utilizarea datelor cu caracter personal \u00een scopuri de marketing de c\u0103tre SMART WAYS DEV APPS SRL.\" \/><span class=\"wpcf7-list-item-label\">Sunt de acord cu utilizarea datelor cu caracter personal \u00een scopuri de marketing de c\u0103tre SMART WAYS DEV APPS SRL.<\/span><\/span><\/span><\/span>\n<\/p>\n<p><input class=\"wpcf7-form-control wpcf7-submit has-spinner\" type=\"submit\" value=\"Trimite\" \/>\n<\/p><p style=\"display: none !important;\" class=\"akismet-fields-container\" data-prefix=\"_wpcf7_ak_\"><label>&#916;<textarea name=\"_wpcf7_ak_hp_textarea\" cols=\"45\" rows=\"8\" maxlength=\"100\"><\/textarea><\/label><input type=\"hidden\" id=\"ak_js_1\" name=\"_wpcf7_ak_js\" value=\"129\"\/><script>document.getElementById( \"ak_js_1\" ).setAttribute( \"value\", ( new Date() ).getTime() );<\/script><\/p><div class=\"wpcf7-response-output\" aria-hidden=\"true\"><\/div>\n<\/form>\n<\/div>\n<\/div>[\/vc_column_inner][\/vc_row_inner][vc_separator color=&#8221;custom&#8221; accent_color=&#8221;#e8e8e8&#8243; css=&#8221;.vc_custom_1626210261004{padding-bottom: 1px !important;}&#8221;][\/vc_column][\/vc_row][vc_row full_width=&#8221;stretch_row&#8221; css=&#8221;.vc_custom_1664461733394{background-color: #f7f8f9 !important;}&#8221;][vc_column][vc_empty_space height=&#8221;55px&#8221;]<header class=\"kd-section-title col-lg-8 vc_col-sm-8 text-center    \" ><h2 class=\"separator_off\" >Clien\u021bii no\u0219tri depind de noi,<br \/>\niar noi livr\u0103m<\/h2><h6 class=\"subtitle \" >Suntem parteneri de \u00eencredere pentru lideri de categorii \u0219i industrii<\/h6><\/header>[\/vc_column][\/vc_row][vc_row full_width=&#8221;stretch_row&#8221; css=&#8221;.vc_custom_1664461716844{background-color: #f7f8f9 !important;}&#8221;][vc_column][vc_row_inner css=&#8221;.vc_custom_1538394576938{margin-right: 100px !important;margin-left: 100px !important;padding-top: 100px !important;}&#8221;][vc_column_inner width=&#8221;1\/3&#8243; css=&#8221;.vc_custom_1513266911032{border-right-width: 1px !important;padding-top: 40px !important;padding-bottom: 40px !important;border-right-color: rgba(0,0,0,0.08) !important;border-right-style: solid !important;}&#8221;][vc_single_image image=&#8221;40361&#8243; img_size=&#8221;full&#8221; alignment=&#8221;center&#8221;][\/vc_column_inner][vc_column_inner width=&#8221;1\/3&#8243; css=&#8221;.vc_custom_1513266915614{border-right-width: 1px !important;padding-top: 40px !important;padding-bottom: 40px !important;border-right-color: rgba(0,0,0,0.08) !important;border-right-style: solid !important;}&#8221;][vc_single_image image=&#8221;40355&#8243; img_size=&#8221;full&#8221; alignment=&#8221;center&#8221;][\/vc_column_inner][vc_column_inner width=&#8221;1\/3&#8243; css=&#8221;.vc_custom_1538394476816{padding-top: 40px !important;padding-bottom: 40px !important;}&#8221;][vc_single_image image=&#8221;40363&#8243; img_size=&#8221;full&#8221; alignment=&#8221;center&#8221;][\/vc_column_inner][\/vc_row_inner][vc_row_inner css=&#8221;.vc_custom_1664463225797{margin-right: 100px !important;margin-left: 100px !important;border-top-width: 1px !important;border-top-color: rgba(10,10,10,0.07) !important;border-top-style: solid !important;}&#8221;][vc_column_inner width=&#8221;1\/3&#8243; css=&#8221;.vc_custom_1513266931994{border-right-width: 1px !important;padding-top: 40px !important;padding-bottom: 40px !important;border-right-color: rgba(0,0,0,0.08) !important;border-right-style: solid !important;}&#8221;][vc_single_image image=&#8221;40353&#8243; img_size=&#8221;full&#8221; alignment=&#8221;center&#8221;][\/vc_column_inner][vc_column_inner width=&#8221;1\/3&#8243; css=&#8221;.vc_custom_1513266936444{border-right-width: 1px !important;padding-top: 40px !important;padding-bottom: 40px !important;border-right-color: rgba(0,0,0,0.08) !important;border-right-style: solid !important;}&#8221;][vc_single_image image=&#8221;40357&#8243; img_size=&#8221;full&#8221; alignment=&#8221;center&#8221;][\/vc_column_inner][vc_column_inner width=&#8221;1\/3&#8243; css=&#8221;.vc_custom_1538394481440{padding-top: 40px !important;padding-bottom: 40px !important;}&#8221;][vc_single_image image=&#8221;40359&#8243; img_size=&#8221;full&#8221; alignment=&#8221;center&#8221;][\/vc_column_inner][\/vc_row_inner][vc_row_inner css=&#8221;.vc_custom_1538394581753{margin-right: 100px !important;margin-bottom: 100px !important;margin-left: 100px !important;border-top-width: 1px !important;border-top-color: rgba(10,10,10,0.07) !important;border-top-style: solid !important;}&#8221;][vc_column_inner width=&#8221;1\/3&#8243; css=&#8221;.vc_custom_1513266931994{border-right-width: 1px !important;padding-top: 40px !important;padding-bottom: 40px !important;border-right-color: rgba(0,0,0,0.08) !important;border-right-style: solid !important;}&#8221;][vc_single_image image=&#8221;40367&#8243; img_size=&#8221;full&#8221; alignment=&#8221;center&#8221;][\/vc_column_inner][vc_column_inner width=&#8221;1\/3&#8243; css=&#8221;.vc_custom_1513266936444{border-right-width: 1px !important;padding-top: 40px !important;padding-bottom: 40px !important;border-right-color: rgba(0,0,0,0.08) !important;border-right-style: solid !important;}&#8221;][vc_single_image image=&#8221;40369&#8243; img_size=&#8221;full&#8221; alignment=&#8221;center&#8221;][\/vc_column_inner][vc_column_inner width=&#8221;1\/3&#8243; css=&#8221;.vc_custom_1538394481440{padding-top: 40px !important;padding-bottom: 40px !important;}&#8221;][vc_single_image image=&#8221;40371&#8243; img_size=&#8221;full&#8221; alignment=&#8221;center&#8221;][\/vc_column_inner][\/vc_row_inner][vc_separator color=&#8221;custom&#8221; accent_color=&#8221;#e8e8e8&#8243; css=&#8221;.vc_custom_1626210261004{padding-bottom: 1px !important;}&#8221;][\/vc_column][\/vc_row][vc_section full_width=&#8221;stretch_row&#8221; css=&#8221;.vc_custom_1626210477235{background-color: #f7f8f9 !important;}&#8221;][vc_row full_width=&#8221;stretch_row_content&#8221; css=&#8221;.vc_custom_1626210575632{padding-top: 60px !important;padding-bottom: 50px !important;background-color: #f7f8f9 !important;background-position: 0 0 !important;background-repeat: no-repeat !important;}&#8221; el_class=&#8221;background-right&#8221;][vc_column width=&#8221;1\/4&#8243; css=&#8221;.vc_custom_1516029195606{padding-right: 0px !important;padding-left: 0px !important;}&#8221;][vc_empty_space][\/vc_column][vc_column width=&#8221;1\/2&#8243;]<header class=\"kd-section-title col-lg-12 text-center    \" ><h2 class=\"separator_off\" style=\"font-size: 40px;\">Companii mici, mijlocii \u0219i mari din \u00eentreaga lume folosesc PriceVent pentru monitorizarea pre\u021burilor concuren\u021bilor.<\/h2><\/header>[vc_raw_html]JTNDaDUlMjBzdHlsZSUzRCUyMnRleHQtYWxpZ24lM0ElMjBjZW50ZXIlM0IlMjIlM0VQcmljZVZlbnQlMjBlc3RlJTIwdXRpbGl6YXQlMjBwZW50cnUlMjBtb25pdG9yaXphcmVhJTIwcHJlJUM4JTlCdXJpbG9yJTIwJUMzJUFFbiUyMCU1Qmdlb2lwX2RldGVjdDIlMjBwcm9wZXJ0eSUzRCUyMmNvdW50cnkubmFtZSUyMiUyMGRlZmF1bHQlM0QlMjIlMjh5b3VyJTIwY29udHJ5JTI5JTIyJTIwbGFuZyUzRCUyMmVuJTIyJTVEJTIwcHJlY3VtJTIwJUM4JTk5aSUyMCVDMyVBRW4lMjBhbHRlJTIwMTk0JTIwZGUlMjAlQzglOUIlQzQlODNyaS4lM0MlMkZoNSUzRSUwQSUyNm5ic3AlM0IlMEElMEElM0NjZW50ZXIlM0UlM0NpbWclMjBzcmMlM0QlMjJodHRwcyUzQSUyRiUyRnByaWNldmVudC5jb20lMkZ3cC1jb250ZW50JTJGdXBsb2FkcyUyRjIwMjElMkYwMSUyRnVuaXRlZC1zdGF0ZXMucG5nJTIyJTIwYWx0JTNEJTIyJTIyJTIwd2lkdGglM0QlMjIzMiUyMiUyMGhlaWdodCUzRCUyMjMyJTIyJTIwJTJGJTNFJTIwJTNDaW1nJTIwc3JjJTNEJTIyaHR0cHMlM0ElMkYlMkZwcmljZXZlbnQuY29tJTJGd3AtY29udGVudCUyRnVwbG9hZHMlMkYyMDIxJTJGMDElMkZ1bml0ZWQta2luZ2RvbS5wbmclMjIlMjBhbHQlM0QlMjIlMjIlMjB3aWR0aCUzRCUyMjMyJTIyJTIwaGVpZ2h0JTNEJTIyMzIlMjIlMjAlMkYlM0UlMjAlM0NpbWclMjBzcmMlM0QlMjJodHRwcyUzQSUyRiUyRnByaWNldmVudC5jb20lMkZ3cC1jb250ZW50JTJGdXBsb2FkcyUyRjIwMjElMkYwMSUyRmV1cm9wZWFuLXVuaW9uLnBuZyUyMiUyMGFsdCUzRCUyMiUyMiUyMHdpZHRoJTNEJTIyMzIlMjIlMjBoZWlnaHQlM0QlMjIzMiUyMiUyMCUyRiUzRSVDMiVBMCUyMCUzQ2ltZyUyMHNyYyUzRCUyMmh0dHBzJTNBJTJGJTJGcHJpY2V2ZW50LmNvbSUyRndwLWNvbnRlbnQlMkZ1cGxvYWRzJTJGMjAyMSUyRjAxJTJGY2FuYWRhLnBuZyUyMiUyMGFsdCUzRCUyMiUyMiUyMHdpZHRoJTNEJTIyMzIlMjIlMjBoZWlnaHQlM0QlMjIzMiUyMiUyMCUyRiUzRSVDMiVBMCUyMCUzQ2ltZyUyMHNyYyUzRCUyMmh0dHBzJTNBJTJGJTJGcHJpY2V2ZW50LmNvbSUyRndwLWNvbnRlbnQlMkZ1cGxvYWRzJTJGMjAyMSUyRjAxJTJGYXVzdHJhbGlhLnBuZyUyMiUyMGFsdCUzRCUyMiUyMiUyMHdpZHRoJTNEJTIyMzIlMjIlMjBoZWlnaHQlM0QlMjIzMiUyMiUyMCUyRiUzRSUyMCUzQ2ltZyUyMHNyYyUzRCUyMmh0dHBzJTNBJTJGJTJGcHJpY2V2ZW50LmNvbSUyRndwLWNvbnRlbnQlMkZ1cGxvYWRzJTJGMjAyMSUyRjAxJTJGc291dGgtYWZyaWNhLnBuZyUyMiUyMGFsdCUzRCUyMiUyMiUyMHdpZHRoJTNEJTIyMzIlMjIlMjBoZWlnaHQlM0QlMjIzMiUyMiUyMCUyRiUzRSUyMCUzQ2ltZyUyMHNyYyUzRCUyMmh0dHBzJTNBJTJGJTJGcHJpY2V2ZW50LmNvbSUyRndwLWNvbnRlbnQlMkZ1cGxvYWRzJTJGMjAyMSUyRjAxJTJGYnJhemlsLnBuZyUyMiUyMGFsdCUzRCUyMiUyMiUyMHdpZHRoJTNEJTIyMzIlMjIlMjBoZWlnaHQlM0QlMjIzMiUyMiUyMCUyRiUzRSUyMCUzQ2ltZyUyMHNyYyUzRCUyMmh0dHBzJTNBJTJGJTJGcHJpY2V2ZW50LmNvbSUyRndwLWNvbnRlbnQlMkZ1cGxvYWRzJTJGMjAyMSUyRjAxJTJGYXJnZW50aW5hLnBuZyUyMiUyMGFsdCUzRCUyMiUyMiUyMHdpZHRoJTNEJTIyMzIlMjIlMjBoZWlnaHQlM0QlMjIzMiUyMiUyMCUyRiUzRSUyMCUzQ2ltZyUyMHNyYyUzRCUyMmh0dHBzJTNBJTJGJTJGcHJpY2V2ZW50LmNvbSUyRndwLWNvbnRlbnQlMkZ1cGxvYWRzJTJGMjAyMSUyRjAxJTJGamFwYW4ucG5nJTIyJTIwYWx0JTNEJTIyJTIyJTIwd2lkdGglM0QlMjIzMiUyMiUyMGhlaWdodCUzRCUyMjMyJTIyJTIwJTJGJTNFJTIwJTNDaW1nJTIwc3JjJTNEJTIyaHR0cHMlM0ElMkYlMkZwcmljZXZlbnQuY29tJTJGd3AtY29udGVudCUyRnVwbG9hZHMlMkYyMDIxJTJGMDElMkZ0dXJrZXkucG5nJTIyJTIwYWx0JTNEJTIyJTIyJTIwd2lkdGglM0QlMjIzMiUyMiUyMGhlaWdodCUzRCUyMjMyJTIyJTIwJTJGJTNFJTIwJTNDaW1nJTIwc3JjJTNEJTIyaHR0cHMlM0ElMkYlMkZwcmljZXZlbnQuY29tJTJGd3AtY29udGVudCUyRnVwbG9hZHMlMkYyMDIxJTJGMDElMkZtZXhpY28ucG5nJTIyJTIwYWx0JTNEJTIyJTIyJTIwd2lkdGglM0QlMjIzMiUyMiUyMGhlaWdodCUzRCUyMjMyJTIyJTIwJTJGJTNFJTIwJTNDaW1nJTIwc3JjJTNEJTIyaHR0cHMlM0ElMkYlMkZwcmljZXZlbnQuY29tJTJGd3AtY29udGVudCUyRnVwbG9hZHMlMkYyMDIxJTJGMDElMkZydXNzaWEucG5nJTIyJTIwYWx0JTNEJTIyJTIyJTIwd2lkdGglM0QlMjIzMiUyMiUyMGhlaWdodCUzRCUyMjMyJTIyJTIwJTJGJTNFJTIwJTNDaW1nJTIwc3JjJTNEJTIyaHR0cHMlM0ElMkYlMkZwcmljZXZlbnQuY29tJTJGd3AtY29udGVudCUyRnVwbG9hZHMlMkYyMDIxJTJGMDElMkZjaGluYS5wbmclMjIlMjBhbHQlM0QlMjIlMjIlMjB3aWR0aCUzRCUyMjMyJTIyJTIwaGVpZ2h0JTNEJTIyMzIlMjIlMjAlMkYlM0UlMjAlM0NpbWclMjBzcmMlM0QlMjJodHRwcyUzQSUyRiUyRnByaWNldmVudC5jb20lMkZ3cC1jb250ZW50JTJGdXBsb2FkcyUyRjIwMjElMkYwMSUyRnNvdXRoLWtvcmVhLnBuZyUyMiUyMGFsdCUzRCUyMiUyMiUyMHdpZHRoJTNEJTIyMzIlMjIlMjBoZWlnaHQlM0QlMjIzMiUyMiUyMCUyRiUzRSUzQyUyRmNlbnRlciUzRQ==[\/vc_raw_html][\/vc_column][vc_column width=&#8221;1\/4&#8243;][vc_empty_space][\/vc_column][vc_column][vc_row_inner css=&#8221;.vc_custom_1625854565616{padding-top: 60px !important;}&#8221;][vc_column_inner width=&#8221;1\/6&#8243;][vc_empty_space][\/vc_column_inner][vc_column_inner width=&#8221;2\/3&#8243;][vc_raw_html]JTNDc2NyaXB0JTIwZGVmZXIlMjBhc3luYyUyMHNyYyUzRCUyN2h0dHBzJTNBJTJGJTJGY2RuLnRydXN0aW5kZXguaW8lMkZsb2FkZXIuanMlM0YxMTA0ZWY0MTQwM2U2NzI2OTQ1ODI3MjdkYyUyNyUzRSUzQyUyRnNjcmlwdCUzRQ==[\/vc_raw_html][\/vc_column_inner][vc_column_inner width=&#8221;1\/6&#8243;][vc_empty_space][\/vc_column_inner][\/vc_row_inner][vc_row_inner css=&#8221;.vc_custom_1626202803719{padding-top: 60px !important;padding-bottom: 20px !important;}&#8221;][vc_column_inner width=&#8221;1\/6&#8243;][vc_empty_space][\/vc_column_inner][vc_column_inner width=&#8221;2\/3&#8243;][vc_text_separator title=&#8221;Compatibil \u0219i complet integrabil cu peste 100 de solu\u021bii Ecommerce, inclusiv cu magazinul t\u0103u online&#8221; color=&#8221;custom&#8221; accent_color=&#8221;#e8e8e8&#8243; css=&#8221;.vc_custom_1625859913521{padding-bottom: 65px !important;}&#8221;]<div class=\"slider clients grayscale-effect kd-client-69e4a43983558  \"><div class=\"clients-content \" ><img loading=\"lazy\" decoding=\"async\" width=\"300\" height=\"140\" src=\"https:\/\/pricevent.com\/wp-content\/uploads\/2021\/07\/magento-1.jpg\" class=\"attachment-full\" alt=\"\" title=\"magento\" \/><\/div><div class=\"clients-content \" ><img loading=\"lazy\" decoding=\"async\" width=\"300\" height=\"140\" src=\"https:\/\/pricevent.com\/wp-content\/uploads\/2021\/07\/bigcommerce-1.jpg\" class=\"attachment-full\" alt=\"\" title=\"bigcommerce\" \/><\/div><div class=\"clients-content \" ><img loading=\"lazy\" decoding=\"async\" width=\"300\" height=\"140\" src=\"https:\/\/pricevent.com\/wp-content\/uploads\/2021\/07\/prestashop.jpg\" class=\"attachment-full\" alt=\"\" title=\"prestashop\" \/><\/div><div class=\"clients-content \" ><img loading=\"lazy\" decoding=\"async\" width=\"300\" height=\"140\" src=\"https:\/\/pricevent.com\/wp-content\/uploads\/2021\/07\/opencart.jpg\" class=\"attachment-full\" alt=\"\" title=\"opencart\" \/><\/div><div class=\"clients-content \" ><img loading=\"lazy\" decoding=\"async\" width=\"300\" height=\"140\" src=\"https:\/\/pricevent.com\/wp-content\/uploads\/2021\/07\/shopify.jpg\" class=\"attachment-full\" alt=\"\" title=\"shopify\" \/><\/div><div class=\"clients-content \" ><img loading=\"lazy\" decoding=\"async\" width=\"300\" height=\"140\" src=\"https:\/\/pricevent.com\/wp-content\/uploads\/2021\/07\/woocommerce.jpg\" class=\"attachment-full\" alt=\"\" title=\"woocommerce\" \/><\/div><\/div><script type=\"text\/javascript\">\r\n              jQuery(document).ready(function($){\r\n                if ($(\".slider.clients.kd-client-69e4a43983558\").length) {\r\n                  $(\".slider.clients.kd-client-69e4a43983558\").owlCarousel({\r\n                    stageClass: \"owl-wrapper\",\r\n                    stageOuterClass: \"owl-wrapper-outer\",\r\n                    loadedClass: \"owl-carousel\",\r\n                    responsiveClass:true,\r\n                    responsive:{\r\n                      0:{\r\n                          items:1,dots: false,},\r\n                      415:{\r\n                          items:3,dots: false,},\r\n                      960:{\r\n                          items:3,dots: false,}\r\n                    },\r\n                  });\r\n                }\r\n              });\r\n            <\/script>[\/vc_column_inner][vc_column_inner width=&#8221;1\/6&#8243;][vc_empty_space][\/vc_column_inner][\/vc_row_inner][\/vc_column][\/vc_row][\/vc_section][vc_row full_width=&#8221;stretch_row&#8221; css=&#8221;.vc_custom_1600974993235{border-bottom-width: 1px !important;background-color: #000000 !important;border-bottom-color: #383838 !important;border-bottom-style: solid !important;}&#8221;][vc_column][vc_row_inner css=&#8221;.vc_custom_1536243977243{padding-top: 100px !important;}&#8221;][vc_column_inner width=&#8221;1\/6&#8243; offset=&#8221;vc_hidden-xs&#8221;][\/vc_column_inner][vc_column_inner width=&#8221;2\/3&#8243;]<header class=\"kd-section-title col-lg-12 text-center  kd-animated fadeIn  \" data-animation-delay=200><h2 class=\"separator_off\" style=\"color: #ffffff;\">Vezi PriceVent \u00een ac\u021biune<\/h2><h6 class=\"subtitle \" >Completeaz\u0103 formularul cu datele personale \u0219i descoper\u0103 cum PriceVent te poate ajuta s\u0103 \u00ee\u0163i \u00eembun\u0103t\u0103\u0163e\u015fti competitivitatea, v\u00e2nz\u0103rile \u0219i marjele de profit.<\/h6><\/header>[vc_empty_space height=&#8221;15px&#8221;]<a  class=\"tt_button tt_primary_button btn_primary_color  button-center panel-trigger-btn  kd-animated zoomIn\" data-animation-delay=200><span class=\"prim_text\">\u00cencearc\u0103 gratuit<\/span><\/a>[vc_empty_space height=&#8221;15px&#8221;][\/vc_column_inner][vc_column_inner width=&#8221;1\/6&#8243; offset=&#8221;vc_hidden-xs&#8221;][\/vc_column_inner][\/vc_row_inner][vc_empty_space height=&#8221;95px&#8221;][\/vc_column][\/vc_row]<\/p>\n<\/div>","protected":false},"excerpt":{"rendered":"<p>[vc_row full_width=&#8221;stretch_row&#8221; content_placement=&#8221;middle&#8221; css=&#8221;.vc_custom_1664460282569{padding-top: 70px !important;background-color: #f7f8f9 !important;}&#8221;][vc_column css=&#8221;.vc_custom_1516095762744{padding-right: 0px !important;padding-left: 0px !important;}&#8221;][vc_row_inner css=&#8221;.vc_custom_1556019928500{padding-bottom: 73px !important;}&#8221;][vc_column_inner width=&#8221;1\/2&#8243; css=&#8221;.vc_custom_1664456869804{border-right-width: 1px !important;padding-top: [&hellip;]<\/p>\n","protected":false},"author":1,"featured_media":0,"parent":0,"menu_order":0,"comment_status":"closed","ping_status":"closed","template":"","meta":{"footnotes":""},"class_list":["post-51675","page","type-page","status-publish","hentry"],"_links":{"self":[{"href":"https:\/\/pricevent.com\/ro\/wp-json\/wp\/v2\/pages\/51675","targetHints":{"allow":["GET"]}}],"collection":[{"href":"https:\/\/pricevent.com\/ro\/wp-json\/wp\/v2\/pages"}],"about":[{"href":"https:\/\/pricevent.com\/ro\/wp-json\/wp\/v2\/types\/page"}],"author":[{"embeddable":true,"href":"https:\/\/pricevent.com\/ro\/wp-json\/wp\/v2\/users\/1"}],"replies":[{"embeddable":true,"href":"https:\/\/pricevent.com\/ro\/wp-json\/wp\/v2\/comments?post=51675"}],"version-history":[{"count":4,"href":"https:\/\/pricevent.com\/ro\/wp-json\/wp\/v2\/pages\/51675\/revisions"}],"predecessor-version":[{"id":52643,"href":"https:\/\/pricevent.com\/ro\/wp-json\/wp\/v2\/pages\/51675\/revisions\/52643"}],"wp:attachment":[{"href":"https:\/\/pricevent.com\/ro\/wp-json\/wp\/v2\/media?parent=51675"}],"curies":[{"name":"wp","href":"https:\/\/api.w.org\/{rel}","templated":true}]}}