{"id":8870,"date":"2020-10-08T12:35:46","date_gmt":"2020-10-08T09:35:46","guid":{"rendered":"https:\/\/pricevent.com\/cookie-policy\/"},"modified":"2023-12-07T18:54:13","modified_gmt":"2023-12-07T16:54:13","slug":"politica-de-utilizare-a-fisierelor-tip-cookies","status":"publish","type":"page","link":"https:\/\/pricevent.com\/ro\/politica-de-utilizare-a-fisierelor-tip-cookies\/","title":{"rendered":"Politic\u0103 de cookie-uri"},"content":{"rendered":"<div class=\"wpb-content-wrapper\"><p>[vc_row css=&#8221;.vc_custom_1603313184431{margin-bottom: 100px !important;padding-top: 75px !important;}&#8221;][vc_column][vc_column_text]<\/p>\n<h3><strong>Ce este politica de utilizare Cookie-uri?<\/strong><\/h3>\n<p>Aceast\u0103 politic\u0103 se refer\u0103 la cookie-urile \u0219i paginile web operate de\u00a0<strong>PRICEVENT<\/strong> \u0219i administrate de <strong>SMART WAYS DEV APPS SRL<\/strong><strong>.<\/strong><\/p>\n<h3><strong>Ce sunt Cookie-urile?<\/strong><\/h3>\n<p>Cookie-urile sunt fi\u0219iere de mici dimensiuni, formate din litere \u0219i numere, care vor fi stocate pe computerul, terminalul mobil sau alte echipamente ale unui utilizator de pe care se acceseaz\u0103 internetul. Cookie-urile sunt instalate prin solicitarea emis\u0103 de c\u0103tre un web-server unui browser (ex: Internet Explorer, Chrome, Firefox, Opera) si sunt complet \u201cpasive\u201d (nu con\u021bin programe software, viru\u0219i sau spyware \u0219i nu pot accesa informa\u021biile de pe hard driverul utilizatorului).<\/p>\n<h3><strong>La ce sunt folosite Cookie-urile?<\/strong><\/h3>\n<p>Cookie-urile pot asigura o interac\u021biune mai rapid\u0103 \u0219i mai u\u0219oar\u0103 \u00eentre conturi \u0219i site-urile web. Spre exemplu, \u00een momentul autentific\u0103rii unui utilizator pe un anumit site web, datele de autentificare sunt stocate \u00eentr-un cookie; ulterior, utilizatorul poate accesa respectivul site f\u0103r\u0103 s\u0103 fie nevoie s\u0103 se autentifice din nou.<\/p>\n<p>In \u00a0alte cazuri, cookie-urile pot fi utilizate pentru stocarea de informa\u021bii referitoare la activit\u0103\u021bile desf\u0103\u0219urate de utilizator pe o anumit\u0103 pagin\u0103 web, astfel \u00eenc\u00e2t acesta s\u0103 \u00ee\u0219i poat\u0103 relua u\u0219or respectivele activit\u0103\u021bi la o accesare ulterioar\u0103 a site-ului. Cookie-urile spun serverului ce pagini trebuie s\u0103 arate utilizatorului, astfel \u00eenc\u00e2t acesta s\u0103 nu fie nevoit s\u0103 \u00ee\u0219i aminteasc\u0103 acest lucru sau s\u0103 navigheze \u00eentregul site de la \u00eenceput. Astfel, cookie-urile pot fi asimilate unor \u201esemne de carte\u201d care \u00eei spun contului exact unde a r\u0103mas \u00een cadrul unui site web.<\/p>\n<p>In mod similar, cookie-urile pot stoca informa\u021bii referitoare la produsele comandate de c\u0103tre utilizator pe un site de comer\u021b electronic, f\u0103c\u00e2nd astfel posibil conceptul de \u201eco\u0219 de cump\u0103r\u0103turi\u201d.<\/p>\n<h3><strong>Ce Cookie-uri folosim?<\/strong><\/h3>\n<p>Folosim dou\u0103 tipuri de Cookie-uri: per sesiune \u0219i fixe. Cookie-urile fixe sunt fi\u0219iere temporare ce r\u0103m\u00e2n \u00een terminalul utilizatorului p\u00e2n\u0103 la terminarea sesiunii sau \u00eenchiderea aplica\u021biei (browser-ului web). Fi\u0219ierele fixe r\u0103m\u00e2n pe terminalul utilizatorului pe o perioad\u0103 \u00een parametrii Cookie-ului sau p\u00e2n\u0103 sunt \u0219terse manual de utilizator.<br \/>\n<script id=\"CookieDeclaration\" src=\"https:\/\/consent.cookiebot.com\/67b1ff68-1f9c-4acd-8b23-faddc2bf2c01\/cd.js\" type=\"text\/javascript\" async><\/script><\/p>\n<h3><strong>Con\u021bin Cookie-urile date personale?<\/strong><\/h3>\n<p>Cookie-urile \u00een sine nu solicit\u0103 informa\u021bii cu caracter personal pentru a putea fi utilizate \u0219i, \u00een cele mai multe cazuri, nu identific\u0103 personal conturii de internet. Datele personale colectate prin utilizarea Cookie-urilor pot fi colectate doar pentru a facilita anumite func\u021bionalit\u0103\u021bi pentru utilizator. Aceste date sunt criptate \u00eentr-un mod care face imposibil accesul persoanelor neautorizate la ele.<\/p>\n<h3><strong>Cum v\u0103 exprima\u021bi acordul?<\/strong><\/h3>\n<p>C\u00e2nd vizita\u021bi pentru prima dat\u0103 site-urile noastre, \u00een partea de jos a ecranului este afi\u0219at un banner cu un mesaj despre cookie. Dac\u0103 da\u021bi click pe butonul \u201eAccept\u201d sau continua\u021bi s\u0103 vizita\u021bi site-ul, atunci v\u0103 exprima\u021bi acordul implicit pentru utilizarea cookie-urilor conform prezentei politici de utilizare a cookie-urilor, cu excep\u021bia cazului \u00een care v-a\u021bi setat browserul astfel \u00eenc\u00e2t s\u0103 resping\u0103 cookie-urile (vezi mai jos).<\/p>\n<h3><strong>Cum respinge\u021bi cookie-urile?<\/strong><\/h3>\n<p>Pute\u021bi s\u0103 v\u0103 retrage\u021bi \u00een orice moment acordul \u0219terg\u00e2nd cookie-urile din browser.<\/p>\n<p>Aceste set\u0103ri se g\u0103sesc de obicei \u00een meniul \u2018op\u021biuni\u2019 sau \u2018preferin\u021be\u2019 din browser. Pentru a \u00een\u021belege aceste set\u0103ri, ar putea fi utile urm\u0103toarele linkuri (sau accesa\u021bi op\u021biunea \u2018Ajutor\u2019 din browser pentru mai multe detalii):[\/vc_column_text][\/vc_column][\/vc_row]<\/p>\n<\/div>","protected":false},"excerpt":{"rendered":"<p>[vc_row css=&#8221;.vc_custom_1603313184431{margin-bottom: 100px !important;padding-top: 75px !important;}&#8221;][vc_column][vc_column_text] Ce este politica de utilizare Cookie-uri? Aceast\u0103 politic\u0103 se refer\u0103 la cookie-urile \u0219i paginile [&hellip;]<\/p>\n","protected":false},"author":1,"featured_media":0,"parent":0,"menu_order":0,"comment_status":"closed","ping_status":"closed","template":"","meta":{"footnotes":""},"class_list":["post-8870","page","type-page","status-publish","hentry"],"_links":{"self":[{"href":"https:\/\/pricevent.com\/ro\/wp-json\/wp\/v2\/pages\/8870","targetHints":{"allow":["GET"]}}],"collection":[{"href":"https:\/\/pricevent.com\/ro\/wp-json\/wp\/v2\/pages"}],"about":[{"href":"https:\/\/pricevent.com\/ro\/wp-json\/wp\/v2\/types\/page"}],"author":[{"embeddable":true,"href":"https:\/\/pricevent.com\/ro\/wp-json\/wp\/v2\/users\/1"}],"replies":[{"embeddable":true,"href":"https:\/\/pricevent.com\/ro\/wp-json\/wp\/v2\/comments?post=8870"}],"version-history":[{"count":12,"href":"https:\/\/pricevent.com\/ro\/wp-json\/wp\/v2\/pages\/8870\/revisions"}],"predecessor-version":[{"id":86549,"href":"https:\/\/pricevent.com\/ro\/wp-json\/wp\/v2\/pages\/8870\/revisions\/86549"}],"wp:attachment":[{"href":"https:\/\/pricevent.com\/ro\/wp-json\/wp\/v2\/media?parent=8870"}],"curies":[{"name":"wp","href":"https:\/\/api.w.org\/{rel}","templated":true}]}}