{"id":8878,"date":"2020-10-07T02:25:26","date_gmt":"2020-10-06T23:25:26","guid":{"rendered":"https:\/\/pricevent.com\/subscription-confirmation\/"},"modified":"2021-07-09T01:14:22","modified_gmt":"2021-07-08T22:14:22","slug":"confirmare-abonare","status":"publish","type":"page","link":"https:\/\/pricevent.com\/ro\/confirmare-abonare\/","title":{"rendered":"Confirmare abonare"},"content":{"rendered":"<div class=\"wpb-content-wrapper\"><p>[vc_row][vc_column][vc_icon icon_fontawesome=&#8221;far fa-check-circle&#8221; color=&#8221;black&#8221; size=&#8221;xl&#8221; align=&#8221;center&#8221;]<header class=\"kd-section-title col-lg-12 text-center     vc_custom_1603311480641\" ><h2 class=\"separator_off\" >\u00ce\u0163i mul\u0163umim pentru abonare!<\/h2><h6 class=\"subtitle \" >Te invit\u0103m s\u0103 verifici e-mailul pentru a confirma abonarea!<\/h6><\/header>[\/vc_column][\/vc_row][vc_row][vc_column][vc_text_separator title=&#8221;Continu\u0103 navigarea&#8221;][\/vc_column][\/vc_row][vc_row full_width=&#8221;stretch_row&#8221;][vc_column css=&#8221;.vc_custom_1516009024901{padding-right: 0px !important;padding-left: 0px !important;}&#8221;][vc_row_inner css=&#8221;.vc_custom_1511348417220{padding-top: 100px !important;padding-bottom: 100px !important;}&#8221;][vc_column_inner width=&#8221;1\/3&#8243; css=&#8221;.vc_custom_1516009006170{padding-right: 0px !important;padding-left: 0px !important;}&#8221;]<div class=\"key-icon-box icon-default icon-top cont-center ib-hover-1  kd-animated fadeInUp\" style=\"background-color: transparent;\" ><a href=\"\/ro\/\" target=\"\"><div class=\"ib-wrapper\"><i class=\"iconsmind-Home-Window iconsmind-Windows-Class\" style=\" \"><\/i> <h5 class=\"service-heading\" >Acas\u0103<\/h5><p >\u00centoarce-te la<br \/>\nprima pagin\u0103<\/p><\/div><\/a><\/div>[\/vc_column_inner][vc_column_inner width=&#8221;1\/3&#8243; css=&#8221;.vc_custom_1516009012538{padding-right: 0px !important;padding-left: 0px !important;}&#8221;]<div class=\"key-icon-box icon-default icon-top cont-center ib-hover-1  kd-animated fadeInUp\" style=\"background-color: transparent;\" data-animation-delay=200><a href=\"#\" target=\"\"><div class=\"ib-wrapper\"><i class=\"iconsmind-Safe-Box iconsmind-Business-Finance\" style=\" \"><\/i> <h5 class=\"service-heading\" >Resurse<\/h5><p >\u00cembun\u0103t\u0103\u0163e\u015fte-\u0163i cuno\u015ftin\u0163ele cu resurse extinse, videoclipuri \u0219i multe altele.<\/p><\/div><\/a><\/div>[\/vc_column_inner][vc_column_inner width=&#8221;1\/3&#8243; css=&#8221;.vc_custom_1516009018730{padding-right: 0px !important;padding-left: 0px !important;}&#8221;]<div class=\"key-icon-box icon-default icon-top cont-center ib-hover-1  kd-animated fadeInUp\" style=\"background-color: transparent;\" data-animation-delay=400><a href=\"\/ro\/contact\/\" target=\"\"><div class=\"ib-wrapper\"><i class=\"iconsmind-Post-Mail2 iconsmind-Emails\" style=\" \"><\/i> <h5 class=\"service-heading\" >Contact<\/h5><p >Ai nevoie de ajutor suplimentar? Ia leg\u0103tura cu noi \u0219i \u00ee\u0163i vom r\u0103spunde \u00een cel mai scurt timp.<\/p><\/div><\/a><\/div>[\/vc_column_inner][\/vc_row_inner][\/vc_column][\/vc_row][vc_row][vc_column][vc_separator][\/vc_column][\/vc_row][vc_row full_width=&#8221;stretch_row&#8221; css=&#8221;.vc_custom_1541417557045{padding-top: 100px !important;}&#8221;][vc_column css=&#8221;.vc_custom_1515677064675{padding-right: 0px !important;padding-left: 0px !important;}&#8221;][vc_row_inner][vc_column_inner]<header class=\"kd-section-title vc_col-lg-6 vc_col-sm-8 text-center  kd-animated fadeIn   vc_custom_1603311424818\" data-animation-delay=200><h2 class=\"separator_off\" >R\u0103m\u00e2i la curent cu nout\u0103\u0163ile<\/h2><h6 class=\"subtitle \" >Cite\u015fte articolele publicate de speciali\u015ftii no\u015ftri pentru a afla mai multe despre urm\u0103rirea, monitorizarea \u015fi analiza pre\u0163urilor competitorilor.<\/h6><\/header>[\/vc_column_inner][\/vc_row_inner][vc_row_inner css=&#8221;.vc_custom_1541417234781{padding-bottom: 100px !important;}&#8221;][vc_column_inner][vc_basic_grid post_type=&#8221;post&#8221; max_items=&#8221;3&#8243; item=&#8221;3729&#8243; grid_id=&#8221;vc_gid:1625782171763-0c29678c-8aa1-9&#8243; css=&#8221;.vc_custom_1602023889106{margin-bottom: 50px !important;}&#8221;]<a  href=\"\/ro\/blog\/\"  target=\"_self\"  title=\"\" class=\"tt_button tt_primary_button btn_primary_color  button-center button-action-link  kd-animated zoomIn\" data-animation-delay=200><span class=\"prim_text\">Vezi toate nout\u0103\u0163ile<\/span><\/a>[\/vc_column_inner][\/vc_row_inner][\/vc_column][\/vc_row][vc_row full_width=&#8221;stretch_row&#8221; css=&#8221;.vc_custom_1600974993235{border-bottom-width: 1px !important;background-color: #000000 !important;border-bottom-color: #383838 !important;border-bottom-style: solid !important;}&#8221;][vc_column][vc_row_inner css=&#8221;.vc_custom_1602025260221{padding-top: 100px !important;}&#8221;][vc_column_inner width=&#8221;1\/6&#8243; offset=&#8221;vc_hidden-xs&#8221;][\/vc_column_inner][vc_column_inner width=&#8221;2\/3&#8243;]<header class=\"kd-section-title col-lg-12 text-center  kd-animated fadeIn  \" data-animation-delay=200><h2 class=\"separator_off\" style=\"color: #ffffff;\">Al\u0103tur\u0103-te comunit\u0103\u021bilor noastre!<\/h2><h6 class=\"subtitle \" >Afl\u0103 ce se \u00eent\u00e2mpl\u0103 cu PriceVent \u0219i nu numai! R\u0103m\u00e2i la curent cu tendin\u021bele industriei \u0219i arunc\u0103 o privire din interior asupra a ceea ce ne determin\u0103 s\u0103 oferim cele mai bune solu\u021bii pentru nevoile clien\u021bilor no\u0219tri.<\/h6><\/header>[vc_empty_space height=&#8221;50px&#8221;][\/vc_column_inner][vc_column_inner width=&#8221;1\/6&#8243; offset=&#8221;vc_hidden-xs&#8221;][\/vc_column_inner][\/vc_row_inner][vc_row_inner css=&#8221;.vc_custom_1602025251928{margin-bottom: 100px !important;padding-right: 150px !important;padding-left: 150px !important;}&#8221;][vc_column_inner width=&#8221;1\/3&#8243; css=&#8221;.vc_custom_1513708828972{padding-right: 0px !important;padding-left: 0px !important;}&#8221;]<div class=\"key-icon-box icon-default icon-top cont-center ib-hover-1  kd-animated fadeInUp\" style=\"background-color: transparent;\" ><a href=\"https:\/\/www.facebook.com\/pricevent\" target=\"_blank\" rel=\"noopener\"><div class=\"ib-wrapper\"><i class=\"fab fa-facebook-square\" style=\"font-size: 75px; color: #ffffff;\"><\/i> <h6 class=\"service-heading\" style=\"color: #ffffff;\">Facebook<\/h6><\/div><\/a><\/div>[\/vc_column_inner][vc_column_inner width=&#8221;1\/3&#8243; css=&#8221;.vc_custom_1513708833716{padding-right: 0px !important;padding-left: 0px !important;}&#8221;]<div class=\"key-icon-box icon-default icon-top cont-center ib-hover-1  kd-animated fadeInUp\" style=\"background-color: transparent;\" ><a href=\"https:\/\/www.linkedin.com\/company\/pricevent\/pricevent%20youtube\" target=\"_blank\" rel=\"noopener\"><div class=\"ib-wrapper\"><i class=\"fab fa-linkedin\" style=\"font-size: 75px; color: #ffffff;\"><\/i> <h6 class=\"service-heading\" style=\"color: #ffffff;\">LinkedIn<\/h6><\/div><\/a><\/div>[\/vc_column_inner][vc_column_inner width=&#8221;1\/3&#8243; css=&#8221;.vc_custom_1513708838261{padding-right: 0px !important;padding-left: 0px !important;}&#8221;]<div class=\"key-icon-box icon-default icon-top cont-center ib-hover-1  kd-animated fadeInUp\" style=\"background-color: transparent;\" ><a href=\"https:\/\/www.youtube.com\/channel\/UCBxY_IZLzSvRGLllFKhm5sw\" target=\"\" rel=\"noopener\"><div class=\"ib-wrapper\"><i class=\"fab fa-youtube\" style=\"font-size: 75px; color: #ffffff;\"><\/i> <h6 class=\"service-heading\" style=\"color: #ffffff;\">YouTube<\/h6><\/div><\/a><\/div>[\/vc_column_inner][\/vc_row_inner][\/vc_column][\/vc_row]<\/p>\n<\/div>","protected":false},"excerpt":{"rendered":"<p>[vc_row][vc_column][vc_icon icon_fontawesome=&#8221;far fa-check-circle&#8221; color=&#8221;black&#8221; size=&#8221;xl&#8221; align=&#8221;center&#8221;][\/vc_column][\/vc_row][vc_row][vc_column][vc_text_separator title=&#8221;Continu\u0103 navigarea&#8221;][\/vc_column][\/vc_row][vc_row full_width=&#8221;stretch_row&#8221;][vc_column css=&#8221;.vc_custom_1516009024901{padding-right: 0px !important;padding-left: 0px !important;}&#8221;][vc_row_inner css=&#8221;.vc_custom_1511348417220{padding-top: 100px !important;padding-bottom: 100px !important;}&#8221;][vc_column_inner width=&#8221;1\/3&#8243; [&hellip;]<\/p>\n","protected":false},"author":1,"featured_media":0,"parent":0,"menu_order":0,"comment_status":"closed","ping_status":"closed","template":"","meta":{"footnotes":""},"class_list":["post-8878","page","type-page","status-publish","hentry"],"_links":{"self":[{"href":"https:\/\/pricevent.com\/ro\/wp-json\/wp\/v2\/pages\/8878","targetHints":{"allow":["GET"]}}],"collection":[{"href":"https:\/\/pricevent.com\/ro\/wp-json\/wp\/v2\/pages"}],"about":[{"href":"https:\/\/pricevent.com\/ro\/wp-json\/wp\/v2\/types\/page"}],"author":[{"embeddable":true,"href":"https:\/\/pricevent.com\/ro\/wp-json\/wp\/v2\/users\/1"}],"replies":[{"embeddable":true,"href":"https:\/\/pricevent.com\/ro\/wp-json\/wp\/v2\/comments?post=8878"}],"version-history":[{"count":7,"href":"https:\/\/pricevent.com\/ro\/wp-json\/wp\/v2\/pages\/8878\/revisions"}],"predecessor-version":[{"id":11341,"href":"https:\/\/pricevent.com\/ro\/wp-json\/wp\/v2\/pages\/8878\/revisions\/11341"}],"wp:attachment":[{"href":"https:\/\/pricevent.com\/ro\/wp-json\/wp\/v2\/media?parent=8878"}],"curies":[{"name":"wp","href":"https:\/\/api.w.org\/{rel}","templated":true}]}}