{"id":8880,"date":"2020-10-07T01:13:14","date_gmt":"2020-10-06T22:13:14","guid":{"rendered":"https:\/\/pricevent.com\/4o4\/"},"modified":"2022-02-08T22:35:15","modified_gmt":"2022-02-08T20:35:15","slug":"4o4","status":"publish","type":"page","link":"https:\/\/pricevent.com\/ro\/4o4\/","title":{"rendered":"Pagina nu a fost g\u0103sit\u0103"},"content":{"rendered":"<div class=\"wpb-content-wrapper\"><p>[vc_row][vc_column]<header class=\"kd-section-title col-lg-8 vc_col-sm-8 text-center     vc_custom_1622110380370\" ><h2 class=\"separator_off\" >Ceva nu a mers bine!<\/h2><h6 class=\"subtitle \" >Pagina pe care ai solicitat-o a fost mutat\u0103 sau nu exist\u0103. Dac\u0103 ai urmat un link, probabil c\u0103 este rupt. \u00centre timp, ce ar fi s\u0103 arunci o privire peste recomand\u0103rile noastre?<\/h6><\/header>[\/vc_column][\/vc_row][vc_row][vc_column][vc_text_separator title=&#8221;S-ar putea s\u0103 te intereseze aceste linkuri&#8221;][\/vc_column][\/vc_row][vc_row full_width=&#8221;stretch_row&#8221;][vc_column css=&#8221;.vc_custom_1516009024901{padding-right: 0px !important;padding-left: 0px !important;}&#8221;][vc_row_inner css=&#8221;.vc_custom_1511348417220{padding-top: 100px !important;padding-bottom: 100px !important;}&#8221;][vc_column_inner width=&#8221;1\/3&#8243; css=&#8221;.vc_custom_1516009006170{padding-right: 0px !important;padding-left: 0px !important;}&#8221;]<div class=\"key-icon-box icon-default icon-top cont-center ib-hover-1  kd-animated fadeInUp\" style=\"background-color: transparent;\" ><a href=\"\/ro\/intrebari-frecvente\/\" target=\"\"><div class=\"ib-wrapper\"><i class=\"iconsmind-Speach-BubbleDialog iconsmind-Speech-Bubbles\" style=\" \"><\/i> <h5 class=\"service-heading\" >\u00cenreb\u0103ri frecvente<\/h5><p >G\u0103se\u015fte r\u0103spunsurile la cele mai frecvente \u00eentreb\u0103ri primite din partea clien\u021bii no\u0219tri.<\/p><\/div><\/a><\/div>[\/vc_column_inner][vc_column_inner width=&#8221;1\/3&#8243; css=&#8221;.vc_custom_1516009012538{padding-right: 0px !important;padding-left: 0px !important;}&#8221;]<div class=\"key-icon-box icon-default icon-top cont-center ib-hover-1  kd-animated fadeInUp\" style=\"background-color: transparent;\" data-animation-delay=200><a href=\"\/ro\/caracteristici\/\" target=\"\"><div class=\"ib-wrapper\"><i class=\"iconsmind-Diamond iconsmind-Business-Finance\" style=\" \"><\/i> <h5 class=\"service-heading\" >Caracteristici<\/h5><p >Exploreaz\u0103 caracteristicile \u0219i afl\u0103 ce se afl\u0103 \u00een interior!<\/p><\/div><\/a><\/div>[\/vc_column_inner][vc_column_inner width=&#8221;1\/3&#8243; css=&#8221;.vc_custom_1516009018730{padding-right: 0px !important;padding-left: 0px !important;}&#8221;]<div class=\"key-icon-box icon-default icon-top cont-center ib-hover-1  kd-animated fadeInUp\" style=\"background-color: transparent;\" data-animation-delay=400><a href=\"\/ro\/preturi\/\" target=\"\"><div class=\"ib-wrapper\"><i class=\"iconsmind-Dollar-Sign iconsmind-Business-Finance\" style=\" \"><\/i> <h5 class=\"service-heading\" >Pre\u0163uri<\/h5><p >Compar\u0103 caracteristicile \u0219i alege planul potrivit pentru nevoile tale!<\/p><\/div><\/a><\/div>[\/vc_column_inner][\/vc_row_inner][\/vc_column][\/vc_row][vc_row][vc_column][vc_separator][\/vc_column][\/vc_row][vc_row full_width=&#8221;stretch_row&#8221; css=&#8221;.vc_custom_1541417557045{padding-top: 100px !important;}&#8221;][vc_column css=&#8221;.vc_custom_1515677064675{padding-right: 0px !important;padding-left: 0px !important;}&#8221;][vc_row_inner][vc_column_inner]<header class=\"kd-section-title vc_col-lg-6 vc_col-sm-8 text-center  kd-animated fadeIn   vc_custom_1603311799478\" data-animation-delay=200><h2 class=\"separator_off\" >R\u0103m\u00e2i la curent cu nout\u0103\u0163ile<\/h2><h6 class=\"subtitle \" >Cite\u015fte articolele publicate de speciali\u015ftii no\u015ftri pentru a afla mai multe despre urm\u0103rirea, monitorizarea \u015fi analiza pre\u0163urilor competitorilor.<\/h6><\/header>[\/vc_column_inner][\/vc_row_inner][vc_row_inner css=&#8221;.vc_custom_1541417234781{padding-bottom: 100px !important;}&#8221;][vc_column_inner][vc_basic_grid post_type=&#8221;post&#8221; max_items=&#8221;3&#8243; item=&#8221;3729&#8243; grid_id=&#8221;vc_gid:1644352452255-ffd361d2-2223-5&#8243; css=&#8221;.vc_custom_1602023889106{margin-bottom: 50px !important;}&#8221;]<a  href=\"\/ro\/blog\/\"  target=\"_self\"  title=\"\" class=\"tt_button tt_primary_button btn_primary_color  button-center button-action-link  kd-animated zoomIn\" data-animation-delay=200><span class=\"prim_text\">Vezi toate nout\u0103\u0163ile<\/span><\/a>[\/vc_column_inner][\/vc_row_inner][\/vc_column][\/vc_row][vc_row full_width=&#8221;stretch_row&#8221; css=&#8221;.vc_custom_1600974993235{border-bottom-width: 1px !important;background-color: #000000 !important;border-bottom-color: #383838 !important;border-bottom-style: solid !important;}&#8221;][vc_column][vc_row_inner css=&#8221;.vc_custom_1536243977243{padding-top: 100px !important;}&#8221;][vc_column_inner width=&#8221;1\/6&#8243; offset=&#8221;vc_hidden-xs&#8221;][\/vc_column_inner][vc_column_inner width=&#8221;2\/3&#8243;]<header class=\"kd-section-title col-lg-12 text-center  kd-animated fadeIn  \" data-animation-delay=200><h2 class=\"separator_off\" style=\"color: #ffffff;\">E\u015fti gata s\u0103 \u00eencerci PriceVent?<\/h2><h6 class=\"subtitle \" >Completeaz\u0103 formularul cu datele personale \u0219i descoper\u0103 cum PriceVent te poate ajuta s\u0103 \u00ee\u0163i \u00eembun\u0103t\u0103\u0163e\u015fti competitivitatea, v\u00e2nz\u0103rile \u0219i marjele de profit.<\/h6><\/header>[vc_empty_space height=&#8221;15px&#8221;]<a  class=\"tt_button tt_primary_button btn_primary_color  button-center panel-trigger-btn  kd-animated zoomIn\" data-animation-delay=200><span class=\"prim_text\">\u00cencearc\u0103 gratuit<\/span><\/a>[\/vc_column_inner][vc_column_inner width=&#8221;1\/6&#8243; offset=&#8221;vc_hidden-xs&#8221;][\/vc_column_inner][\/vc_row_inner][vc_empty_space height=&#8221;95px&#8221;][\/vc_column][\/vc_row]<\/p>\n<\/div>","protected":false},"excerpt":{"rendered":"<p>[vc_row][vc_column][\/vc_column][\/vc_row][vc_row][vc_column][vc_text_separator title=&#8221;S-ar putea s\u0103 te intereseze aceste linkuri&#8221;][\/vc_column][\/vc_row][vc_row full_width=&#8221;stretch_row&#8221;][vc_column css=&#8221;.vc_custom_1516009024901{padding-right: 0px !important;padding-left: 0px !important;}&#8221;][vc_row_inner css=&#8221;.vc_custom_1511348417220{padding-top: 100px !important;padding-bottom: 100px !important;}&#8221;][vc_column_inner width=&#8221;1\/3&#8243; [&hellip;]<\/p>\n","protected":false},"author":1,"featured_media":0,"parent":0,"menu_order":0,"comment_status":"closed","ping_status":"closed","template":"","meta":{"footnotes":""},"class_list":["post-8880","page","type-page","status-publish","hentry"],"_links":{"self":[{"href":"https:\/\/pricevent.com\/ro\/wp-json\/wp\/v2\/pages\/8880","targetHints":{"allow":["GET"]}}],"collection":[{"href":"https:\/\/pricevent.com\/ro\/wp-json\/wp\/v2\/pages"}],"about":[{"href":"https:\/\/pricevent.com\/ro\/wp-json\/wp\/v2\/types\/page"}],"author":[{"embeddable":true,"href":"https:\/\/pricevent.com\/ro\/wp-json\/wp\/v2\/users\/1"}],"replies":[{"embeddable":true,"href":"https:\/\/pricevent.com\/ro\/wp-json\/wp\/v2\/comments?post=8880"}],"version-history":[{"count":8,"href":"https:\/\/pricevent.com\/ro\/wp-json\/wp\/v2\/pages\/8880\/revisions"}],"predecessor-version":[{"id":27923,"href":"https:\/\/pricevent.com\/ro\/wp-json\/wp\/v2\/pages\/8880\/revisions\/27923"}],"wp:attachment":[{"href":"https:\/\/pricevent.com\/ro\/wp-json\/wp\/v2\/media?parent=8880"}],"curies":[{"name":"wp","href":"https:\/\/api.w.org\/{rel}","templated":true}]}}