{"id":8881,"date":"2020-10-06T21:17:18","date_gmt":"2020-10-06T18:17:18","guid":{"rendered":"https:\/\/pricevent.com\/reporting-and-notifications\/"},"modified":"2021-10-20T20:42:12","modified_gmt":"2021-10-20T17:42:12","slug":"rapoarte-si-notificari","status":"publish","type":"page","link":"https:\/\/pricevent.com\/ro\/caracteristici\/rapoarte-si-notificari\/","title":{"rendered":"Rapoarte \u0219i notific\u0103ri"},"content":{"rendered":"<div class=\"wpb-content-wrapper\"><p>[vc_row full_width=&#8221;stretch_row&#8221; css=&#8221;.vc_custom_1539776850139{padding-top: 100px !important;padding-bottom: 90px !important;}&#8221;][vc_column css=&#8221;.vc_custom_1541587114185{padding-right: 40px !important;padding-left: 30px !important;}&#8221; offset=&#8221;vc_col-lg-6&#8243;][vc_row_inner][vc_column_inner css=&#8221;.vc_custom_1541587107649{padding-right: 0px !important;padding-left: 0px !important;}&#8221;][vc_empty_space height=&#8221;100px&#8221;][vc_icon icon_fontawesome=&#8221;fas fa-lightbulb&#8221; color=&#8221;custom&#8221; size=&#8221;xl&#8221; align=&#8221;right&#8221; custom_color=&#8221;#3a5f96&#8243;]<header class=\"kd-section-title col-lg-12 text-right  kd-animated fadeIn  \" data-animation-delay=200><h2 class=\"separator_off\" style=\"font-size: 22px;\">Cifrele spun \u00eentodeanua adev\u0103rul!<\/h2><\/header><header class=\"kd-section-title col-lg-12 text-right solid-line sep-border-width-2  kd-animated fadeIn  \" data-animation-delay=200><h2 class=\"separator_on\" >Pune datele la lucru pentru a debloca imaginea complet\u0103 \u015fi pentru a lua cu precizie decizii, mai rapid \u015fi \u00een deplin\u0103 siguran\u0163\u0103.<\/h2><div class=\"kd-separator below_title\" ><div class=\"kd-separator-line\" ><\/div><\/div><\/header>[\/vc_column_inner][\/vc_row_inner][vc_row_inner css=&#8221;.vc_custom_1539776664384{margin-top: 40px !important;}&#8221;][vc_column_inner width=&#8221;5\/12&#8243; offset=&#8221;vc_hidden-md vc_hidden-sm vc_hidden-xs&#8221;][\/vc_column_inner][vc_column_inner offset=&#8221;vc_col-lg-7&#8243; css=&#8221;.vc_custom_1541587121546{padding-right: 0px !important;}&#8221;][vc_column_text]<\/p>\n<ul>\n<li>Profit\u0103 de puterea datelor<\/li>\n<li>Preg\u0103te\u015fte datele pentru o analiz\u0103 aprofundat\u0103<\/li>\n<li>Partajeaz\u0103 cu u\u0219urin\u021b\u0103 rapoarte cu ter\u0163ii<\/li>\n<\/ul>\n<p>[\/vc_column_text][\/vc_column_inner][\/vc_row_inner][\/vc_column][vc_column css=&#8221;.vc_custom_1541587225605{margin-top: 7px !important;padding-right: 115px !important;padding-left: 30px !important;}&#8221; offset=&#8221;vc_col-lg-6 vc_hidden-md vc_hidden-sm&#8221;][vc_single_image source=&#8221;external_link&#8221; alignment=&#8221;center&#8221; external_style=&#8221;vc_box_shadow&#8221; css_animation=&#8221;fadeIn&#8221; css=&#8221;.vc_custom_1602019837053{margin-bottom: 0px !important;}&#8221; custom_src=&#8221;\/wp-content\/uploads\/2020\/10\/side-section-pv-main-reporting.jpg&#8221; el_class=&#8221;kd-large-image&#8221;][\/vc_column][\/vc_row][vc_row full_width=&#8221;stretch_row_content_no_spaces&#8221; css=&#8221;.vc_custom_1539612903211{background-color: #f7f7f7 !important;}&#8221;][vc_column width=&#8221;1\/2&#8243; css=&#8221;.vc_custom_1522316929719{padding-top: 0px !important;}&#8221; offset=&#8221;vc_col-lg-6 vc_col-md-12&#8243;][vc_row_inner css=&#8221;.vc_custom_1539613321875{padding-top: 60px !important;}&#8221;][vc_column_inner width=&#8221;1\/6&#8243; offset=&#8221;vc_hidden-xs&#8221;][\/vc_column_inner][vc_column_inner width=&#8221;2\/3&#8243; offset=&#8221;vc_col-lg-offset-0 vc_col-md-offset-1 vc_col-sm-offset-1&#8243; css=&#8221;.vc_custom_1522316986270{padding-bottom: 50px !important;}&#8221;]<div class=\"key-icon-box icon-default icon-left cont-left ib-hover-2  kd-animated fadeInUp\" style=\"background-color: transparent;\" ><div class=\"ib-wrapper\"><i class=\"iconsmind-At-Sign iconsmind-Emails\" style=\" \"><\/i> <h6 class=\"service-heading\" >Rezumate \u0219i rapoarte prin e-mail<\/h6><p >Ob\u021bine cele mai importante schimb\u0103ri direct \u00een c\u0103su\u021ba de e-mail \u0219i suprinde u\u015for fluctua\u0163iile pre\u0163urilor sau comportamente neobi\u0219nuite \u00een r\u00e2ndul competitorilor.<\/p><\/div><\/div><div class=\"key-icon-box icon-default icon-left cont-left ib-hover-2  kd-animated fadeInUp\" style=\"background-color: transparent;\" data-animation-delay=200><div class=\"ib-wrapper\"><i class=\"iconsmind-Len-3 iconsmind-Photos-Class\" style=\" \"><\/i> <h6 class=\"service-heading\" >Preg\u0103tirea datelor<\/h6><p >Creeaz\u0103 rapoarte personalizate care s\u0103 con\u021bin\u0103 doar rezultatele care \u00eendeplinesc criteriile tale \u0219i transform\u0103 datele \u00eentr-un activ dinamic pentru strategia ta de stabilire a pre\u021burilor.<\/p><\/div><\/div><div class=\"key-icon-box icon-default icon-left cont-left ib-hover-2  kd-animated fadeInUp\" style=\"background-color: transparent;\" data-animation-delay=400><div class=\"ib-wrapper\"><i class=\"iconsmind-File-CSV iconsmind-Files-Class\" style=\" \"><\/i> <h6 class=\"service-heading\" >Exportarea datelor<\/h6><p >Export\u0103 datele \u00een format CSV, XLSX, DOCX, RTF sau XML cu un singur clic \u0219i import\u0103le mai departe \u00een instrumente de tip BI pentru analize aprofundate.<\/p><\/div><\/div>[\/vc_column_inner][vc_column_inner width=&#8221;1\/6&#8243;][\/vc_column_inner][\/vc_row_inner][\/vc_column][vc_column width=&#8221;1\/2&#8243; offset=&#8221;vc_col-lg-6 vc_col-md-12&#8243;][vc_row_inner css=&#8221;.vc_custom_1602019853009{padding-top: 200px !important;padding-bottom: 236px !important;background-image: url(https:\/\/pricevent.com\/wp-content\/uploads\/2020\/10\/side-section-pv-feature-pricing.jpg?id=8491) !important;background-position: center !important;background-repeat: no-repeat !important;background-size: cover !important;}&#8221;][vc_column_inner css=&#8221;.vc_custom_1511789291663{padding-top: 0px !important;padding-bottom: 0px !important;}&#8221;][vc_empty_space height=&#8221;200px&#8221;][\/vc_column_inner][\/vc_row_inner][\/vc_column][\/vc_row][vc_row full_width=&#8221;stretch_row_content_no_spaces&#8221; css=&#8221;.vc_custom_1539612903211{background-color: #f7f7f7 !important;}&#8221;][vc_column width=&#8221;1\/2&#8243; css=&#8221;.vc_custom_1522316929719{padding-top: 0px !important;}&#8221; offset=&#8221;vc_col-lg-6 vc_col-md-12&#8243;][vc_row_inner css=&#8221;.vc_custom_1602021776077{padding-top: 200px !important;padding-bottom: 236px !important;background-image: url(https:\/\/pricevent.com\/wp-content\/uploads\/2020\/10\/side-section-pv-feature-reporting.jpg?id=8495) !important;background-position: center !important;background-repeat: no-repeat !important;background-size: cover !important;}&#8221;][vc_column_inner css=&#8221;.vc_custom_1511789291663{padding-top: 0px !important;padding-bottom: 0px !important;}&#8221;][vc_empty_space height=&#8221;200px&#8221;][\/vc_column_inner][\/vc_row_inner][\/vc_column][vc_column width=&#8221;1\/2&#8243; offset=&#8221;vc_col-lg-6 vc_col-md-12&#8243;][vc_row_inner css=&#8221;.vc_custom_1539613321875{padding-top: 60px !important;}&#8221;][vc_column_inner width=&#8221;1\/6&#8243; offset=&#8221;vc_hidden-xs&#8221;][\/vc_column_inner][vc_column_inner width=&#8221;2\/3&#8243; offset=&#8221;vc_col-lg-offset-0 vc_col-md-offset-1 vc_col-sm-offset-1&#8243; css=&#8221;.vc_custom_1522316986270{padding-bottom: 50px !important;}&#8221;]<div class=\"key-icon-box icon-default icon-left cont-left ib-hover-2  kd-animated fadeInUp\" style=\"background-color: transparent;\" data-animation-delay=200><div class=\"ib-wrapper\"><i class=\"iconsmind-Sharethis iconsmind-Social-Media\" style=\" \"><\/i> <h6 class=\"service-heading\" >Livrarea datelor<\/h6><p >Furnizeaz\u0103 date persoanelor potrivite la momentul potrivit prin partajarea f\u0103r\u0103 efort a rapoartelor direct din aplica\u021bie.<\/p><\/div><\/div><div class=\"key-icon-box icon-default icon-left cont-left ib-hover-2  kd-animated fadeInUp\" style=\"background-color: transparent;\" data-animation-delay=400><div class=\"ib-wrapper\"><div class=\"tt-iconbox-customimg img_small_size\"><img loading=\"lazy\" decoding=\"async\" width=\"64\" height=\"100\" src=\"https:\/\/pricevent.com\/wp-content\/uploads\/2020\/10\/slack.fw_-3.png\" class=\"attachment-full\" alt=\"\" title=\"slack.fw\" \/><\/div><h6 class=\"service-heading\" >Integrare cu Slack<\/h6><p >Programeaz\u0103 \u0219i trimite rapoarte sau notific\u0103ri automate c\u0103tre canalele tale Slack, astfel \u00eenc\u00e2t s\u0103 po\u0163i purta conversa\u021bii chiar acolo unde are loc ac\u021biunea.<\/p><\/div><\/div><div class=\"key-icon-box icon-default icon-left cont-left ib-hover-2  kd-animated fadeInUp\" style=\"background-color: transparent;\" ><div class=\"ib-wrapper\"><div class=\"tt-iconbox-customimg img_small_size\"><img decoding=\"async\" src=\"\/wp-content\/uploads\/2020\/10\/sftp.fw_.png\" \/><\/div><h6 class=\"service-heading\" >Trimitere c\u0103tre SFTP<\/h6><p >Prea mare pentru a \u00eel trimite prin e-mail? Programeaz\u0103-l pentru a fi trimis la un server SFTP (Secure File Transfer Protocol).<\/p><\/div><\/div>[\/vc_column_inner][vc_column_inner width=&#8221;1\/6&#8243;][\/vc_column_inner][\/vc_row_inner][\/vc_column][\/vc_row][vc_row full_width=&#8221;stretch_row&#8221; css=&#8221;.vc_custom_1601757942015{margin-top: 100px !important;}&#8221;][vc_column css=&#8221;.vc_custom_1515687105834{padding-right: 0px !important;padding-left: 0px !important;}&#8221;]<header class=\"kd-section-title col-lg-12 text-center     vc_custom_1603234756850\" ><h2 class=\"separator_off\" >Iat\u0103 ce st\u0103 la baza celei mai puternice solu\u021bii de monitorizare a pre\u021burilor<\/h2><h6 class=\"subtitle \" >Exploreaz\u0103 \u00een detaliu func\u021bionalit\u0103\u021bile \u0219i afl\u0103 mai multe despre ceea \u00ee\u021bi ofer\u0103 PriceVent.<\/h6><\/header>[vc_row_inner css=&#8221;.vc_custom_1601757928668{padding-top: 50px !important;padding-bottom: 70px !important;}&#8221;][vc_column_inner width=&#8221;1\/4&#8243;]<div class=\"key-icon-box icon-default icon-top cont-left ib-hover-2  kd-animated fadeInUp\" style=\"background-color: transparent;\" ><a href=\"\/ro\/caracteristici\/tablou-de-bord\/\" target=\"\"><div class=\"ib-wrapper\"><i class=\"iconsmind-Split-FourSquareWindow iconsmind-Windows-Class\" style=\" \"><\/i> <h5 class=\"service-heading\" >Tablou de bord<\/h5><\/div><\/a><\/div>[\/vc_column_inner][vc_column_inner width=&#8221;1\/4&#8243;]<div class=\"key-icon-box icon-default icon-top cont-left ib-hover-2  kd-animated fadeInUp\" style=\"background-color: transparent;\" data-animation-delay=200><a href=\"\/ro\/caracteristici\/modul-de-analiza\/\" target=\"\"><div class=\"ib-wrapper\"><i class=\"iconsmind-Pie-Chart2 iconsmind-Business-Finance\" style=\" \"><\/i> <h5 class=\"service-heading\" >Modul de analiz\u0103<\/h5><\/div><\/a><\/div>[\/vc_column_inner][vc_column_inner width=&#8221;1\/4&#8243;]<div class=\"key-icon-box icon-default icon-top cont-left ib-hover-2  kd-animated fadeInUp\" style=\"background-color: transparent;\" data-animation-delay=400><a href=\"\/ro\/caracteristici\/gestionarea-datelor\/\" target=\"\"><div class=\"ib-wrapper\"><i class=\"iconsmind-Check iconsmind-Interface\" style=\" \"><\/i> <h5 class=\"service-heading\" >Gestionarea datelor<\/h5><\/div><\/a><\/div>[\/vc_column_inner][vc_column_inner width=&#8221;1\/4&#8243;]<div class=\"key-icon-box icon-default icon-top cont-left ib-hover-2  kd-animated fadeInUp\" style=\"background-color: transparent;\" data-animation-delay=600><a href=\"\/ro\/caracteristici\/preturi-dinamice\/\" target=\"\"><div class=\"ib-wrapper\"><i class=\"iconsmind-Double-Circle iconsmind-Arrow-View\" style=\" \"><\/i> <h5 class=\"service-heading\" >Pre\u0163uri dinamice<\/h5><\/div><\/a><\/div>[\/vc_column_inner][\/vc_row_inner][\/vc_column][\/vc_row][vc_row full_width=&#8221;stretch_row&#8221; css=&#8221;.vc_custom_1600974993235{border-bottom-width: 1px !important;background-color: #000000 !important;border-bottom-color: #383838 !important;border-bottom-style: solid !important;}&#8221;][vc_column][vc_row_inner css=&#8221;.vc_custom_1536243977243{padding-top: 100px !important;}&#8221;][vc_column_inner width=&#8221;1\/6&#8243; offset=&#8221;vc_hidden-xs&#8221;][\/vc_column_inner][vc_column_inner width=&#8221;2\/3&#8243;]<header class=\"kd-section-title col-lg-12 text-center  kd-animated fadeIn  \" data-animation-delay=200><h2 class=\"separator_off\" style=\"color: #ffffff;font-size: 38px;\">Transform\u0103 datele \u00een informa\u021bii care conduc la decizii!<\/h2><h6 class=\"subtitle \" >Completeaz\u0103 formularul cu datele personale \u015fi descoper\u0103 cum po\u0163i pune accentul pe elaborarea unei strategii de pre\u0163 c\u00e2\u0219tig\u0103toare.<\/h6><\/header>[vc_empty_space height=&#8221;15px&#8221;]<a  class=\"tt_button tt_primary_button btn_primary_color  button-center panel-trigger-btn  kd-animated zoomIn\" data-animation-delay=200><span class=\"prim_text\">\u00cencearc\u0103 gratuit<\/span><\/a>[\/vc_column_inner][vc_column_inner width=&#8221;1\/6&#8243; offset=&#8221;vc_hidden-xs&#8221;][\/vc_column_inner][\/vc_row_inner][vc_empty_space height=&#8221;95px&#8221;][\/vc_column][\/vc_row][vc_row][vc_column offset=&#8221;vc_hidden-lg vc_hidden-md vc_hidden-sm vc_hidden-xs&#8221;][vc_wp_custommenu nav_menu=&#8221;49&#8243;][\/vc_column][\/vc_row]<\/p>\n<\/div>","protected":false},"excerpt":{"rendered":"<p>[vc_row full_width=&#8221;stretch_row&#8221; css=&#8221;.vc_custom_1539776850139{padding-top: 100px !important;padding-bottom: 90px !important;}&#8221;][vc_column css=&#8221;.vc_custom_1541587114185{padding-right: 40px !important;padding-left: 30px !important;}&#8221; offset=&#8221;vc_col-lg-6&#8243;][vc_row_inner][vc_column_inner css=&#8221;.vc_custom_1541587107649{padding-right: 0px !important;padding-left: 0px !important;}&#8221;][vc_empty_space height=&#8221;100px&#8221;][vc_icon icon_fontawesome=&#8221;fas [&hellip;]<\/p>\n","protected":false},"author":1,"featured_media":0,"parent":8890,"menu_order":0,"comment_status":"closed","ping_status":"closed","template":"","meta":{"footnotes":""},"class_list":["post-8881","page","type-page","status-publish","hentry"],"_links":{"self":[{"href":"https:\/\/pricevent.com\/ro\/wp-json\/wp\/v2\/pages\/8881","targetHints":{"allow":["GET"]}}],"collection":[{"href":"https:\/\/pricevent.com\/ro\/wp-json\/wp\/v2\/pages"}],"about":[{"href":"https:\/\/pricevent.com\/ro\/wp-json\/wp\/v2\/types\/page"}],"author":[{"embeddable":true,"href":"https:\/\/pricevent.com\/ro\/wp-json\/wp\/v2\/users\/1"}],"replies":[{"embeddable":true,"href":"https:\/\/pricevent.com\/ro\/wp-json\/wp\/v2\/comments?post=8881"}],"version-history":[{"count":26,"href":"https:\/\/pricevent.com\/ro\/wp-json\/wp\/v2\/pages\/8881\/revisions"}],"predecessor-version":[{"id":18480,"href":"https:\/\/pricevent.com\/ro\/wp-json\/wp\/v2\/pages\/8881\/revisions\/18480"}],"up":[{"embeddable":true,"href":"https:\/\/pricevent.com\/ro\/wp-json\/wp\/v2\/pages\/8890"}],"wp:attachment":[{"href":"https:\/\/pricevent.com\/ro\/wp-json\/wp\/v2\/media?parent=8881"}],"curies":[{"name":"wp","href":"https:\/\/api.w.org\/{rel}","templated":true}]}}