{"id":8882,"date":"2020-10-05T23:13:22","date_gmt":"2020-10-05T20:13:22","guid":{"rendered":"https:\/\/pricevent.com\/data-management\/"},"modified":"2021-10-20T20:40:47","modified_gmt":"2021-10-20T17:40:47","slug":"gestionarea-datelor","status":"publish","type":"page","link":"https:\/\/pricevent.com\/ro\/caracteristici\/gestionarea-datelor\/","title":{"rendered":"Gestionarea datelor"},"content":{"rendered":"<div class=\"wpb-content-wrapper\"><p>[vc_row full_width=&#8221;stretch_row&#8221; css=&#8221;.vc_custom_1539776850139{padding-top: 100px !important;padding-bottom: 90px !important;}&#8221;][vc_column css=&#8221;.vc_custom_1541587114185{padding-right: 40px !important;padding-left: 30px !important;}&#8221; offset=&#8221;vc_col-lg-6&#8243;][vc_row_inner][vc_column_inner css=&#8221;.vc_custom_1541587107649{padding-right: 0px !important;padding-left: 0px !important;}&#8221;][vc_empty_space height=&#8221;120px&#8221;][vc_icon type=&#8221;material&#8221; icon_material=&#8221;vc-material vc-material-lens&#8221; color=&#8221;custom&#8221; size=&#8221;xl&#8221; align=&#8221;right&#8221; custom_color=&#8221;#3a5f96&#8243;]<header class=\"kd-section-title col-lg-12 text-right  kd-animated fadeIn  \" data-animation-delay=200><h2 class=\"separator_off\" style=\"font-size: 25px;\">Gestionare simplificat\u0103 a datelor.<\/h2><\/header><header class=\"kd-section-title col-lg-12 text-right solid-line sep-border-width-2  kd-animated fadeIn  \" data-animation-delay=200><h2 class=\"separator_on\" >Gestioneaz\u0103 de unul singur funda\u021bia care alimenteaz\u0103 PriceVent, \u00een mod centralizat, utiliz\u00e2nd un set complet de func\u021bionalit\u0103\u021bi intuitive.<\/h2><div class=\"kd-separator below_title\" ><div class=\"kd-separator-line\" ><\/div><\/div><\/header>[\/vc_column_inner][\/vc_row_inner][vc_row_inner css=&#8221;.vc_custom_1539776664384{margin-top: 40px !important;}&#8221;][vc_column_inner width=&#8221;5\/12&#8243; offset=&#8221;vc_hidden-md vc_hidden-sm vc_hidden-xs&#8221;][\/vc_column_inner][vc_column_inner offset=&#8221;vc_col-lg-7&#8243; css=&#8221;.vc_custom_1541587121546{padding-right: 0px !important;}&#8221;][vc_column_text]<\/p>\n<ul>\n<li>Profit\u0103 de puterea datelor<\/li>\n<li>Modific\u0103 datele cu ac\u021biuni \u00een bloc<\/li>\n<li>Organizeaz\u0103 datele pentru a \u00ee\u021bi optimiza lucru<\/li>\n<\/ul>\n<p>[\/vc_column_text][\/vc_column_inner][\/vc_row_inner][\/vc_column][vc_column css=&#8221;.vc_custom_1541587225605{margin-top: 7px !important;padding-right: 115px !important;padding-left: 30px !important;}&#8221; offset=&#8221;vc_col-lg-6 vc_hidden-md vc_hidden-sm&#8221;][vc_single_image source=&#8221;external_link&#8221; alignment=&#8221;center&#8221; external_style=&#8221;vc_box_shadow&#8221; css_animation=&#8221;fadeIn&#8221; css=&#8221;.vc_custom_1601929532710{margin-bottom: 0px !important;}&#8221; custom_src=&#8221;\/wp-content\/uploads\/2020\/10\/side-section-pv-main-data-management.jpg&#8221; el_class=&#8221;kd-large-image&#8221;][\/vc_column][\/vc_row][vc_row full_width=&#8221;stretch_row_content_no_spaces&#8221; css=&#8221;.vc_custom_1539612903211{background-color: #f7f7f7 !important;}&#8221;][vc_column width=&#8221;1\/2&#8243; css=&#8221;.vc_custom_1522316929719{padding-top: 0px !important;}&#8221; offset=&#8221;vc_col-lg-6 vc_col-md-12&#8243;][vc_row_inner css=&#8221;.vc_custom_1539613321875{padding-top: 60px !important;}&#8221;][vc_column_inner width=&#8221;1\/6&#8243; offset=&#8221;vc_hidden-xs&#8221;][\/vc_column_inner][vc_column_inner width=&#8221;2\/3&#8243; offset=&#8221;vc_col-lg-offset-0 vc_col-md-offset-1 vc_col-sm-offset-1&#8243; css=&#8221;.vc_custom_1522316986270{padding-bottom: 50px !important;}&#8221;]<div class=\"key-icon-box icon-default icon-left cont-left ib-hover-2  kd-animated fadeInUp\" style=\"background-color: transparent;\" ><div class=\"ib-wrapper\"><i class=\"fas fa-barcode\" style=\" \"><\/i> <h6 class=\"service-heading\" >Administrarea produselor<\/h6><p >R\u0103sfoie\u0219te, ad\u0103ug\u0103, editeaz\u0103 sau elimin\u0103 produse \u00eentr-un mod rapid \u0219i u\u0219or pentru a \u00ee\u021bi men\u021bine catalogul actualizat.<\/p><\/div><\/div><div class=\"key-icon-box icon-default icon-left cont-left ib-hover-2  kd-animated fadeInUp\" style=\"background-color: transparent;\" ><div class=\"ib-wrapper\"><i class=\"iconsmind-Folder iconsmind-Folders-Class\" style=\" \"><\/i> <h6 class=\"service-heading\" >Categorizarea produselor<\/h6><p >Creeaz\u0103 sau editeaz\u0103 categorii de produse pentru a \u00ee\u021bi structura catalogul \u0219i a ob\u021bine informa\u021bii \u00eentr-un mod organizat.<\/p><\/div><\/div><div class=\"key-icon-box icon-default icon-left cont-left ib-hover-2  kd-animated fadeInUp\" style=\"background-color: transparent;\" data-animation-delay=200><div class=\"ib-wrapper\"><i class=\"iconsmind-Link-2 iconsmind-Seo-Icons\" style=\" \"><\/i> <h6 class=\"service-heading\" >Potrivire exact\u0103<\/h6><p >Potrivi\u0219te-\u021bi produsele cu cele ale concuren\u021bilor \u0219i afl\u0103 cum te pozi\u021bionezi fa\u021b\u0103 de ace\u0219tia.<\/p><\/div><\/div>[\/vc_column_inner][vc_column_inner width=&#8221;1\/6&#8243;][\/vc_column_inner][\/vc_row_inner][\/vc_column][vc_column width=&#8221;1\/2&#8243; offset=&#8221;vc_col-lg-6 vc_col-md-12&#8243;][vc_row_inner css=&#8221;.vc_custom_1601937687901{padding-top: 200px !important;padding-bottom: 236px !important;background-image: url(https:\/\/pricevent.com\/wp-content\/uploads\/2020\/10\/side-section-pv-feature-first-pdm.jpg?id=8413) !important;background-position: center !important;background-repeat: no-repeat !important;background-size: cover !important;}&#8221;][vc_column_inner css=&#8221;.vc_custom_1511789291663{padding-top: 0px !important;padding-bottom: 0px !important;}&#8221;][vc_empty_space height=&#8221;200px&#8221;][\/vc_column_inner][\/vc_row_inner][\/vc_column][\/vc_row][vc_row full_width=&#8221;stretch_row_content_no_spaces&#8221; css=&#8221;.vc_custom_1539612903211{background-color: #f7f7f7 !important;}&#8221;][vc_column width=&#8221;1\/2&#8243; css=&#8221;.vc_custom_1522316929719{padding-top: 0px !important;}&#8221; offset=&#8221;vc_col-lg-6 vc_col-md-12&#8243;][vc_row_inner css=&#8221;.vc_custom_1601938225948{padding-top: 200px !important;padding-bottom: 236px !important;background-image: url(https:\/\/pricevent.com\/wp-content\/uploads\/2020\/10\/side-section-pv-feature-second-pdm.jpg?id=8416) !important;background-position: center !important;background-repeat: no-repeat !important;background-size: cover !important;}&#8221;][vc_column_inner css=&#8221;.vc_custom_1511789291663{padding-top: 0px !important;padding-bottom: 0px !important;}&#8221;][vc_empty_space height=&#8221;200px&#8221;][\/vc_column_inner][\/vc_row_inner][\/vc_column][vc_column width=&#8221;1\/2&#8243; offset=&#8221;vc_col-lg-6 vc_col-md-12&#8243;][vc_row_inner css=&#8221;.vc_custom_1539613321875{padding-top: 60px !important;}&#8221;][vc_column_inner width=&#8221;1\/6&#8243; offset=&#8221;vc_hidden-xs&#8221;][\/vc_column_inner][vc_column_inner width=&#8221;2\/3&#8243; offset=&#8221;vc_col-lg-offset-0 vc_col-md-offset-1 vc_col-sm-offset-1&#8243; css=&#8221;.vc_custom_1522316986270{padding-bottom: 50px !important;}&#8221;]<div class=\"key-icon-box icon-default icon-left cont-left ib-hover-2  kd-animated fadeInUp\" style=\"background-color: transparent;\" data-animation-delay=400><div class=\"ib-wrapper\"><i class=\"iconsmind-Financial iconsmind-Business-Finance\" style=\" \"><\/i> <h6 class=\"service-heading\" >Pre\u021buri de la furnizori<\/h6><p >Ad\u0103ug\u0103 pre\u021burile mai multor furnizori pentru acela\u0219i produs pentru a p\u0103stra \u00een aten\u021bie costurile \u0219i a proteja marjele.<\/p><\/div><\/div><div class=\"key-icon-box icon-default icon-left cont-left ib-hover-2  kd-animated fadeInUp\" style=\"background-color: transparent;\" ><div class=\"ib-wrapper\"><i class=\"iconsmind-Check iconsmind-Interface\" style=\" \"><\/i> <h6 class=\"service-heading\" >Adminsitrare \u00een mas\u0103<\/h6><p >Actualizeaz\u0103 cu u\u0219urin\u021b\u0103 mai multe produse dintr-un singur foc, mai degrab\u0103 dec\u00e2t individual, economisind timp.<\/p><\/div><\/div><div class=\"key-icon-box icon-default icon-left cont-left ib-hover-2  kd-animated fadeInUp\" style=\"background-color: transparent;\" data-animation-delay=200><div class=\"ib-wrapper\"><i class=\"iconsmind-Close iconsmind-Interface\" style=\" \"><\/i> <h6 class=\"service-heading\" >Monitorizarea stocurilor<\/h6><p >Ac\u021bioneaz\u0103 la momentul potrivit ajust\u00e2nd pre\u021burile \u00een timp ce concuren\u021bii t\u0103i \u0219i-au epuizat stocurile.<\/p><\/div><\/div>[\/vc_column_inner][vc_column_inner width=&#8221;1\/6&#8243;][\/vc_column_inner][\/vc_row_inner][\/vc_column][\/vc_row][vc_row full_width=&#8221;stretch_row&#8221; css=&#8221;.vc_custom_1601757942015{margin-top: 100px !important;}&#8221;][vc_column css=&#8221;.vc_custom_1515687105834{padding-right: 0px !important;padding-left: 0px !important;}&#8221;]<header class=\"kd-section-title col-lg-12 text-center     vc_custom_1603234803420\" ><h2 class=\"separator_off\" >Iat\u0103 ce st\u0103 la baza celei mai puternice solu\u021bii de monitorizare a pre\u021burilor<\/h2><h6 class=\"subtitle \" >Exploreaz\u0103 \u00een detaliu func\u021bionalit\u0103\u021bile \u0219i afl\u0103 mai multe despre ceea \u00ee\u021bi ofer\u0103 PriceVent.<\/h6><\/header>[vc_row_inner css=&#8221;.vc_custom_1603830410707{padding-top: 50px !important;padding-bottom: 70px !important;}&#8221;][vc_column_inner width=&#8221;1\/4&#8243;]<div class=\"key-icon-box icon-default icon-top cont-left ib-hover-2  kd-animated fadeInUp\" style=\"background-color: transparent;\" ><a href=\"\/ro\/caracteristici\/tablou-de-bord\/\" target=\"\"><div class=\"ib-wrapper\"><i class=\"iconsmind-Split-FourSquareWindow iconsmind-Windows-Class\" style=\" \"><\/i> <h5 class=\"service-heading\" >Tablou de bord<\/h5><\/div><\/a><\/div>[\/vc_column_inner][vc_column_inner width=&#8221;1\/4&#8243;]<div class=\"key-icon-box icon-default icon-top cont-left ib-hover-2  kd-animated fadeInUp\" style=\"background-color: transparent;\" data-animation-delay=200><a href=\"\/ro\/caracteristici\/modul-de-analiza\/\" target=\"\"><div class=\"ib-wrapper\"><i class=\"iconsmind-Pie-Chart2 iconsmind-Business-Finance\" style=\" \"><\/i> <h5 class=\"service-heading\" >Modul de analiz\u0103<\/h5><\/div><\/a><\/div>[\/vc_column_inner][vc_column_inner width=&#8221;1\/4&#8243;]<div class=\"key-icon-box icon-default icon-top cont-left ib-hover-2  kd-animated fadeInUp\" style=\"background-color: transparent;\" data-animation-delay=400><a href=\"\/ro\/caracteristici\/rapoarte-si-notificari\/\" target=\"\"><div class=\"ib-wrapper\"><i class=\"iconsmind-Check iconsmind-Interface\" style=\" \"><\/i> <h5 class=\"service-heading\" >Rapaorte \u015fi notific\u0103ri<\/h5><\/div><\/a><\/div>[\/vc_column_inner][vc_column_inner width=&#8221;1\/4&#8243;]<div class=\"key-icon-box icon-default icon-top cont-left ib-hover-2  kd-animated fadeInUp\" style=\"background-color: transparent;\" data-animation-delay=600><a href=\"\/ro\/caracteristici\/preturi-dinamice\/\" target=\"\"><div class=\"ib-wrapper\"><i class=\"iconsmind-Double-Circle iconsmind-Arrow-View\" style=\" \"><\/i> <h5 class=\"service-heading\" >Pre\u0163uri dinamice<\/h5><\/div><\/a><\/div>[\/vc_column_inner][\/vc_row_inner][\/vc_column][\/vc_row][vc_row full_width=&#8221;stretch_row&#8221; css=&#8221;.vc_custom_1600974993235{border-bottom-width: 1px !important;background-color: #000000 !important;border-bottom-color: #383838 !important;border-bottom-style: solid !important;}&#8221;][vc_column][vc_row_inner css=&#8221;.vc_custom_1536243977243{padding-top: 100px !important;}&#8221;][vc_column_inner width=&#8221;1\/6&#8243; offset=&#8221;vc_hidden-xs&#8221;][\/vc_column_inner][vc_column_inner width=&#8221;2\/3&#8243;]<header class=\"kd-section-title col-lg-12 text-center  kd-animated fadeIn  \" data-animation-delay=200><h2 class=\"separator_off\" style=\"color: #ffffff;font-size: 40px;\">Dep\u0103\u0219e\u0219te-\u021bi concuren\u021ba \u0219i cre\u0219te-\u021bi cota de pia\u021b\u0103!<\/h2><h6 class=\"subtitle \" >Completeaz\u0103 formularul cu datele personale \u0219i descoper\u0103 cum \u00ee\u021bi po\u021bi imbun\u0103t\u0103\u021bi strategia de pre\u021b pentru a umple golurile l\u0103sate de concuren\u021b\u0103.<\/h6><\/header>[vc_empty_space height=&#8221;15px&#8221;]<a  class=\"tt_button tt_primary_button btn_primary_color  button-center panel-trigger-btn  kd-animated zoomIn\" data-animation-delay=200><span class=\"prim_text\">\u00cencearc\u0103 gratuit<\/span><\/a>[\/vc_column_inner][vc_column_inner width=&#8221;1\/6&#8243; offset=&#8221;vc_hidden-xs&#8221;][\/vc_column_inner][\/vc_row_inner][vc_empty_space height=&#8221;95px&#8221;][\/vc_column][\/vc_row][vc_row][vc_column offset=&#8221;vc_hidden-lg vc_hidden-md vc_hidden-sm vc_hidden-xs&#8221;][vc_wp_custommenu nav_menu=&#8221;49&#8243;][\/vc_column][\/vc_row]<\/p>\n<\/div>","protected":false},"excerpt":{"rendered":"<p>[vc_row full_width=&#8221;stretch_row&#8221; css=&#8221;.vc_custom_1539776850139{padding-top: 100px !important;padding-bottom: 90px !important;}&#8221;][vc_column css=&#8221;.vc_custom_1541587114185{padding-right: 40px !important;padding-left: 30px !important;}&#8221; offset=&#8221;vc_col-lg-6&#8243;][vc_row_inner][vc_column_inner css=&#8221;.vc_custom_1541587107649{padding-right: 0px !important;padding-left: 0px !important;}&#8221;][vc_empty_space height=&#8221;120px&#8221;][vc_icon type=&#8221;material&#8221; [&hellip;]<\/p>\n","protected":false},"author":1,"featured_media":0,"parent":8890,"menu_order":0,"comment_status":"closed","ping_status":"closed","template":"","meta":{"footnotes":""},"class_list":["post-8882","page","type-page","status-publish","hentry"],"_links":{"self":[{"href":"https:\/\/pricevent.com\/ro\/wp-json\/wp\/v2\/pages\/8882","targetHints":{"allow":["GET"]}}],"collection":[{"href":"https:\/\/pricevent.com\/ro\/wp-json\/wp\/v2\/pages"}],"about":[{"href":"https:\/\/pricevent.com\/ro\/wp-json\/wp\/v2\/types\/page"}],"author":[{"embeddable":true,"href":"https:\/\/pricevent.com\/ro\/wp-json\/wp\/v2\/users\/1"}],"replies":[{"embeddable":true,"href":"https:\/\/pricevent.com\/ro\/wp-json\/wp\/v2\/comments?post=8882"}],"version-history":[{"count":19,"href":"https:\/\/pricevent.com\/ro\/wp-json\/wp\/v2\/pages\/8882\/revisions"}],"predecessor-version":[{"id":18477,"href":"https:\/\/pricevent.com\/ro\/wp-json\/wp\/v2\/pages\/8882\/revisions\/18477"}],"up":[{"embeddable":true,"href":"https:\/\/pricevent.com\/ro\/wp-json\/wp\/v2\/pages\/8890"}],"wp:attachment":[{"href":"https:\/\/pricevent.com\/ro\/wp-json\/wp\/v2\/media?parent=8882"}],"curies":[{"name":"wp","href":"https:\/\/api.w.org\/{rel}","templated":true}]}}