{"id":8888,"date":"2020-10-04T22:52:13","date_gmt":"2020-10-04T19:52:13","guid":{"rendered":"https:\/\/pricevent.com\/pricing-analytics\/"},"modified":"2024-03-16T22:02:59","modified_gmt":"2024-03-16T20:02:59","slug":"modul-de-analiza","status":"publish","type":"page","link":"https:\/\/pricevent.com\/ro\/caracteristici\/modul-de-analiza\/","title":{"rendered":"Modul de analiz\u0103"},"content":{"rendered":"<div class=\"wpb-content-wrapper\"><p>[vc_row full_width=&#8221;stretch_row&#8221; css=&#8221;.vc_custom_1539776850139{padding-top: 100px !important;padding-bottom: 90px !important;}&#8221;][vc_column css=&#8221;.vc_custom_1541587114185{padding-right: 40px !important;padding-left: 30px !important;}&#8221; offset=&#8221;vc_col-lg-6&#8243;][vc_row_inner][vc_column_inner css=&#8221;.vc_custom_1541587107649{padding-right: 0px !important;padding-left: 0px !important;}&#8221;][vc_empty_space height=&#8221;50px&#8221;][vc_icon type=&#8221;material&#8221; icon_material=&#8221;vc-material vc-material-multiline_chart&#8221; color=&#8221;custom&#8221; size=&#8221;xl&#8221; align=&#8221;right&#8221; custom_color=&#8221;#3a5f96&#8243;]<header class=\"kd-section-title col-lg-12 text-right  kd-animated fadeIn  \" data-animation-delay=200><h2 class=\"separator_off\" style=\"font-size: 25px;\">Prive\u0219te dincolo de foile de calcul!<\/h2><\/header><header class=\"kd-section-title col-lg-12 text-right solid-line sep-border-width-2  kd-animated fadeIn  \" data-animation-delay=200><h2 class=\"separator_on\" >Modulul de analiz\u0103 al PriceVent te ajut\u0103 s\u0103 valorifici datele \u00eentr-un mod eficient, s\u0103 identifici rapid, u\u0219or \u0219i intuitiv mi\u0219c\u0103rile concuren\u021bei \u0219i s\u0103 le transformi \u00een oportunit\u0103\u021bi pentru tine.<\/h2><div class=\"kd-separator below_title\" ><div class=\"kd-separator-line\" ><\/div><\/div><\/header>[\/vc_column_inner][\/vc_row_inner][vc_row_inner css=&#8221;.vc_custom_1539776664384{margin-top: 40px !important;}&#8221;][vc_column_inner width=&#8221;5\/12&#8243; offset=&#8221;vc_hidden-md vc_hidden-sm vc_hidden-xs&#8221;][\/vc_column_inner][vc_column_inner offset=&#8221;vc_col-lg-7&#8243; css=&#8221;.vc_custom_1541587121546{padding-right: 0px !important;}&#8221;][vc_column_text]<\/p>\n<ul>\n<li>Afl\u0103 c\u00e2t de competitive sunt produsele tale<\/li>\n<li>Consult\u0103 rapid recomand\u0103rile de pre\u021b<\/li>\n<li>Descoper\u0103 dinamica pre\u021burilor ascunse<\/li>\n<\/ul>\n<p>[\/vc_column_text][\/vc_column_inner][\/vc_row_inner][\/vc_column][vc_column css=&#8221;.vc_custom_1541587225605{margin-top: 7px !important;padding-right: 115px !important;padding-left: 30px !important;}&#8221; offset=&#8221;vc_col-lg-6 vc_hidden-md vc_hidden-sm&#8221;][vc_single_image source=&#8221;external_link&#8221; alignment=&#8221;center&#8221; external_style=&#8221;vc_box_shadow&#8221; css_animation=&#8221;fadeIn&#8221; css=&#8221;.vc_custom_1601847968673{margin-bottom: 0px !important;}&#8221; custom_src=&#8221;\/wp-content\/uploads\/2020\/10\/side-section-pv-main-pricing-analytics-1.jpg&#8221; el_class=&#8221;kd-large-image&#8221;][\/vc_column][\/vc_row][vc_row full_width=&#8221;stretch_row_content_no_spaces&#8221; css=&#8221;.vc_custom_1539612903211{background-color: #f7f7f7 !important;}&#8221;][vc_column width=&#8221;1\/2&#8243; css=&#8221;.vc_custom_1522316929719{padding-top: 0px !important;}&#8221; offset=&#8221;vc_col-lg-6 vc_col-md-12&#8243;][vc_row_inner css=&#8221;.vc_custom_1539613321875{padding-top: 60px !important;}&#8221;][vc_column_inner width=&#8221;1\/6&#8243; offset=&#8221;vc_hidden-xs&#8221;][\/vc_column_inner][vc_column_inner width=&#8221;2\/3&#8243; offset=&#8221;vc_col-lg-offset-0 vc_col-md-offset-1 vc_col-sm-offset-1&#8243; css=&#8221;.vc_custom_1522316986270{padding-bottom: 50px !important;}&#8221;]<div class=\"key-icon-box icon-default icon-left cont-left ib-hover-2  kd-animated fadeInUp\" style=\"background-color: transparent;\" ><div class=\"ib-wrapper\"><i class=\"iconsmind-Scale iconsmind-Objects\" style=\" \"><\/i> <h6 class=\"service-heading\" >Analiza pre\u021burilor<\/h6><p >Descoper\u0103 care dintre produsele pe care le comercializezi sunt mai ieftine, egale sau mai scumpe dec\u00e2t cele ale concuren\u021bilor.<\/p><\/div><\/div><div class=\"key-icon-box icon-default icon-left cont-left ib-hover-2  kd-animated fadeInUp\" style=\"background-color: transparent;\" data-animation-delay=200><div class=\"ib-wrapper\"><i class=\"iconsmind-Neutron iconsmind-Science-Medical\" style=\" \"><\/i> <h6 class=\"service-heading\" >Statistici analitice<\/h6><p >Identific\u0103 produsele pentru care trebuie s\u0103 ajustezi pre\u021burile pentru a ie\u0219i \u00een eviden\u021b\u0103 printre concuren\u021bi.<\/p><\/div><\/div><div class=\"key-icon-box icon-default icon-left cont-left ib-hover-2  kd-animated fadeInUp\" style=\"background-color: transparent;\" data-animation-delay=400><div class=\"ib-wrapper\"><i class=\"iconsmind-Medal-2 iconsmind-Sports\" style=\" \"><\/i> <h6 class=\"service-heading\" >Clasamentul pre\u021burilor<\/h6><p >Urm\u0103re\u0219te schimb\u0103rile \u0219i modul \u00een care te pozi\u021bionezi fa\u021b\u0103 de concuren\u021bi \u0219i ob\u021bine o privire de ansamblu asupra evolu\u021biei pentru a identifica la timp lacunele \u0219i oportunit\u0103\u021bile.<\/p><\/div><\/div>[\/vc_column_inner][vc_column_inner width=&#8221;1\/6&#8243;][\/vc_column_inner][\/vc_row_inner][\/vc_column][vc_column width=&#8221;1\/2&#8243; offset=&#8221;vc_col-lg-6 vc_col-md-12&#8243;][vc_row_inner css=&#8221;.vc_custom_1601848932323{padding-top: 200px !important;padding-bottom: 236px !important;background-image: url(https:\/\/pricevent.com\/wp-content\/uploads\/2020\/10\/side-section-pv-features-second-analytics-2.jpg?id=8366) !important;background-position: center !important;background-repeat: no-repeat !important;background-size: cover !important;}&#8221;][vc_column_inner css=&#8221;.vc_custom_1511789291663{padding-top: 0px !important;padding-bottom: 0px !important;}&#8221;][vc_empty_space height=&#8221;200px&#8221;][\/vc_column_inner][\/vc_row_inner][\/vc_column][\/vc_row][vc_row full_width=&#8221;stretch_row_content_no_spaces&#8221; css=&#8221;.vc_custom_1539612903211{background-color: #f7f7f7 !important;}&#8221;][vc_column width=&#8221;1\/2&#8243; css=&#8221;.vc_custom_1522316929719{padding-top: 0px !important;}&#8221; offset=&#8221;vc_col-lg-6 vc_col-md-12&#8243;][vc_row_inner css=&#8221;.vc_custom_1601881769563{padding-top: 200px !important;padding-bottom: 236px !important;background-image: url(https:\/\/pricevent.com\/wp-content\/uploads\/2020\/10\/side-section-pv-features-second-analytics-second-1.jpg?id=8373) !important;background-position: center !important;background-repeat: no-repeat !important;background-size: cover !important;}&#8221;][vc_column_inner css=&#8221;.vc_custom_1511789291663{padding-top: 0px !important;padding-bottom: 0px !important;}&#8221;][vc_empty_space height=&#8221;200px&#8221;][\/vc_column_inner][\/vc_row_inner][\/vc_column][vc_column width=&#8221;1\/2&#8243; offset=&#8221;vc_col-lg-6 vc_col-md-12&#8243;][vc_row_inner css=&#8221;.vc_custom_1539613321875{padding-top: 60px !important;}&#8221;][vc_column_inner width=&#8221;1\/6&#8243; offset=&#8221;vc_hidden-xs&#8221;][\/vc_column_inner][vc_column_inner width=&#8221;2\/3&#8243; offset=&#8221;vc_col-lg-offset-0 vc_col-md-offset-1 vc_col-sm-offset-1&#8243; css=&#8221;.vc_custom_1522316986270{padding-bottom: 50px !important;}&#8221;]<div class=\"key-icon-box icon-default icon-left cont-left ib-hover-2  kd-animated fadeInUp\" style=\"background-color: transparent;\" data-animation-delay=200><div class=\"ib-wrapper\"><i class=\"iconsmind-Venn-Diagram iconsmind-Signs-Symbols\" style=\" \"><\/i> <h6 class=\"service-heading\" >Analiz\u0103 granular\u0103<\/h6><p >R\u0103m\u00e2i proactiv con\u0219tientiz\u00e2nd pe deplin performan\u021bele m\u0103rciilor, categoriilor \u0219i subcategoriilor versus concuren\u021bii t\u0103i.<\/p><\/div><\/div><div class=\"key-icon-box icon-default icon-left cont-left ib-hover-2  kd-animated fadeInUp\" style=\"background-color: transparent;\" ><div class=\"ib-wrapper\"><i class=\"iconsmind-Pie-Chart2 iconsmind-Business-Finance\" style=\" \"><\/i> <h6 class=\"service-heading\" >Exportarea datelor<\/h6><p >Salveaz\u0103 rapid diagrame detaliate \u00een format de calitate, gata pentru a fi utilizate \u00een prezent\u0103ri sau rapoarte, pentru a facilita luarea deciziilor.<\/p><\/div><\/div><div class=\"key-icon-box icon-default icon-left cont-left ib-hover-2  kd-animated fadeInUp\" style=\"background-color: transparent;\" data-animation-delay=400><div class=\"ib-wrapper\"><i class=\"iconsmind-Equalizer iconsmind-Music\" style=\" \"><\/i> <h6 class=\"service-heading\" >Diagrame complet personalizabile<\/h6><p >Treci la nivelul urm\u0103tor modific\u00e2nd op\u021biunile pentru a releva \u0219i compara mai bine seturile de date.<\/p><\/div><\/div>[\/vc_column_inner][vc_column_inner width=&#8221;1\/6&#8243;][\/vc_column_inner][\/vc_row_inner][\/vc_column][\/vc_row][vc_row full_width=&#8221;stretch_row&#8221; css=&#8221;.vc_custom_1601757942015{margin-top: 100px !important;}&#8221;][vc_column css=&#8221;.vc_custom_1515687105834{padding-right: 0px !important;padding-left: 0px !important;}&#8221;]<header class=\"kd-section-title col-lg-12 text-center     vc_custom_1603227660485\" ><h2 class=\"separator_off\" >Iat\u0103 ce st\u0103 la baza celei mai puternice solu\u021bii de monitorizare a pre\u021burilor<\/h2><h6 class=\"subtitle \" >Exploreaz\u0103 \u00een detaliu func\u021bionalit\u0103\u021bile \u0219i afl\u0103 mai multe despre ceea \u00ee\u021bi ofer\u0103 PriceVent.<\/h6><\/header>[vc_row_inner css=&#8221;.vc_custom_1601757928668{padding-top: 50px !important;padding-bottom: 70px !important;}&#8221;][vc_column_inner width=&#8221;1\/4&#8243;]<div class=\"key-icon-box icon-default icon-top cont-left ib-hover-2  kd-animated fadeInUp\" style=\"background-color: transparent;\" ><a href=\"\/ro\/caracteristici\/tablou-de-bord\/\" target=\"\"><div class=\"ib-wrapper\"><i class=\"iconsmind-Split-FourSquareWindow iconsmind-Windows-Class\" style=\" \"><\/i> <h5 class=\"service-heading\" >Tablou de bord<\/h5><\/div><\/a><\/div>[\/vc_column_inner][vc_column_inner width=&#8221;1\/4&#8243;]<div class=\"key-icon-box icon-default icon-top cont-left ib-hover-2  kd-animated fadeInUp\" style=\"background-color: transparent;\" data-animation-delay=200><a href=\"\/ro\/caracteristici\/gestionarea-datelor\/\" target=\"\"><div class=\"ib-wrapper\"><i class=\"iconsmind-Check iconsmind-Interface\" style=\" \"><\/i> <h5 class=\"service-heading\" >Gestionarea datelor<\/h5><\/div><\/a><\/div>[\/vc_column_inner][vc_column_inner width=&#8221;1\/4&#8243;]<div class=\"key-icon-box icon-default icon-top cont-left ib-hover-2  kd-animated fadeInUp\" style=\"background-color: transparent;\" data-animation-delay=600><a href=\"\/ro\/caracteristici\/rapoarte-si-notificari\/\" target=\"\"><div class=\"ib-wrapper\"><i class=\"iconsmind-File-Chart iconsmind-Files-Class\" style=\" \"><\/i> <h5 class=\"service-heading\" >Rapoarte \u015fi notific\u0103ri<\/h5><\/div><\/a><\/div>[\/vc_column_inner][vc_column_inner width=&#8221;1\/4&#8243;]<div class=\"key-icon-box icon-default icon-top cont-left ib-hover-2  kd-animated fadeInUp\" style=\"background-color: transparent;\" data-animation-delay=400><a href=\"\/ro\/caracteristici\/preturi-dinamice\/\" target=\"\"><div class=\"ib-wrapper\"><i class=\"iconsmind-Double-Circle iconsmind-Arrow-View\" style=\" \"><\/i> <h5 class=\"service-heading\" >Pre\u0163uri dinamice<\/h5><\/div><\/a><\/div>[\/vc_column_inner][\/vc_row_inner][\/vc_column][\/vc_row][vc_row full_width=&#8221;stretch_row&#8221; css=&#8221;.vc_custom_1600974993235{border-bottom-width: 1px !important;background-color: #000000 !important;border-bottom-color: #383838 !important;border-bottom-style: solid !important;}&#8221;][vc_column][vc_row_inner css=&#8221;.vc_custom_1536243977243{padding-top: 100px !important;}&#8221;][vc_column_inner width=&#8221;1\/6&#8243; offset=&#8221;vc_hidden-xs&#8221;][\/vc_column_inner][vc_column_inner width=&#8221;2\/3&#8243;]<header class=\"kd-section-title col-lg-12 text-center  kd-animated fadeIn  \" data-animation-delay=200><h2 class=\"separator_off\" style=\"color: #ffffff;font-size: 40px;\">Ia decizii \u00een cono\u0219tin\u021b\u0103 de cauz\u0103!<\/h2><h6 class=\"subtitle \" >Completeaz\u0103 formularul cu datele personale \u0219i permite\u021bi-ne s\u0103 te ajut\u0103m s\u0103 \u00ee\u021bi imbun\u0103t\u0103\u021be\u0219ti strategia de pre\u021b \u0219i s\u0103-\u021bi atingi obiectivele de v\u00e2nz\u0103ri.<\/h6><\/header>[vc_empty_space height=&#8221;15px&#8221;]<a  class=\"tt_button tt_primary_button btn_primary_color  button-center panel-trigger-btn  kd-animated zoomIn\" data-animation-delay=200><span class=\"prim_text\">\u00cencearc\u0103 gratuit<\/span><\/a>[\/vc_column_inner][vc_column_inner width=&#8221;1\/6&#8243; offset=&#8221;vc_hidden-xs&#8221;][\/vc_column_inner][\/vc_row_inner][vc_empty_space height=&#8221;95px&#8221;][\/vc_column][\/vc_row][vc_row][vc_column offset=&#8221;vc_hidden-lg vc_hidden-md vc_hidden-sm vc_hidden-xs&#8221;][vc_wp_custommenu nav_menu=&#8221;49&#8243;][\/vc_column][\/vc_row]<\/p>\n<\/div>","protected":false},"excerpt":{"rendered":"<p>[vc_row full_width=&#8221;stretch_row&#8221; css=&#8221;.vc_custom_1539776850139{padding-top: 100px !important;padding-bottom: 90px !important;}&#8221;][vc_column css=&#8221;.vc_custom_1541587114185{padding-right: 40px !important;padding-left: 30px !important;}&#8221; offset=&#8221;vc_col-lg-6&#8243;][vc_row_inner][vc_column_inner css=&#8221;.vc_custom_1541587107649{padding-right: 0px !important;padding-left: 0px !important;}&#8221;][vc_empty_space height=&#8221;50px&#8221;][vc_icon type=&#8221;material&#8221; [&hellip;]<\/p>\n","protected":false},"author":1,"featured_media":0,"parent":8890,"menu_order":0,"comment_status":"closed","ping_status":"closed","template":"","meta":{"footnotes":""},"class_list":["post-8888","page","type-page","status-publish","hentry"],"_links":{"self":[{"href":"https:\/\/pricevent.com\/ro\/wp-json\/wp\/v2\/pages\/8888","targetHints":{"allow":["GET"]}}],"collection":[{"href":"https:\/\/pricevent.com\/ro\/wp-json\/wp\/v2\/pages"}],"about":[{"href":"https:\/\/pricevent.com\/ro\/wp-json\/wp\/v2\/types\/page"}],"author":[{"embeddable":true,"href":"https:\/\/pricevent.com\/ro\/wp-json\/wp\/v2\/users\/1"}],"replies":[{"embeddable":true,"href":"https:\/\/pricevent.com\/ro\/wp-json\/wp\/v2\/comments?post=8888"}],"version-history":[{"count":20,"href":"https:\/\/pricevent.com\/ro\/wp-json\/wp\/v2\/pages\/8888\/revisions"}],"predecessor-version":[{"id":93613,"href":"https:\/\/pricevent.com\/ro\/wp-json\/wp\/v2\/pages\/8888\/revisions\/93613"}],"up":[{"embeddable":true,"href":"https:\/\/pricevent.com\/ro\/wp-json\/wp\/v2\/pages\/8890"}],"wp:attachment":[{"href":"https:\/\/pricevent.com\/ro\/wp-json\/wp\/v2\/media?parent=8888"}],"curies":[{"name":"wp","href":"https:\/\/api.w.org\/{rel}","templated":true}]}}