{"id":8889,"date":"2020-10-04T14:46:50","date_gmt":"2020-10-04T11:46:50","guid":{"rendered":"https:\/\/pricevent.com\/faqs\/"},"modified":"2025-01-19T22:31:11","modified_gmt":"2025-01-19T20:31:11","slug":"intrebari-frecvente","status":"publish","type":"page","link":"https:\/\/pricevent.com\/ro\/intrebari-frecvente\/","title":{"rendered":"\u00centreb\u0103ri frecvente"},"content":{"rendered":"<div class=\"wpb-content-wrapper\"><p>[vc_row][vc_column offset=&#8221;vc_hidden-lg vc_hidden-md vc_hidden-sm vc_hidden-xs&#8221;][vc_column_text]<\/p>\n<h1>Ce este PriceVent?<\/h1>\n<h2>Ce este PriceVent?<\/h2>\n<h3>Ce este PriceVent?<\/h3>\n<h4>Ce este PriceVent?<\/h4>\n<h5>Ce este PriceVent?<\/h5>\n<h6>Ce este PriceVent?<\/h6>\n<p>Ce este PriceVent?[\/vc_column_text][\/vc_column][\/vc_row][vc_row full_width=&#8221;stretch_row&#8221; css=&#8221;.vc_custom_1515751968085{padding-top: 100px !important;}&#8221;][vc_column css=&#8221;.vc_custom_1515752234075{padding-right: 0px !important;padding-left: 0px !important;}&#8221;][vc_row_inner][vc_column_inner]<header class=\"kd-section-title col-lg-12 text-center  kd-animated fadeIn   vc_custom_1612395076620\" data-animation-delay=200><h2 class=\"separator_off\" >Ai \u00eentreb\u0103ri? Avem r\u0103spunsuri!<\/h2><h6 class=\"subtitle \" >Am alc\u0103tuit o list\u0103 unde po\u0163i g\u0103si r\u0103spunsurile la cele mai frecvente \u00eentreb\u0103ri.<\/h6><\/header>[\/vc_column_inner][\/vc_row_inner][vc_row_inner css=&#8221;.vc_custom_1601812715336{margin-bottom: 25px !important;}&#8221;][vc_column_inner][vc_text_separator title=&#8221;General&#8221; color=&#8221;custom&#8221; accent_color=&#8221;#ededed&#8221;][\/vc_column_inner][\/vc_row_inner][vc_row_inner gap=&#8221;30&#8243; css=&#8221;.vc_custom_1601812900579{margin-bottom: 50px !important;}&#8221;][vc_column_inner css=&#8221;.vc_custom_1541160549301{padding-right: 0px !important;padding-left: 0px !important;}&#8221; offset=&#8221;vc_col-lg-6&#8243;][vc_toggle title=&#8221;Voi fi informat despre modificarile de pre\u021b ale concuren\u021bilor?&#8221; css_animation=&#8221;none&#8221;]Da, acesta este principalul avantaj al utilizarii PriceVent. Po\u021bi s\u0103 \u00ee\u021bi activezi alerte prin email pentur a fi aten\u021bionat de fiecare dat\u0103 c\u00e2nd competitorii t\u0103i modifica preturile. Po\u021bi configura frecven\u021ba acestor alerte, zilnice, saptamanale sau imediate (\u00een momentul \u00een care detect\u0103m modific\u0103ri de pre\u021buri pentru produsele pe care le urmare\u0219ti). Aceste alerte pot fi activate \u0219i dezactivate oric\u00e2nd dore\u0219ti. Po\u021bi configura ora exacta la care sa prime\u0219ti aceste alerte \u0219i rapoarte prin email.[\/vc_toggle][vc_toggle title=&#8221;Ce fel de cunostin\u021be \u00eemi sunt necesare pentru a utliza PriceVent?&#8221;]<\/p>\n<div id=\"faq628ro\" class=\"faq_item\">\n<div id=\"faq628ro_a\" class=\"faq_a\" role=\"tabpanel\" aria-labelledby=\"faq628ro_q\" aria-hidden=\"true\">\n<p>Nu este nevoie s\u0103 ai cuno\u0219tin\u021be tehnice. Tot ce trebuie s\u0103 stii este s\u0103 copiezi \u0219i sa lipesti adresele web ale produselor pe care dore\u0219ti s\u0103 le urmare\u0219ti. Dup\u0103 ce ai introdus aceste adrese \u00een sistem totul se desf\u0103\u0219oar\u0103 automat. Vei observa primele actualizari ale preturilor dup\u0103 24 de ore.<\/p>\n<\/div>\n<\/div>\n<div id=\"faq627ro\" class=\"faq_item\"><\/div>\n<p>[\/vc_toggle][vc_toggle title=&#8221;Care este num\u0103rul maxim de produse pe care le pot monitoriza?&#8221;]Cu planul\u00a0<strong>Premium<\/strong>\u00a0po\u0163i monitoriza p\u00e2n\u0103 la\u00a0<strong>10000 de produse<\/strong>, dar putem urm\u0103ri practic orice num\u0103r de produse. Daca ai nevoie s\u0103 urm\u0103re\u015fti mai mult de\u00a0<strong>10000 de produse<\/strong>, te invit\u0103m sa ne transmi\u0163i un mesaj pentru a \u00ee\u0163i propune un plan personalizat nevoilor tale.[\/vc_toggle][vc_toggle title=&#8221;Pot monitoriza competitori care afi\u0219eaz\u0103 pre\u021buri \u00een alte monede? (\u20ac, \u00a3, $, etc.)&#8221;]Da. <strong>PriceVent<\/strong> este o solu\u0163ie interna\u0163ionala care se adreseaza pie\u0163elor la nivel global. \u00cen functie de preferin\u0163e po\u0163i afi\u015fa pre\u0163urile \u00een moneda local\u0103 sau convertite la alte monezi, folosind cursul de schimb oficial.[\/vc_toggle][vc_toggle title=&#8221;Care este frecven\u021ba cu care monitoriza\u021bi pre\u021burile competitorilor?&#8221;]O dat\u0103\u00a0 pe zi. Avem op\u0163iunea de a actualiza de dou\u0103 p\u00e2n\u0103 la patru ori pe zi, dac\u0103 afacerea ta este \u00eentr-un domeniu competitiv, unde pre\u0163urile se modifica de mai multe ori pe zi. Pentru un plan personalizat \u015fi mai multe op\u0163iuni de actualizare a pre\u0163urilor te invit\u0103m s\u0103 ne contactezi.[\/vc_toggle][vc_toggle title=&#8221;Pot verifica disponibilitatea stocurilor competitorilor?&#8221; css_animation=&#8221;none&#8221;]<\/p>\n<div id=\"faq615ro\" class=\"faq_item\">\n<div id=\"faq615ro_a\" class=\"faq_a\" role=\"tabpanel\" aria-labelledby=\"faq615ro_q\" aria-hidden=\"true\">\n<p>Sigur c\u0103 da, pe l\u00e2ng\u0103 informa\u021biile legate de pre\u021buri vei avea acces la informa\u021bii care privesc disponibilitatea produselor din stocurile competitorilor t\u0103i.<\/p>\n<\/div>\n<\/div>\n<div id=\"faq614ro\" class=\"faq_item\"><\/div>\n<p>[\/vc_toggle][vc_toggle title=&#8221;Pot monitoriza \u0219i alte informa\u021bii precum pre\u021bul de livrare, timpul de livrare?&#8221;]La cerere putem personaliza func\u021bionalit\u0103\u021bile astfel \u00eenc\u0103t s\u0103 ai acces la informatii extinse de la competitori.[\/vc_toggle][vc_toggle title=&#8221;Ce reprezint\u0103 corelarea produselor sau matching-ul?&#8221;]Corelarea produselor reprezint\u0103 coresponden\u021ba \u00eentre produsele tale \u0219i cele ale competitorilor t\u0103i. Matching-ul este o cerin\u021b\u0103 esen\u021bial\u0103 pentru a utiliza <strong>PriceVent<\/strong>. Corelarea se poate realiza \u00een regim self-service, adic\u0103 direct de c\u0103tre tine, sau cu suportul nostru, op\u021biune care implic\u0103 un cost suplimentar calculat \u00een func\u021bie de eforul asociat.[\/vc_toggle][\/vc_column_inner][vc_column_inner css=&#8221;.vc_custom_1541160556700{padding-right: 0px !important;padding-left: 0px !important;}&#8221; offset=&#8221;vc_col-lg-6&#8243;][vc_toggle title=&#8221;PriceVent necesit\u0103 instalare?&#8221;]Nu. PriceVent este o solu\u021bie de tip SaaS (Software as a Service). A\u0219adar nu ai nevoie de server, instal\u0103ri sau alte b\u0103t\u0103i de cap.[\/vc_toggle][vc_toggle title=&#8221;Pe ce dispozitive pot utiliza PriceVent?&#8221;]<\/p>\n<div id=\"faq612ro\" class=\"faq_item\">\n<div id=\"faq612ro_a\" class=\"faq_a\" role=\"tabpanel\" aria-labelledby=\"faq612ro_q\" aria-hidden=\"true\">\n<p>PriceVent este disponibil \u0219i poate fi utilizat de pe orice dispozitiv (calculator tip desktop sau laptop, smartphone, tablet\u0103).<\/p>\n<\/div>\n<\/div>\n<div id=\"faq611ro\" class=\"faq_item\"><\/div>\n<p>[\/vc_toggle][vc_toggle title=&#8221;Cum pot beneficia de asisten\u021b\u0103?&#8221;]<\/p>\n<div id=\"faq612ro\" class=\"faq_item\">\n<div id=\"faq612ro_a\" class=\"faq_a\" role=\"tabpanel\" aria-labelledby=\"faq612ro_q\" aria-hidden=\"true\">\n<p>Indiferent de planul ales beneficiezi de asisten\u021b\u0103 dedicat\u0103. Ne po\u021bi contacta prin <strong>email<\/strong>, <strong>chat<\/strong> sau <strong>telefon<\/strong>, oric\u00e2nd de <strong>luni p\u00e2n\u0103 vineri<\/strong>, \u00eentre <strong>9:00 \u0219i 17:30<\/strong>. Toate cererile de suport vor primi r\u0103spuns \u00een maximum 24 de ore, \u00een zilele lucr\u0103toare, \u0219i \u00eencep\u00e2nd cu ziua de luni, \u00een cazul cererilor plasate \u00een zilele nelucr\u0103toare.<\/p>\n<div id=\"faq618ro\" class=\"faq_item\"><\/div>\n<div id=\"faq618ro\" class=\"faq_item\"><\/div>\n<\/div>\n<\/div>\n<div id=\"faq611ro\" class=\"faq_item\"><\/div>\n<p>[\/vc_toggle][vc_toggle title=&#8221;Pot configura mai multe conturi?&#8221;]<\/p>\n<div id=\"faq612ro\" class=\"faq_item\">\n<div id=\"faq612ro_a\" class=\"faq_a\" role=\"tabpanel\" aria-labelledby=\"faq612ro_q\" aria-hidden=\"true\">\n<div id=\"faq611ro\" class=\"faq_item\">\n<div id=\"faq611ro_a\" class=\"faq_a\" role=\"tabpanel\" aria-labelledby=\"faq611ro_q\" aria-hidden=\"true\">\n<p>Da. Pentru mai multe informa\u021bii consult\u0103 caracteristicile fiec\u0103rui plan.<\/p>\n<\/div>\n<\/div>\n<div id=\"faq610ro\" class=\"faq_item\"><\/div>\n<\/div>\n<\/div>\n<p>[\/vc_toggle][vc_toggle title=&#8221;Pot exporta rapoarte din sistem?&#8221;]<\/p>\n<div id=\"faq612ro\" class=\"faq_item\">\n<div id=\"faq612ro_a\" class=\"faq_a\" role=\"tabpanel\" aria-labelledby=\"faq612ro_q\" aria-hidden=\"true\">\n<div id=\"faq611ro\" class=\"faq_item\">\n<div id=\"faq611ro_a\" class=\"faq_a\" role=\"tabpanel\" aria-labelledby=\"faq611ro_q\" aria-hidden=\"true\">\n<p>Da, po\u021bi exporta rapoarte \u00een diverse formate,<strong> Excel, Word, RTF, XML, CSV<\/strong>. \u00cen modulul de raportare al <strong>PriceVent<\/strong> sunt disponibile o varietate de op\u021biuni care te vor ajut\u0103 s\u0103 construie\u0219ti rapoarte personalizate.<\/p>\n<\/div>\n<\/div>\n<\/div>\n<\/div>\n<p>[\/vc_toggle][vc_toggle title=&#8221;Pot monitoriza pre\u021burile cu TVA sau f\u0103r\u0103 TVA?&#8221;]<\/p>\n<div id=\"faq612ro\" class=\"faq_item\">\n<div id=\"faq612ro_a\" class=\"faq_a\" role=\"tabpanel\" aria-labelledby=\"faq612ro_q\" aria-hidden=\"true\">\n<div id=\"faq611ro\" class=\"faq_item\">\n<div id=\"faq611ro_a\" class=\"faq_a\" role=\"tabpanel\" aria-labelledby=\"faq611ro_q\" aria-hidden=\"true\">\n<p>Da. <strong>PriceVent<\/strong> poate afi\u0219a pre\u021burile cu sau f\u0103ra TVA, \u00een functie de alegerea ta.<\/p>\n<\/div>\n<\/div>\n<\/div>\n<\/div>\n<p>[\/vc_toggle][vc_toggle title=&#8221;Ce este modulul pentru pre\u021buri dinamice?&#8221;]<\/p>\n<div id=\"faq612ro\" class=\"faq_item\">\n<div id=\"faq612ro_a\" class=\"faq_a\" role=\"tabpanel\" aria-labelledby=\"faq612ro_q\" aria-hidden=\"true\">\n<div id=\"faq611ro\" class=\"faq_item\">\n<div id=\"faq611ro_a\" class=\"faq_a\" role=\"tabpanel\" aria-labelledby=\"faq611ro_q\" aria-hidden=\"true\">\n<p>Modulul pentru Pre\u021buri dinamice genereaz\u0103 automat pre\u0163urile \u00eentr-un mod inteligent \u015fi minimizeaz\u0103 efortul alocat actualiz\u0103rii lor.<\/p>\n<p>Modulul pentru Pre\u0163uri dinamice poate fi utilizat \u00eempreun\u0103 cu orice plan <strong>PriceVent<\/strong>! Activarea se face la cerere \u0219i implic\u0103 costuri suplimentare.<\/p>\n<\/div>\n<\/div>\n<\/div>\n<\/div>\n<p>[\/vc_toggle][vc_toggle title=&#8221;Pot afla competitorii mei s\u0103 afle c\u0103 le monitorizez pre\u021burile?&#8221;]<\/p>\n<div id=\"faq612ro\" class=\"faq_item\">\n<div id=\"faq612ro_a\" class=\"faq_a\" role=\"tabpanel\" aria-labelledby=\"faq612ro_q\" aria-hidden=\"true\">\n<div id=\"faq611ro\" class=\"faq_item\">\n<div id=\"faq611ro_a\" class=\"faq_a\" role=\"tabpanel\" aria-labelledby=\"faq611ro_q\" aria-hidden=\"true\">\n<p>Toat\u0103 treaba se \u00eent\u00e2mpl\u0103 pe serverele noastre. Deci nu. Competitorii t\u0103i nu vor \u0219ti niciodat\u0103 c\u0103 \u00eei urm\u0103re\u0219ti!<\/p>\n<\/div>\n<\/div>\n<\/div>\n<\/div>\n<p>[\/vc_toggle][\/vc_column_inner][\/vc_row_inner][\/vc_column][\/vc_row][vc_row full_width=&#8221;stretch_row&#8221; css=&#8221;.vc_custom_1601813058584{padding-top: 50px !important;}&#8221;][vc_column css=&#8221;.vc_custom_1515752234075{padding-right: 0px !important;padding-left: 0px !important;}&#8221;][vc_row_inner css=&#8221;.vc_custom_1601812715336{margin-bottom: 25px !important;}&#8221;][vc_column_inner][vc_text_separator title=&#8221;Pre\u021buri, planuri \u0219i plat\u0103&#8221; color=&#8221;custom&#8221; accent_color=&#8221;#ededed&#8221;][\/vc_column_inner][\/vc_row_inner][vc_row_inner gap=&#8221;30&#8243; css=&#8221;.vc_custom_1601813201315{padding-bottom: 100px !important;}&#8221;][vc_column_inner css=&#8221;.vc_custom_1541160549301{padding-right: 0px !important;padding-left: 0px !important;}&#8221; offset=&#8221;vc_col-lg-6&#8243;][vc_toggle title=&#8221;C\u00e2t cost\u0103 PriceVent?&#8221; css_animation=&#8221;none&#8221; el_class=&#8221;geoip geoip-show-RO&#8221;]<a href=\"\/ro\/preturi\/\"><strong>Compar\u0103<\/strong><\/a> caracteristicile fiec\u0103rui plan \u0219i alege-l pe cel potrivit afacerii tale.[\/vc_toggle][vc_toggle title=&#8221;Cum pl\u0103tesc?&#8221;]Simplu, prin transfer bancar sau online, cu cardul t\u0103u <strong>Visa<\/strong> sau <strong>Mastercard<\/strong>.[\/vc_toggle][vc_toggle title=&#8221;Pot ob\u021bine facturi pentru pl\u0103\u021bile mele?&#8221;]Absolut. Facturile sunt trimise lunar prin email.[\/vc_toggle][vc_toggle title=&#8221;Exist\u0103 o perioad\u0103 minim\u0103 contractual\u0103?&#8221;]Nu. <strong>PriceVent<\/strong> este un serviciu cu plata lunar\u0103, f\u0103r\u0103 perioad\u0103 minim\u0103 contractual\u0103.[\/vc_toggle][vc_toggle title=&#8221;Cum pot renun\u021ba la servicu?&#8221;]Po\u0163i anula oric\u00e2nd planul \u015fi renun\u0163a definitiv sau temporar la serviciu. \u00cen cazul \u00een care decizi s\u0103 renun\u0163i la serviciu, planul nu se va mai re\u00eennoi la sf\u00e2r\u0219itul ciclului de facturare lunar.[\/vc_toggle][\/vc_column_inner][vc_column_inner css=&#8221;.vc_custom_1541160556700{padding-right: 0px !important;padding-left: 0px !important;}&#8221; offset=&#8221;vc_col-lg-6&#8243;][vc_toggle title=&#8221;Pot \u00eencerca PriceVent gratuit?&#8221; css_animation=&#8221;none&#8221;]Da! Nu ezita s\u0103\u00a0 \u00eencerci serviciul \u00eenainte de a decide c\u0103 este potrivit pentru tine sau compania pe care o reprezin\u0163i. Oferim o perioad\u0103 de \u00eencercare gratuit\u0103 timp de 14 zile.[\/vc_toggle][vc_toggle title=&#8221;Cum func\u021bioneaz\u0103 perioada de \u00eencercare gratuit\u0103?&#8221;]Dup\u0103 ce te \u00eenscrii pentru perioada de \u00eencercare gratuit\u0103, vei avea acces la toate func\u021bionalit\u0103\u0163ile PriceVent timp de 14 zile. Nu trebuie s\u0103 pl\u0103te\u015fti nimic, nu este necesar cardul bancar.[\/vc_toggle][vc_toggle title=&#8221;Ce se \u00eent\u00e2mpl\u0103 la sf\u00e2r\u0219itul perioadei de \u00eencercare?&#8221;]Dac\u0103 serviciul r\u0103spunde cerin\u0163elor tale, po\u0163i continua s\u0103 \u00eel utilizezi contra cost. \u00cen cazul \u00een care decizi s\u0103 nu achizi\u021bionezi un plan dup\u0103 perioada de \u00eencercare, atunci contul va expira \u0219i nu \u00eel vei mai putea accesa.[\/vc_toggle][vc_toggle title=&#8221;Care este diferen\u021ba dintre plata lunar\u0103 \u0219i cea anual\u0103?&#8221;]Indeferent de angajament, func\u0163ionalit\u0103\u0163ile \u015fi caracteristicile r\u0103m\u00e2n acelea\u015fi. Facturarea lunar\u0103 \u00ee\u0163i ofer\u0103 flexibilitate \u015fi libertat, pe c\u00e2nd cea anual\u0103 \u00ee\u0163i confer\u0103 predictibilitate, dar \u015fi un discount de 16% (2 luni de serviciu gratuit).[\/vc_toggle][vc_toggle title=&#8221;Oferi\u021bi discount-uri sau reduceri?&#8221;]Da! C\u00e2nd alegi s\u0103 pl\u0103te\u015fti \u00een avans pentru un an de serviciu, \u00ee\u0163i oferim o reducere de 16%. Acest lucru este echivalent cu 2 luni de serviciu gratuit! Ocazional pot exista \u015fi alte promo\u0163ii supuse unor termeni \u015fi condi\u0163ii.[\/vc_toggle][\/vc_column_inner][\/vc_row_inner][\/vc_column][\/vc_row][vc_row full_width=&#8221;stretch_row&#8221; css=&#8221;.vc_custom_1600974993235{border-bottom-width: 1px !important;background-color: #000000 !important;border-bottom-color: #383838 !important;border-bottom-style: solid !important;}&#8221;][vc_column][vc_row_inner css=&#8221;.vc_custom_1536243977243{padding-top: 100px !important;}&#8221;][vc_column_inner width=&#8221;1\/6&#8243; offset=&#8221;vc_hidden-xs&#8221;][\/vc_column_inner][vc_column_inner width=&#8221;2\/3&#8243;]<header class=\"kd-section-title col-lg-12 text-center  kd-animated fadeIn  \" data-animation-delay=200><h2 class=\"separator_off\" style=\"color: #ffffff;\">Nu ai g\u0103sit r\u0103spunsul pe care \u00eel c\u0103utai?<\/h2><h6 class=\"subtitle \" >Intr\u0103 \u00een leg\u0103tur\u0103 cu noi folosind una dintre modalit\u0103\u0163ile de contact \u0219i ob\u021bine un r\u0103spuns \u00een cel mai scurt timp.<\/h6><\/header>[vc_empty_space height=&#8221;15px&#8221;]<a  href=\"\/ro\/contact\/\"  target=\"_self\"  title=\"\" class=\"tt_button tt_primary_button btn_primary_color  button-center button-action-link  kd-animated zoomIn\" data-animation-delay=200><span class=\"prim_text\">\u00centreab\u0103-ne orice<\/span><\/a>[vc_empty_space height=&#8221;95px&#8221;][\/vc_column_inner][vc_column_inner width=&#8221;1\/6&#8243; offset=&#8221;vc_hidden-xs&#8221;][\/vc_column_inner][\/vc_row_inner][\/vc_column][\/vc_row][vc_row][vc_column offset=&#8221;vc_hidden-lg vc_hidden-md vc_hidden-sm vc_hidden-xs&#8221;][vc_wp_custommenu nav_menu=&#8221;49&#8243;][\/vc_column][\/vc_row]<\/p>\n<\/div>","protected":false},"excerpt":{"rendered":"<p>[vc_row][vc_column offset=&#8221;vc_hidden-lg vc_hidden-md vc_hidden-sm vc_hidden-xs&#8221;][vc_column_text] Ce este PriceVent? Ce este PriceVent? Ce este PriceVent? Ce este PriceVent? Ce este PriceVent? [&hellip;]<\/p>\n","protected":false},"author":1,"featured_media":0,"parent":0,"menu_order":0,"comment_status":"closed","ping_status":"closed","template":"","meta":{"footnotes":""},"class_list":["post-8889","page","type-page","status-publish","hentry"],"_links":{"self":[{"href":"https:\/\/pricevent.com\/ro\/wp-json\/wp\/v2\/pages\/8889","targetHints":{"allow":["GET"]}}],"collection":[{"href":"https:\/\/pricevent.com\/ro\/wp-json\/wp\/v2\/pages"}],"about":[{"href":"https:\/\/pricevent.com\/ro\/wp-json\/wp\/v2\/types\/page"}],"author":[{"embeddable":true,"href":"https:\/\/pricevent.com\/ro\/wp-json\/wp\/v2\/users\/1"}],"replies":[{"embeddable":true,"href":"https:\/\/pricevent.com\/ro\/wp-json\/wp\/v2\/comments?post=8889"}],"version-history":[{"count":23,"href":"https:\/\/pricevent.com\/ro\/wp-json\/wp\/v2\/pages\/8889\/revisions"}],"predecessor-version":[{"id":103387,"href":"https:\/\/pricevent.com\/ro\/wp-json\/wp\/v2\/pages\/8889\/revisions\/103387"}],"wp:attachment":[{"href":"https:\/\/pricevent.com\/ro\/wp-json\/wp\/v2\/media?parent=8889"}],"curies":[{"name":"wp","href":"https:\/\/api.w.org\/{rel}","templated":true}]}}