{"id":8890,"date":"2020-10-03T23:14:45","date_gmt":"2020-10-03T20:14:45","guid":{"rendered":"https:\/\/pricevent.com\/features\/"},"modified":"2021-12-22T00:34:34","modified_gmt":"2021-12-21T22:34:34","slug":"caracteristici","status":"publish","type":"page","link":"https:\/\/pricevent.com\/ro\/caracteristici\/","title":{"rendered":"Caracteristici"},"content":{"rendered":"<div class=\"wpb-content-wrapper\"><p>[vc_row][vc_column offset=&#8221;vc_hidden-lg vc_hidden-md vc_hidden-sm vc_hidden-xs&#8221;][vc_row_inner][vc_column_inner][vc_column_text]<\/p>\n<h1>Monitorizarea pre\u0163urilor<\/h1>\n<h2>Monitorizarea pre\u0163urilor<\/h2>\n<h3>Monitorizarea pre\u0163urilor<\/h3>\n<h4>Monitorizarea pre\u0163urilor<\/h4>\n<h5>Monitorizarea pre\u0163urilor<\/h5>\n<p>Monitorizarea pre\u0163urilor[\/vc_column_text][\/vc_column_inner][\/vc_row_inner][\/vc_column][\/vc_row][vc_row css=&#8221;.vc_custom_1602202518507{padding-top: 100px !important;}&#8221;][vc_column]<header class=\"kd-section-title col-lg-12 text-center    \" ><h2 class=\"separator_off\" >Descoper\u0103 ce se afl\u0103 la interior<\/h2><h6 class=\"subtitle \" >Exploreaz\u0103 \u00een detaliu func\u021bionalit\u0103\u021bile \u0219i afl\u0103 mai multe despre ceea \u00ee\u021bi ofer\u0103 PriceVent.<\/h6><\/header>[\/vc_column][\/vc_row][vc_row full_width=&#8221;stretch_row&#8221;][vc_column css=&#8221;.vc_custom_1515686965699{padding-right: 0px !important;}&#8221;][vc_row_inner css=&#8221;.vc_custom_1602187966071{padding-top: 50px !important;}&#8221;][vc_column_inner css=&#8221;.vc_custom_1515686937192{padding-right: 0px !important;padding-left: 0px !important;}&#8221;]\n            <div class=\"sliding_box_parent row kd-slidingbox-69f204d77c7a4 \"><div class=\"sliding_box_child active-elem\" >\n                <div class=\"sb-image\"><img decoding=\"async\" src=\"\/wp-content\/uploads\/2020\/10\/pricevent-competitors-pricing-monitoring-dashboard-1.jpg\"  \/><\/div>\n                <div class=\"sb_content_wrapper\" ><h4 >Tablou de bord<\/h4><p >Toate informa\u0163iile reunite \u00eentr-un tablou de bord intuitiv<\/p><div class=\"sb-btncontainer\"><a href=\"\/ro\/caracteristici\/tablou-de-bord\/\"  target=\"_self\"  title=\"\" class=\"tt_button tt_primary_button \">Afl\u0103 mai multe<\/a><\/div><\/div>\n            <\/div><div class=\"sliding_box_child\" >\n                <div class=\"sb-image\"><img decoding=\"async\" src=\"\/wp-content\/uploads\/2020\/10\/pricevent-competitors-pricing-monitoring-anaytics.jpg\"  \/><\/div>\n                <div class=\"sb_content_wrapper\" ><h4 >Modul de analiz\u0103<\/h4><p >Instrumente puternice pentru vizualizare, analiz\u0103 competitiv\u0103 \u00eembun\u0103t\u0103\u0163it\u0103<\/p><div class=\"sb-btncontainer\"><a href=\"\/ro\/caracteristici\/modul-de-analiza\/\"  target=\"_self\"  title=\"\" class=\"tt_button tt_primary_button \">Afl\u0103 mai multe<\/a><\/div><\/div>\n            <\/div><div class=\"sliding_box_child\" >\n                <div class=\"sb-image\"><img decoding=\"async\" src=\"\/wp-content\/uploads\/2020\/10\/pricevent-competitors-pricing-monitoring-data-management-1.jpg\"  \/><\/div>\n                <div class=\"sb_content_wrapper\" ><h4 >Gestionarea datelor<\/h4><p >Instrument puternic pentru gestionare datelor \u0219i informa\u021biilor despre produse<\/p><div class=\"sb-btncontainer\"><a href=\"\/ro\/caracteristici\/gestionarea-datelor\/\"  target=\"_self\"  title=\"\" class=\"tt_button tt_primary_button \">Afl\u0103 mai multe<\/a><\/div><\/div>\n            <\/div><\/div><script type=\"text\/javascript\">\n              jQuery(document).ready(function($){\n                if ($(\".sliding_box_parent.kd-slidingbox-69f204d77c7a4\").length) {\n                  $(\".kd-slidingbox-69f204d77c7a4 .sliding_box_child\").on(\"mouseenter\", function() {\n                    $(\".kd-slidingbox-69f204d77c7a4 .sliding_box_child\").removeClass(\"active-elem\");\n                    $(this).addClass(\"active-elem\");\n                  });\n                }\n              });\n            <\/script>[\/vc_column_inner][\/vc_row_inner][vc_row_inner css=&#8221;.vc_custom_1602188003282{padding-top: 15px !important;padding-bottom: 100px !important;}&#8221;][vc_column_inner css=&#8221;.vc_custom_1515686937192{padding-right: 0px !important;padding-left: 0px !important;}&#8221;]\n            <div class=\"sliding_box_parent row kd-slidingbox-69f204d77c90c \"><div class=\"sliding_box_child\" >\n                <div class=\"sb-image\"><img decoding=\"async\" src=\"\/wp-content\/uploads\/2020\/10\/pricevent-competitors-pricing-monitoring-reporting.jpg\"  \/><\/div>\n                <div class=\"sb_content_wrapper\" ><h4 >Rapoarte \u015fi notific\u0103ri<\/h4><p >Date livrate la timp, \u00eentr-un format prietenos<\/p><div class=\"sb-btncontainer\"><a href=\"\/ro\/caracteristici\/rapoarte-si-notificari\/\"  target=\"_self\"  title=\"\" class=\"tt_button tt_primary_button \">Afl\u0103 mai multe<\/a><\/div><\/div>\n            <\/div><div class=\"sliding_box_child active-elem\" >\n                <div class=\"sb-image\"><img decoding=\"async\" src=\"\/wp-content\/uploads\/2020\/10\/pricevent-competitors-pricing-monitoring-dynamic-pricing.jpg\"  \/><\/div>\n                <div class=\"sb_content_wrapper\" ><h4 >Pre\u0163uri dinamice<\/h4><p >Ajust\u0103ri automate cu modulul inteligent pentru automatizarea pre\u0163urilor<\/p><div class=\"sb-btncontainer\"><a href=\"\/ro\/caracteristici\/preturi-dinamice\/\"  target=\"_self\"  title=\"\" class=\"tt_button tt_primary_button \">Afl\u0103 mai multe<\/a><\/div><\/div>\n            <\/div><div class=\"sliding_box_child\" >\n                <div class=\"sb-image\"><img decoding=\"async\" src=\"\/wp-content\/uploads\/2021\/12\/pricevent-competitors-pricing-monitoring-marketplace-2.jpg\"  \/><\/div>\n                <div class=\"sb_content_wrapper\" ><h4 >Monitorizare Marketplace<\/h4><p >Extinde\u021bi capabilit\u0103\u021bile de monitorizare a pre\u021burilor<\/p><div class=\"sb-btncontainer\"><a href=\"\/ro\/caracteristici\/monitorizare-preturi-marketplace\/\"  target=\"_self\"  title=\"\" class=\"tt_button tt_primary_button \">Afl\u0103 mai multe<\/a><\/div><\/div>\n            <\/div><\/div><script type=\"text\/javascript\">\n              jQuery(document).ready(function($){\n                if ($(\".sliding_box_parent.kd-slidingbox-69f204d77c90c\").length) {\n                  $(\".kd-slidingbox-69f204d77c90c .sliding_box_child\").on(\"mouseenter\", function() {\n                    $(\".kd-slidingbox-69f204d77c90c .sliding_box_child\").removeClass(\"active-elem\");\n                    $(this).addClass(\"active-elem\");\n                  });\n                }\n              });\n            <\/script>[\/vc_column_inner][\/vc_row_inner][\/vc_column][\/vc_row][vc_row full_width=&#8221;stretch_row&#8221; css=&#8221;.vc_custom_1602188446039{background-color: #ffffff !important;}&#8221;][vc_column css=&#8221;.vc_custom_1516008622141{padding-right: 0px !important;padding-left: 0px !important;}&#8221;][vc_separator color=&#8221;custom&#8221; accent_color=&#8221;#e8e8e8&#8243;]<header class=\"kd-section-title col-lg-12 text-center     vc_custom_1603312853821\" ><h2 class=\"separator_off\" >Afl\u0103 de ce PriceVent este cea mai bun\u0103 alegere pentru monitorizarea pre\u0163urilor!<\/h2><h6 class=\"subtitle \" >Afla\u021bi cum PriceVent r\u0103spunde nevoilor specifice de afaceri.<\/h6><\/header>[vc_row_inner css=&#8221;.vc_custom_1602188441554{padding-top: 50px !important;padding-bottom: 100px !important;}&#8221;][vc_column_inner width=&#8221;1\/2&#8243; css=&#8221;.vc_custom_1516009093233{padding-right: 0px !important;padding-left: 0px !important;}&#8221;]<div class=\"key-icon-box icon-default icon-top cont-center ib-hover-1  kd-animated fadeInUp\" style=\"background-color: transparent;\" ><a href=\"\/ro\/solutie-software-de-urmarire-si-monitorizare-a-preturilor-concurentilor-pentru-comercianti-online\/\" target=\"\"><div class=\"ib-wrapper\"><i class=\"fas fa-cart-plus\" style=\"font-size: 75px; \"><\/i> <h5 class=\"service-heading\" >Pentru comercian\u0163i online<\/h5><p >Descoper\u0103 cum s\u0103 \u00ee\u0163i \u00eembun\u0103t\u0103\u021be\u015fti pozi\u021bionarea \u0219i s\u0103 cre\u0219ti profiturile.<\/p><\/div><\/a><\/div>[\/vc_column_inner][vc_column_inner width=&#8221;1\/2&#8243; css=&#8221;.vc_custom_1516009109505{padding-right: 0px !important;padding-left: 0px !important;}&#8221;]<div class=\"key-icon-box icon-default icon-top cont-center ib-hover-1  kd-animated fadeInUp\" style=\"background-color: transparent;\" data-animation-delay=200><a href=\"\/ro\/solutie-software-pentru-analiza-si-monitorizarea-preturilor-pentru-marci-si-producatori\/\" target=\"\"><div class=\"ib-wrapper\"><i class=\"far fa-copyright\" style=\"font-size: 75px; \"><\/i> <h5 class=\"service-heading\" >Pentru m\u0103rci \u015fi produc\u0103tori<\/h5><p >Afl\u0103 cum PriceVent poate ajuta la protejarea \u015fi consolidarea integrit\u0103\u0163ii m\u0103rcii.<\/p><\/div><\/a><\/div>[\/vc_column_inner][\/vc_row_inner][\/vc_column][\/vc_row][vc_row full_width=&#8221;stretch_row&#8221; css=&#8221;.vc_custom_1600974993235{border-bottom-width: 1px !important;background-color: #000000 !important;border-bottom-color: #383838 !important;border-bottom-style: solid !important;}&#8221;][vc_column][vc_row_inner css=&#8221;.vc_custom_1536243977243{padding-top: 100px !important;}&#8221;][vc_column_inner width=&#8221;1\/6&#8243; offset=&#8221;vc_hidden-xs&#8221;][\/vc_column_inner][vc_column_inner width=&#8221;2\/3&#8243;]<header class=\"kd-section-title col-lg-12 text-center  kd-animated fadeIn  \" data-animation-delay=200><h2 class=\"separator_off\" style=\"color: #ffffff;\">E\u015fti gata s\u0103 \u00eencerci PriceVent?<\/h2><h6 class=\"subtitle \" >Completeaz\u0103 formularul cu datele personale \u0219i descoper\u0103 cum PriceVent te poate ajuta s\u0103 \u00ee\u0163i \u00eembun\u0103t\u0103\u0163e\u015fti competitivitatea, v\u00e2nz\u0103rile \u0219i marjele de profit.<\/h6><\/header>[vc_empty_space height=&#8221;15px&#8221;]<a  class=\"tt_button tt_primary_button btn_primary_color  button-center panel-trigger-btn  kd-animated zoomIn\" data-animation-delay=200><span class=\"prim_text\">\u00cencearc\u0103 gratuit<\/span><\/a>[\/vc_column_inner][vc_column_inner width=&#8221;1\/6&#8243; offset=&#8221;vc_hidden-xs&#8221;][\/vc_column_inner][\/vc_row_inner][vc_empty_space height=&#8221;95px&#8221;][\/vc_column][\/vc_row][vc_row][vc_column offset=&#8221;vc_hidden-lg vc_hidden-md vc_hidden-sm vc_hidden-xs&#8221;][vc_wp_custommenu nav_menu=&#8221;49&#8243;][\/vc_column][\/vc_row]<\/p>\n<\/div>","protected":false},"excerpt":{"rendered":"<p>[vc_row][vc_column offset=&#8221;vc_hidden-lg vc_hidden-md vc_hidden-sm vc_hidden-xs&#8221;][vc_row_inner][vc_column_inner][vc_column_text] Monitorizarea pre\u0163urilor Monitorizarea pre\u0163urilor Monitorizarea pre\u0163urilor Monitorizarea pre\u0163urilor Monitorizarea pre\u0163urilor Monitorizarea pre\u0163urilor[\/vc_column_text][\/vc_column_inner][\/vc_row_inner][\/vc_column][\/vc_row][vc_row css=&#8221;.vc_custom_1602202518507{padding-top: 100px !important;}&#8221;][vc_column][\/vc_column][\/vc_row][vc_row [&hellip;]<\/p>\n","protected":false},"author":1,"featured_media":0,"parent":0,"menu_order":0,"comment_status":"closed","ping_status":"closed","template":"","meta":{"footnotes":""},"class_list":["post-8890","page","type-page","status-publish","hentry"],"_links":{"self":[{"href":"https:\/\/pricevent.com\/ro\/wp-json\/wp\/v2\/pages\/8890","targetHints":{"allow":["GET"]}}],"collection":[{"href":"https:\/\/pricevent.com\/ro\/wp-json\/wp\/v2\/pages"}],"about":[{"href":"https:\/\/pricevent.com\/ro\/wp-json\/wp\/v2\/types\/page"}],"author":[{"embeddable":true,"href":"https:\/\/pricevent.com\/ro\/wp-json\/wp\/v2\/users\/1"}],"replies":[{"embeddable":true,"href":"https:\/\/pricevent.com\/ro\/wp-json\/wp\/v2\/comments?post=8890"}],"version-history":[{"count":20,"href":"https:\/\/pricevent.com\/ro\/wp-json\/wp\/v2\/pages\/8890\/revisions"}],"predecessor-version":[{"id":26676,"href":"https:\/\/pricevent.com\/ro\/wp-json\/wp\/v2\/pages\/8890\/revisions\/26676"}],"wp:attachment":[{"href":"https:\/\/pricevent.com\/ro\/wp-json\/wp\/v2\/media?parent=8890"}],"curies":[{"name":"wp","href":"https:\/\/api.w.org\/{rel}","templated":true}]}}