{"id":8891,"date":"2020-10-03T23:13:22","date_gmt":"2020-10-03T20:13:22","guid":{"rendered":"https:\/\/pricevent.com\/features\/competitor-price-monitoring-dashboard\/"},"modified":"2021-10-20T20:42:28","modified_gmt":"2021-10-20T17:42:28","slug":"tablou-de-bord","status":"publish","type":"page","link":"https:\/\/pricevent.com\/ro\/caracteristici\/tablou-de-bord\/","title":{"rendered":"Tablou de bord"},"content":{"rendered":"<div class=\"wpb-content-wrapper\"><p>[vc_row full_width=&#8221;stretch_row&#8221; css=&#8221;.vc_custom_1539776850139{padding-top: 100px !important;padding-bottom: 90px !important;}&#8221;][vc_column css=&#8221;.vc_custom_1541587114185{padding-right: 40px !important;padding-left: 30px !important;}&#8221; offset=&#8221;vc_col-lg-6&#8243;][vc_row_inner][vc_column_inner css=&#8221;.vc_custom_1541587107649{padding-right: 0px !important;padding-left: 0px !important;}&#8221;][vc_empty_space height=&#8221;75px&#8221;][vc_icon type=&#8221;material&#8221; icon_material=&#8221;vc-material vc-material-dashboard&#8221; color=&#8221;custom&#8221; size=&#8221;xl&#8221; align=&#8221;right&#8221; custom_color=&#8221;#3a5f96&#8243;][vc_empty_space height=&#8221;27px&#8221;]<header class=\"kd-section-title col-lg-12 text-right  kd-animated fadeIn  \" data-animation-delay=200><h2 class=\"separator_off\" style=\"font-size: 25px;\">Vezi doar ce te intereseaz\u0103 cu adev\u0103rat!<\/h2><\/header><header class=\"kd-section-title col-lg-12 text-right solid-line sep-border-width-2  kd-animated fadeIn  \" data-animation-delay=200><h2 class=\"separator_on\" >Tabloul de bord intuitiv al PriceVent \u00ee\u021bi permite s\u0103 monitorizezi cu u\u0219urin\u021b\u0103 fiecare produs, pre\u021burile competitorilor \u0219i mi\u0219c\u0103rile stocurilor unui num\u0103r nelimitat de concuren\u021bi.<\/h2><div class=\"kd-separator below_title\" ><div class=\"kd-separator-line\" ><\/div><\/div><\/header>[\/vc_column_inner][\/vc_row_inner][vc_row_inner css=&#8221;.vc_custom_1539776664384{margin-top: 40px !important;}&#8221;][vc_column_inner width=&#8221;5\/12&#8243; offset=&#8221;vc_hidden-md vc_hidden-sm vc_hidden-xs&#8221;][\/vc_column_inner][vc_column_inner offset=&#8221;vc_col-lg-7&#8243; css=&#8221;.vc_custom_1541587121546{padding-right: 0px !important;}&#8221;][vc_column_text]<\/p>\n<ul>\n<li>Verific\u0103 rapid diferen\u021bele de pre\u021b<\/li>\n<li>Urm\u0103re\u0219te cu u\u0219urin\u021b\u0103 schimb\u0103rile de pre\u021b<\/li>\n<li>Personalizeaz\u0103 afi\u0219area informa\u021biilor<\/li>\n<\/ul>\n<p>[\/vc_column_text][\/vc_column_inner][\/vc_row_inner][\/vc_column][vc_column css=&#8221;.vc_custom_1541587225605{margin-top: 7px !important;padding-right: 115px !important;padding-left: 30px !important;}&#8221; offset=&#8221;vc_col-lg-6 vc_hidden-md vc_hidden-sm&#8221;][vc_single_image source=&#8221;external_link&#8221; alignment=&#8221;center&#8221; external_style=&#8221;vc_box_shadow&#8221; css_animation=&#8221;fadeIn&#8221; css=&#8221;.vc_custom_1601767975981{margin-bottom: 0px !important;}&#8221; custom_src=&#8221;\/wp-content\/uploads\/2020\/10\/side-section-pv-main-pricing.jpg&#8221; el_class=&#8221;kd-large-image&#8221;][\/vc_column][\/vc_row][vc_row full_width=&#8221;stretch_row_content_no_spaces&#8221; css=&#8221;.vc_custom_1539612903211{background-color: #f7f7f7 !important;}&#8221;][vc_column width=&#8221;1\/2&#8243; css=&#8221;.vc_custom_1522316929719{padding-top: 0px !important;}&#8221; offset=&#8221;vc_col-lg-6 vc_col-md-12&#8243;][vc_row_inner css=&#8221;.vc_custom_1539613321875{padding-top: 60px !important;}&#8221;][vc_column_inner width=&#8221;1\/6&#8243; offset=&#8221;vc_hidden-xs&#8221;][\/vc_column_inner][vc_column_inner width=&#8221;2\/3&#8243; offset=&#8221;vc_col-lg-offset-0 vc_col-md-offset-1 vc_col-sm-offset-1&#8243; css=&#8221;.vc_custom_1522316986270{padding-bottom: 50px !important;}&#8221;]<div class=\"key-icon-box icon-default icon-left cont-left ib-hover-2  kd-animated fadeInUp\" style=\"background-color: transparent;\" ><div class=\"ib-wrapper\"><i class=\"iconsmind-Inifity iconsmind-Signs-Symbols\" style=\" \"><\/i> <h6 class=\"service-heading\" >Monitorizare \u00een detaliu a concuren\u021bilor<\/h6><p >Descoper\u0103 \u0219i eviden\u021biaz\u0103 informa\u021bii despre pre\u021buri de la oric\u00e2t de mul\u021bi concuren\u021bi dore\u0219ti.<\/p><\/div><\/div><div class=\"key-icon-box icon-default icon-left cont-left ib-hover-2  kd-animated fadeInUp\" style=\"background-color: transparent;\" data-animation-delay=200><div class=\"ib-wrapper\"><i class=\"iconsmind-Gaugage iconsmind-Transportation\" style=\" \"><\/i> <h6 class=\"service-heading\" >Evaluare comparativ\u0103 a pre\u021burilor<\/h6><p >Compar\u0103-\u021bi cu u\u0219urin\u021b\u0103 pre\u021burile cu cele ale concuren\u021bilor, ob\u021bine o prezentare general\u0103 a pozi\u021biei pentru a \u00een\u021belege c\u00e2t de atractive sunt pre\u021burile tale.<\/p><\/div><\/div><div class=\"key-icon-box icon-default icon-left cont-left ib-hover-2  kd-animated fadeInUp\" style=\"background-color: transparent;\" data-animation-delay=400><div class=\"ib-wrapper\"><i class=\"iconsmind-Danger iconsmind-Science-Medical\" style=\" \"><\/i> <h6 class=\"service-heading\" >Monitorizarea disponibilit\u0103\u021bii stocului<\/h6><p >Urmre\u0219te nivelurile stocului concuren\u021bilor \u0219i reac\u021bioneaz\u0103 \u00een func\u021bie de disponibilitatea produselor lor.<\/p><\/div><\/div>[\/vc_column_inner][vc_column_inner width=&#8221;1\/6&#8243;][\/vc_column_inner][\/vc_row_inner][\/vc_column][vc_column width=&#8221;1\/2&#8243; offset=&#8221;vc_col-lg-6 vc_col-md-12&#8243;][vc_row_inner css=&#8221;.vc_custom_1601766706483{padding-top: 200px !important;padding-bottom: 236px !important;background-image: url(https:\/\/pricevent.com\/wp-content\/uploads\/2020\/10\/side-section-pv-features-2.jpg?id=8187) !important;background-position: center !important;background-repeat: no-repeat !important;background-size: cover !important;}&#8221;][vc_column_inner css=&#8221;.vc_custom_1511789291663{padding-top: 0px !important;padding-bottom: 0px !important;}&#8221;][vc_empty_space height=&#8221;200px&#8221;][\/vc_column_inner][\/vc_row_inner][\/vc_column][\/vc_row][vc_row full_width=&#8221;stretch_row_content_no_spaces&#8221; css=&#8221;.vc_custom_1539612903211{background-color: #f7f7f7 !important;}&#8221;][vc_column width=&#8221;1\/2&#8243; css=&#8221;.vc_custom_1522316929719{padding-top: 0px !important;}&#8221; offset=&#8221;vc_col-lg-6 vc_col-md-12&#8243;][vc_row_inner css=&#8221;.vc_custom_1601769385800{padding-top: 200px !important;padding-bottom: 236px !important;background-image: url(https:\/\/pricevent.com\/wp-content\/uploads\/2020\/10\/side-section-pv-features-second.jpg?id=8203) !important;background-position: center !important;background-repeat: no-repeat !important;background-size: cover !important;}&#8221;][vc_column_inner css=&#8221;.vc_custom_1511789291663{padding-top: 0px !important;padding-bottom: 0px !important;}&#8221;][vc_empty_space height=&#8221;200px&#8221;][\/vc_column_inner][\/vc_row_inner][\/vc_column][vc_column width=&#8221;1\/2&#8243; offset=&#8221;vc_col-lg-6 vc_col-md-12&#8243;][vc_row_inner css=&#8221;.vc_custom_1539613321875{padding-top: 60px !important;}&#8221;][vc_column_inner width=&#8221;1\/6&#8243; offset=&#8221;vc_hidden-xs&#8221;][\/vc_column_inner][vc_column_inner width=&#8221;2\/3&#8243; offset=&#8221;vc_col-lg-offset-0 vc_col-md-offset-1 vc_col-sm-offset-1&#8243; css=&#8221;.vc_custom_1522316986270{padding-bottom: 50px !important;}&#8221;]<div class=\"key-icon-box icon-default icon-left cont-left ib-hover-2  kd-animated fadeInUp\" style=\"background-color: transparent;\" data-animation-delay=200><div class=\"ib-wrapper\"><i class=\"iconsmind-Magnifi-Glass2 iconsmind-User-Interface\" style=\" \"><\/i> <h6 class=\"service-heading\" >C\u0103utare avansat\u0103<\/h6><p >C\u0103u\u021bi anumite produse? Limiteaz\u0103 rezultatele c\u0103ut\u0103rii utiliz\u00e2nd unul sau mai mul\u021bi parametrii.<\/p><\/div><\/div><div class=\"key-icon-box icon-default icon-left cont-left ib-hover-2  kd-animated fadeInUp\" style=\"background-color: transparent;\" ><div class=\"ib-wrapper\"><i class=\"iconsmind-Filter-2 iconsmind-User-Interface\" style=\" \"><\/i> <h6 class=\"service-heading\" >Filtrare, sortare \u0219i grupare<\/h6><p >Alege nivelul la care dore\u0219ti s\u0103 vizualizezi informa\u021biile disponibile \u00een tabloul de bord \u0219i r\u0103sfoie\u0219te datele existente \u00een cel mai potrivit mod pentru tine.<\/p><\/div><\/div><div class=\"key-icon-box icon-default icon-left cont-left ib-hover-2  kd-animated fadeInUp\" style=\"background-color: transparent;\" data-animation-delay=400><div class=\"ib-wrapper\"><i class=\"iconsmind-Bar-Chart5 iconsmind-Business-Finance\" style=\" \"><\/i> <h6 class=\"service-heading\" >Istoricul pre\u021burilor<\/h6><p >Analizeaz\u0103 evolu\u021bia pre\u021burilor \u00een timp \u0219i descoper\u0103 ce strategie de pre\u021b aplic\u0103 fiecare dintre concuren\u021bii t\u0103i.<\/p><\/div><\/div>[\/vc_column_inner][vc_column_inner width=&#8221;1\/6&#8243;][\/vc_column_inner][\/vc_row_inner][\/vc_column][\/vc_row][vc_row full_width=&#8221;stretch_row&#8221; css=&#8221;.vc_custom_1601757942015{margin-top: 100px !important;}&#8221;][vc_column css=&#8221;.vc_custom_1515687105834{padding-right: 0px !important;padding-left: 0px !important;}&#8221;]<header class=\"kd-section-title col-lg-12 text-center     vc_custom_1603227112614\" ><h2 class=\"separator_off\" >Iat\u0103 ce st\u0103 la baza celei mai puternice solu\u021bii de monitorizare a pre\u021burilor<\/h2><h6 class=\"subtitle \" >Exploreaz\u0103 \u00een detaliu func\u021bionalit\u0103\u021bile \u0219i afl\u0103 mai multe despre ceea \u00ee\u021bi ofer\u0103 PriceVent.<\/h6><\/header>[vc_row_inner css=&#8221;.vc_custom_1601757928668{padding-top: 50px !important;padding-bottom: 70px !important;}&#8221;][vc_column_inner width=&#8221;1\/4&#8243;]<div class=\"key-icon-box icon-default icon-top cont-left ib-hover-2  kd-animated fadeInUp\" style=\"background-color: transparent;\" ><a href=\"\/ro\/caracteristici\/modul-de-analiza\/\" target=\"\"><div class=\"ib-wrapper\"><i class=\"iconsmind-Pie-Chart2 iconsmind-Business-Finance\" style=\" \"><\/i> <h5 class=\"service-heading\" >Modul de analiz\u0103<\/h5><\/div><\/a><\/div>[\/vc_column_inner][vc_column_inner width=&#8221;1\/4&#8243;]<div class=\"key-icon-box icon-default icon-top cont-left ib-hover-2  kd-animated fadeInUp\" style=\"background-color: transparent;\" data-animation-delay=200><a href=\"\/ro\/caracteristici\/gestionarea-datelor\/\" target=\"\"><div class=\"ib-wrapper\"><i class=\"iconsmind-Check iconsmind-Interface\" style=\" \"><\/i> <h5 class=\"service-heading\" >Gestionarea datelor<\/h5><\/div><\/a><\/div>[\/vc_column_inner][vc_column_inner width=&#8221;1\/4&#8243;]<div class=\"key-icon-box icon-default icon-top cont-left ib-hover-2  kd-animated fadeInUp\" style=\"background-color: transparent;\" data-animation-delay=600><a href=\"\/ro\/caracteristici\/rapoarte-si-notificari\/\" target=\"\"><div class=\"ib-wrapper\"><i class=\"iconsmind-File-Chart iconsmind-Files-Class\" style=\" \"><\/i> <h5 class=\"service-heading\" >Rapoarte \u015fi notific\u0103ri<\/h5><\/div><\/a><\/div>[\/vc_column_inner][vc_column_inner width=&#8221;1\/4&#8243;]<div class=\"key-icon-box icon-default icon-top cont-left ib-hover-2  kd-animated fadeInUp\" style=\"background-color: transparent;\" data-animation-delay=400><a href=\"\/ro\/caracteristici\/preturi-dinamice\/\" target=\"\"><div class=\"ib-wrapper\"><i class=\"iconsmind-Double-Circle iconsmind-Arrow-View\" style=\" \"><\/i> <h5 class=\"service-heading\" >Pre\u0163uri dinamice<\/h5><\/div><\/a><\/div>[\/vc_column_inner][\/vc_row_inner][\/vc_column][\/vc_row][vc_row full_width=&#8221;stretch_row&#8221; css=&#8221;.vc_custom_1600974993235{border-bottom-width: 1px !important;background-color: #000000 !important;border-bottom-color: #383838 !important;border-bottom-style: solid !important;}&#8221;][vc_column][vc_row_inner css=&#8221;.vc_custom_1536243977243{padding-top: 100px !important;}&#8221;][vc_column_inner width=&#8221;1\/6&#8243; offset=&#8221;vc_hidden-xs&#8221;][\/vc_column_inner][vc_column_inner width=&#8221;2\/3&#8243;]<header class=\"kd-section-title col-lg-12 text-center  kd-animated fadeIn  \" data-animation-delay=200><h2 class=\"separator_off\" style=\"color: #ffffff;font-size: 40px;\">Redefine\u0219te rentabilitatea comer\u021bului online!<\/h2><h6 class=\"subtitle \" >Complez\u0103 formularul cu cu datele personale \u0219i permite-ne s\u0103 te ajut\u0103m s\u0103 urm\u0103re\u0219ti pre\u021burile \u0219i stocurile competitorilor t\u0103i.<\/h6><\/header>[vc_empty_space height=&#8221;15px&#8221;]<a  class=\"tt_button tt_primary_button btn_primary_color  button-center panel-trigger-btn  kd-animated zoomIn\" data-animation-delay=200><span class=\"prim_text\">\u00cencearc\u0103 gratuit<\/span><\/a>[\/vc_column_inner][vc_column_inner width=&#8221;1\/6&#8243; offset=&#8221;vc_hidden-xs&#8221;][\/vc_column_inner][\/vc_row_inner][vc_empty_space height=&#8221;95px&#8221;][\/vc_column][\/vc_row][vc_row][vc_column offset=&#8221;vc_hidden-lg vc_hidden-md vc_hidden-sm vc_hidden-xs&#8221;][vc_wp_custommenu nav_menu=&#8221;49&#8243;][\/vc_column][\/vc_row]<\/p>\n<\/div>","protected":false},"excerpt":{"rendered":"<p>[vc_row full_width=&#8221;stretch_row&#8221; css=&#8221;.vc_custom_1539776850139{padding-top: 100px !important;padding-bottom: 90px !important;}&#8221;][vc_column css=&#8221;.vc_custom_1541587114185{padding-right: 40px !important;padding-left: 30px !important;}&#8221; offset=&#8221;vc_col-lg-6&#8243;][vc_row_inner][vc_column_inner css=&#8221;.vc_custom_1541587107649{padding-right: 0px !important;padding-left: 0px !important;}&#8221;][vc_empty_space height=&#8221;75px&#8221;][vc_icon type=&#8221;material&#8221; [&hellip;]<\/p>\n","protected":false},"author":1,"featured_media":0,"parent":8890,"menu_order":0,"comment_status":"closed","ping_status":"closed","template":"","meta":{"footnotes":""},"class_list":["post-8891","page","type-page","status-publish","hentry"],"_links":{"self":[{"href":"https:\/\/pricevent.com\/ro\/wp-json\/wp\/v2\/pages\/8891","targetHints":{"allow":["GET"]}}],"collection":[{"href":"https:\/\/pricevent.com\/ro\/wp-json\/wp\/v2\/pages"}],"about":[{"href":"https:\/\/pricevent.com\/ro\/wp-json\/wp\/v2\/types\/page"}],"author":[{"embeddable":true,"href":"https:\/\/pricevent.com\/ro\/wp-json\/wp\/v2\/users\/1"}],"replies":[{"embeddable":true,"href":"https:\/\/pricevent.com\/ro\/wp-json\/wp\/v2\/comments?post=8891"}],"version-history":[{"count":24,"href":"https:\/\/pricevent.com\/ro\/wp-json\/wp\/v2\/pages\/8891\/revisions"}],"predecessor-version":[{"id":18482,"href":"https:\/\/pricevent.com\/ro\/wp-json\/wp\/v2\/pages\/8891\/revisions\/18482"}],"up":[{"embeddable":true,"href":"https:\/\/pricevent.com\/ro\/wp-json\/wp\/v2\/pages\/8890"}],"wp:attachment":[{"href":"https:\/\/pricevent.com\/ro\/wp-json\/wp\/v2\/media?parent=8891"}],"curies":[{"name":"wp","href":"https:\/\/api.w.org\/{rel}","templated":true}]}}