{"id":8892,"date":"2020-09-29T01:04:47","date_gmt":"2020-09-28T22:04:47","guid":{"rendered":"https:\/\/pricevent.com\/why-pricevent\/"},"modified":"2022-07-01T11:21:15","modified_gmt":"2022-07-01T08:21:15","slug":"de-ce-pricevent","status":"publish","type":"page","link":"https:\/\/pricevent.com\/ro\/de-ce-pricevent\/","title":{"rendered":"De ce PriceVent?"},"content":{"rendered":"<div class=\"wpb-content-wrapper\"><p>[vc_row][vc_column offset=&#8221;vc_hidden-lg vc_hidden-md vc_hidden-sm vc_hidden-xs&#8221;][vc_column_text]<\/p>\n<h1>Monitorizare pre\u0163uri pricevent<\/h1>\n<h2>Solu\u0163ie Monitorizare pre\u0163uri pricevent<\/h2>\n<h3>Software Monitorizare pre\u0163uri pricevent<\/h3>\n<h4>Monitorizare pre\u0163uri online pricevent<\/h4>\n<h5>Monitorizare pre\u0163uri software pricevent<\/h5>\n<h6>Monitorizare pre\u0163uri competitori pricevent<\/h6>\n<p>monitorizare de pre\u0163uri pricevent[\/vc_column_text][\/vc_column][\/vc_row][vc_row full_width=&#8221;stretch_row&#8221; css=&#8221;.vc_custom_1601417881709{padding-top: 270px !important;padding-bottom: 80px !important;background-image: url(https:\/\/pricevent.com\/wp-content\/uploads\/2020\/09\/intro-section-why-pricevent-6.jpg?id=8096) !important;background-position: center !important;background-repeat: no-repeat !important;background-size: cover !important;}&#8221;][vc_column css=&#8221;.vc_custom_1516115464846{padding-left: 0px !important;}&#8221;][vc_row_inner][vc_column_inner width=&#8221;2\/3&#8243;][vc_custom_heading text=&#8221;De ce PriceVent?&#8221; font_container=&#8221;tag:h6|font_size:16px|text_align:left|color:%23ffffff&#8221; use_theme_fonts=&#8221;yes&#8221; css_animation=&#8221;fadeIn&#8221; css=&#8221;.vc_custom_1603192975081{margin-top: 0px !important;}&#8221;][vc_custom_heading text=&#8221;Monitorizarea pre\u0163urilor concuren\u0163ilor este specialitatea noastr\u0103!&#8221; font_container=&#8221;tag:h2|font_size:60px|text_align:left|color:%23ffffff&#8221; use_theme_fonts=&#8221;yes&#8221; css_animation=&#8221;fadeIn&#8221; css=&#8221;.vc_custom_1603195052841{margin-top: 10px !important;margin-bottom: 30px !important;padding-right: 180px !important;}&#8221;]<a  class=\"tt_button tt_primary_button btn_primary_color  pull-left panel-trigger-btn  kd-animated zoomIn demo-button\" data-animation-delay=200><span class=\"prim_text\">\u00cencearc\u0103 14 zile gratuit<\/span><\/a>[\/vc_column_inner][vc_column_inner width=&#8221;1\/3&#8243; css=&#8221;.vc_custom_1515500370465{padding-top: 40px !important;}&#8221;][\/vc_column_inner][\/vc_row_inner][vc_row_inner css=&#8221;.vc_custom_1515499882195{padding-top: 150px !important;}&#8221;][vc_column_inner width=&#8221;1\/4&#8243; css=&#8221;.vc_custom_1540304451106{padding-right: 30px !important;}&#8221;]<div class=\"key-icon-box icon-default icon-top cont-left ib-no-effect  kd-animated fadeInUp\" style=\"background-color: transparent;\" ><i class=\"iconsmind-Like iconsmind-Social-Media\" style=\"font-size: 70px; color: #ffffff;\"><\/i> <h6 class=\"service-heading\" style=\"color: #ffffff;\">Puternic \u0219i automatizat<\/h6><p style=\"color: #ffffff;\">Ne ocup\u0103m noi de ativit\u0103\u021bile consumatoare de timp, tu doar iei deciziile.<\/p><\/div>[\/vc_column_inner][vc_column_inner width=&#8221;1\/4&#8243; css=&#8221;.vc_custom_1540304455323{padding-right: 30px !important;}&#8221;]<div class=\"key-icon-box icon-default icon-top cont-left ib-no-effect  kd-animated fadeInUp\" style=\"background-color: transparent;\" data-animation-delay=200><i class=\"iconsmind-Heart iconsmind-Bodypart\" style=\"font-size: 70px; color: #ffffff;\"><\/i> <h6 class=\"service-heading\" style=\"color: #ffffff;\">Centrat pe client<\/h6><p style=\"color: #ffffff;\">Intuitiv \u0219i u\u0219or de utilizat.<br \/>\nNu sunt necesare abilit\u0103\u021bi de programare.<\/p><\/div>[\/vc_column_inner][vc_column_inner width=&#8221;1\/4&#8243; css=&#8221;.vc_custom_1540304458427{padding-right: 30px !important;}&#8221;]<div class=\"key-icon-box icon-default icon-top cont-left ib-no-effect  kd-animated fadeInUp\" style=\"background-color: transparent;\" data-animation-delay=400><i class=\"iconsmind-Cloud iconsmind-Cloud-Class\" style=\"font-size: 70px; color: #ffffff;\"><\/i> <h6 class=\"service-heading\" style=\"color: #ffffff;\">Solu\u021bie de tip SaaS<\/h6><p style=\"color: #ffffff;\">F\u0103r\u0103 servere sau instalare. F\u0103r\u0103 stres.<br \/>\nTotul se \u00eent\u00e2mpl\u0103 \u00een Cloud.<\/p><\/div>[\/vc_column_inner][vc_column_inner width=&#8221;1\/4&#8243; css=&#8221;.vc_custom_1540304461810{padding-right: 30px !important;}&#8221;]<div class=\"key-icon-box icon-default icon-top cont-left ib-no-effect  kd-animated fadeInUp\" style=\"background-color: transparent;\" data-animation-delay=600><i class=\"iconsmind-Wallet iconsmind-Business-Finance\" style=\"font-size: 70px; color: #ffffff;\"><\/i> <h6 class=\"service-heading\" style=\"color: #ffffff;\">Planuri \u0219i plat\u0103 flexibile<\/h6><p style=\"color: #ffffff;\">Abonamente cu plata lunar\u0103 sau anual\u0103. Tu alegi!<\/p><\/div>[\/vc_column_inner][\/vc_row_inner][\/vc_column][\/vc_row][vc_row full_width=&#8221;stretch_row&#8221; css=&#8221;.vc_custom_1539778463188{padding-top: 100px !important;padding-bottom: 100px !important;}&#8221;][vc_column width=&#8221;1\/2&#8243; offset=&#8221;vc_col-lg-6 vc_col-md-12&#8243;][vc_row_inner css=&#8221;.vc_custom_1601411662508{margin-top: 20px !important;}&#8221;][vc_column_inner width=&#8221;1\/2&#8243; css=&#8221;.vc_custom_1541588328375{padding-right: 0px !important;padding-left: 0px !important;}&#8221; offset=&#8221;vc_col-lg-offset-0 vc_col-lg-9 vc_col-md-offset-3 vc_col-md-6 vc_col-sm-offset-3&#8243;]<header class=\"kd-section-title col-lg-12 text-left  kd-animated fadeIn  \" data-animation-delay=200><h2 class=\"separator_off\" style=\"font-size: 40px;line-height: 40px;\">Solu\u021bie complet automatizat\u0103 pentru monitorizarea pre\u021burilor concuren\u021bilor conceput\u0103 special pentru comercian\u021bi online, m\u0103rci \u0219i produc\u0103tori.<\/h2><h6 class=\"subtitle \" >Fie c\u0103 e\u0219ti un comerciant cu am\u0103nuntul online sau un brand, PriceVent este instrumentul de care ai nevoie pentru a lua decizii ac\u021bionabile, mai bine informate \u0219i pentru a \u00ee\u021bi atinge obiectivele de afaceri.<\/h6><\/header>[vc_empty_space height=&#8221;20px&#8221;]<div class=\"key-icon-box icon-default icon-left cont-left ib-hover-1  kd-animated fadeInUp\" style=\"background-color: transparent;\" ><a href=\"\/ro\/solutie-software-de-urmarire-si-monitorizare-a-preturilor-concurentilor-pentru-comercianti-online\/\" target=\"\"><div class=\"ib-wrapper\"><i class=\"iconsmind-Full-Cart iconsmind-Shopping-E-commerce\" style=\" \"><\/i> <h6 class=\"service-heading\" >Pentru comercian\u021bi online<\/h6><p >Descoper\u0103 cum s\u0103 \u00ee\u0163i \u00eembun\u0103t\u0103\u021be\u015fti pozi\u021bionarea \u0219i s\u0103 cre\u0219ti profiturile.<\/p><\/div><\/a><\/div><div class=\"key-icon-box icon-default icon-left cont-left ib-hover-1  kd-animated fadeInUp\" style=\"background-color: transparent;\" data-animation-delay=200><a href=\"\/ro\/solutie-software-pentru-analiza-si-monitorizarea-preturilor-pentru-marci-si-producatori\/\" target=\"\"><div class=\"ib-wrapper\"><i class=\"iconsmind-Copyright iconsmind-Seo-Icons\" style=\" \"><\/i> <h6 class=\"service-heading\" >Pentru m\u0103rci \u0219i produc\u0103tori<\/h6><p >Afl\u0103 cum PriceVent poate ajuta la protejarea \u015fi consolidarea integrit\u0103\u0163ii m\u0103rcii.<\/p><\/div><\/a><\/div>[vc_empty_space height=&#8221;40px&#8221;][\/vc_column_inner][vc_column_inner width=&#8221;1\/6&#8243; offset=&#8221;vc_hidden-md vc_hidden-sm vc_hidden-xs&#8221;][\/vc_column_inner][\/vc_row_inner][\/vc_column][vc_column css=&#8221;.vc_custom_1541588434316{padding-left: 0px !important;}&#8221; offset=&#8221;vc_col-lg-6&#8243; el_class=&#8221;hide-bg-on-mobile&#8221;][vc_single_image image=&#8221;8100&#8243; img_size=&#8221;full&#8221; alignment=&#8221;center&#8221; css_animation=&#8221;fadeIn&#8221; css=&#8221;.vc_custom_1601419152988{margin-bottom: 0px !important;}&#8221; el_class=&#8221;kd-large-image&#8221;][\/vc_column][\/vc_row][vc_row full_width=&#8221;stretch_row&#8221; parallax=&#8221;content-moving&#8221; parallax_image=&#8221;8006&#8243; css=&#8221;.vc_custom_1625860769220{background-color: #000000 !important;background-position: center;background-repeat: no-repeat !important;background-size: cover !important;}&#8221;][vc_column][vc_row_inner css=&#8221;.vc_custom_1513764983907{padding-top: 100px !important;padding-bottom: 100px !important;}&#8221;][vc_column_inner width=&#8221;1\/3&#8243; css=&#8221;.vc_custom_1535974152176{padding-right: 80px !important;}&#8221;]<div class=\"kd_counter icon-top large-counter count_left \" ><div class=\"kd_counter_content\"><h4 class=\"kd_counter_number\"><span class=\"kd_number_string\" style=\"color: #ffffff;\" data-from=\"0\" data-to=\"500000\" data-refresh-interval=\"50\" >0<\/span>\n                                  <span class=\"kd_counter_units\" >+<\/span><\/h4><div class=\"kd_counter_text\" style=\"color: #ffffff;\">de pre\u021buri ale produselor din peste 600 magazine online, din aprox. 27 de \u021b\u0103ri sunt monitorizate zilnic pentru a oferi clien\u021bilor no\u0219tri informa\u021bii valoroase.<\/div><\/div><\/div>[\/vc_column_inner][vc_column_inner width=&#8221;1\/3&#8243; css=&#8221;.vc_custom_1535974155943{padding-right: 80px !important;}&#8221;]<div class=\"kd_counter icon-top large-counter count_left \" ><div class=\"kd_counter_content\"><h4 class=\"kd_counter_number\"><span class=\"kd_number_string\" style=\"color: #ffffff;\" data-from=\"0\" data-to=\"250\" data-refresh-interval=\"50\" >0<\/span>\n                                  <span class=\"kd_counter_units\" >+<\/span><\/h4><div class=\"kd_counter_text\" style=\"color: #ffffff;\">de companii au \u00eencredere \u00een solu\u021bia nostr\u0103 de urm\u0103rire \u0219i monitorizare a pre\u021burilor concuren\u021bilor, pentru a \u00ee\u0219i \u00eembun\u0103t\u0103\u021bi v\u00e2nz\u0103rile.<\/div><\/div><\/div>[\/vc_column_inner][vc_column_inner width=&#8221;1\/3&#8243; css=&#8221;.vc_custom_1535974160815{padding-right: 80px !important;}&#8221;]<div class=\"kd_counter icon-top large-counter count_left \" ><div class=\"kd_counter_content\"><h4 class=\"kd_counter_number\"><span class=\"kd_number_string\" style=\"color: #ffffff;\" data-from=\"0\" data-to=\"24\" data-refresh-interval=\"50\" >0<\/span>\n                                  <span class=\"kd_counter_units\" >+<\/span><\/h4><div class=\"kd_counter_text\" style=\"color: #ffffff;\">de sectoare cheie \u00een care oper\u0103m \u0219i suntem capabili s\u0103 implement\u0103m solu\u021bia \u0219i s\u0103 oferim consultan\u021b\u0103 de specialitate, la cel mai \u00eenalt nivel.<\/div><\/div><\/div>[\/vc_column_inner][\/vc_row_inner][\/vc_column][\/vc_row][vc_section full_width=&#8221;stretch_row&#8221; css=&#8221;.vc_custom_1626203010734{background-color: #f7f8f9 !important;}&#8221;][vc_row full_width=&#8221;stretch_row_content&#8221; css=&#8221;.vc_custom_1625854405534{padding-top: 115px !important;padding-bottom: 50px !important;background-color: #f7f8f9 !important;background-position: 0 0 !important;background-repeat: no-repeat !important;}&#8221; el_class=&#8221;background-right&#8221;][vc_column width=&#8221;1\/4&#8243; css=&#8221;.vc_custom_1516029195606{padding-right: 0px !important;padding-left: 0px !important;}&#8221;][vc_empty_space][\/vc_column][vc_column width=&#8221;1\/2&#8243;]<header class=\"kd-section-title col-lg-12 text-center    \" ><h2 class=\"separator_off\" style=\"font-size: 40px;\">Companii mici, mijlocii \u0219i mari din \u00eentreaga lume folosesc PriceVent pentru monitorizarea pre\u021burilor concuren\u021bilor.<\/h2><\/header>[vc_raw_html el_class=&#8221;.only_desktop&#8221;]JTNDaDUlMjBzdHlsZSUzRCUyMnRleHQtYWxpZ24lM0ElMjBjZW50ZXIlM0IlMjIlM0VQcmljZVZlbnQlMjBlc3RlJTIwdXRpbGl6YXQlMjBwZW50cnUlMjBtb25pdG9yaXphcmVhJTIwcHJlJUM4JTlCdXJpbG9yJTIwJUMzJUFFbiUyMCU1Qmdlb2lwX2RldGVjdDIlMjBwcm9wZXJ0eSUzRCUyMmNvdW50cnkubmFtZSUyMiUyMGRlZmF1bHQlM0QlMjIlMjh5b3VyJTIwY29udHJ5JTI5JTIyJTIwbGFuZyUzRCUyMmVuJTIyJTVEJTIwcHJlY3VtJTIwJUM4JTk5aSUyMCVDMyVBRW4lMjBhbHRlJTIwMTk0JTIwZGUlMjAlQzglOUIlQzQlODNyaS4lM0MlMkZoNSUzRSUwQSUyNm5ic3AlM0IlMEElMEElM0NjZW50ZXIlM0UlM0NpbWclMjBzcmMlM0QlMjJodHRwcyUzQSUyRiUyRnByaWNldmVudC5jb20lMkZ3cC1jb250ZW50JTJGdXBsb2FkcyUyRjIwMjElMkYwMSUyRnVuaXRlZC1zdGF0ZXMucG5nJTIyJTIwYWx0JTNEJTIyJTIyJTIwd2lkdGglM0QlMjIzMiUyMiUyMGhlaWdodCUzRCUyMjMyJTIyJTIwJTJGJTNFJTIwJTNDaW1nJTIwc3JjJTNEJTIyaHR0cHMlM0ElMkYlMkZwcmljZXZlbnQuY29tJTJGd3AtY29udGVudCUyRnVwbG9hZHMlMkYyMDIxJTJGMDElMkZ1bml0ZWQta2luZ2RvbS5wbmclMjIlMjBhbHQlM0QlMjIlMjIlMjB3aWR0aCUzRCUyMjMyJTIyJTIwaGVpZ2h0JTNEJTIyMzIlMjIlMjAlMkYlM0UlMjAlM0NpbWclMjBzcmMlM0QlMjJodHRwcyUzQSUyRiUyRnByaWNldmVudC5jb20lMkZ3cC1jb250ZW50JTJGdXBsb2FkcyUyRjIwMjElMkYwMSUyRmV1cm9wZWFuLXVuaW9uLnBuZyUyMiUyMGFsdCUzRCUyMiUyMiUyMHdpZHRoJTNEJTIyMzIlMjIlMjBoZWlnaHQlM0QlMjIzMiUyMiUyMCUyRiUzRSVDMiVBMCUyMCUzQ2ltZyUyMHNyYyUzRCUyMmh0dHBzJTNBJTJGJTJGcHJpY2V2ZW50LmNvbSUyRndwLWNvbnRlbnQlMkZ1cGxvYWRzJTJGMjAyMSUyRjAxJTJGY2FuYWRhLnBuZyUyMiUyMGFsdCUzRCUyMiUyMiUyMHdpZHRoJTNEJTIyMzIlMjIlMjBoZWlnaHQlM0QlMjIzMiUyMiUyMCUyRiUzRSVDMiVBMCUyMCUzQ2ltZyUyMHNyYyUzRCUyMmh0dHBzJTNBJTJGJTJGcHJpY2V2ZW50LmNvbSUyRndwLWNvbnRlbnQlMkZ1cGxvYWRzJTJGMjAyMSUyRjAxJTJGYXVzdHJhbGlhLnBuZyUyMiUyMGFsdCUzRCUyMiUyMiUyMHdpZHRoJTNEJTIyMzIlMjIlMjBoZWlnaHQlM0QlMjIzMiUyMiUyMCUyRiUzRSUyMCUzQ2ltZyUyMHNyYyUzRCUyMmh0dHBzJTNBJTJGJTJGcHJpY2V2ZW50LmNvbSUyRndwLWNvbnRlbnQlMkZ1cGxvYWRzJTJGMjAyMSUyRjAxJTJGc291dGgtYWZyaWNhLnBuZyUyMiUyMGFsdCUzRCUyMiUyMiUyMHdpZHRoJTNEJTIyMzIlMjIlMjBoZWlnaHQlM0QlMjIzMiUyMiUyMCUyRiUzRSUyMCUzQ2ltZyUyMHNyYyUzRCUyMmh0dHBzJTNBJTJGJTJGcHJpY2V2ZW50LmNvbSUyRndwLWNvbnRlbnQlMkZ1cGxvYWRzJTJGMjAyMSUyRjAxJTJGYnJhemlsLnBuZyUyMiUyMGFsdCUzRCUyMiUyMiUyMHdpZHRoJTNEJTIyMzIlMjIlMjBoZWlnaHQlM0QlMjIzMiUyMiUyMCUyRiUzRSUyMCUzQ2ltZyUyMHNyYyUzRCUyMmh0dHBzJTNBJTJGJTJGcHJpY2V2ZW50LmNvbSUyRndwLWNvbnRlbnQlMkZ1cGxvYWRzJTJGMjAyMSUyRjAxJTJGYXJnZW50aW5hLnBuZyUyMiUyMGFsdCUzRCUyMiUyMiUyMHdpZHRoJTNEJTIyMzIlMjIlMjBoZWlnaHQlM0QlMjIzMiUyMiUyMCUyRiUzRSUyMCUzQ2ltZyUyMHNyYyUzRCUyMmh0dHBzJTNBJTJGJTJGcHJpY2V2ZW50LmNvbSUyRndwLWNvbnRlbnQlMkZ1cGxvYWRzJTJGMjAyMSUyRjAxJTJGamFwYW4ucG5nJTIyJTIwYWx0JTNEJTIyJTIyJTIwd2lkdGglM0QlMjIzMiUyMiUyMGhlaWdodCUzRCUyMjMyJTIyJTIwJTJGJTNFJTIwJTNDaW1nJTIwc3JjJTNEJTIyaHR0cHMlM0ElMkYlMkZwcmljZXZlbnQuY29tJTJGd3AtY29udGVudCUyRnVwbG9hZHMlMkYyMDIxJTJGMDElMkZ0dXJrZXkucG5nJTIyJTIwYWx0JTNEJTIyJTIyJTIwd2lkdGglM0QlMjIzMiUyMiUyMGhlaWdodCUzRCUyMjMyJTIyJTIwJTJGJTNFJTIwJTNDaW1nJTIwc3JjJTNEJTIyaHR0cHMlM0ElMkYlMkZwcmljZXZlbnQuY29tJTJGd3AtY29udGVudCUyRnVwbG9hZHMlMkYyMDIxJTJGMDElMkZtZXhpY28ucG5nJTIyJTIwYWx0JTNEJTIyJTIyJTIwd2lkdGglM0QlMjIzMiUyMiUyMGhlaWdodCUzRCUyMjMyJTIyJTIwJTJGJTNFJTIwJTNDaW1nJTIwc3JjJTNEJTIyaHR0cHMlM0ElMkYlMkZwcmljZXZlbnQuY29tJTJGd3AtY29udGVudCUyRnVwbG9hZHMlMkYyMDIxJTJGMDElMkZydXNzaWEucG5nJTIyJTIwYWx0JTNEJTIyJTIyJTIwd2lkdGglM0QlMjIzMiUyMiUyMGhlaWdodCUzRCUyMjMyJTIyJTIwJTJGJTNFJTIwJTNDaW1nJTIwc3JjJTNEJTIyaHR0cHMlM0ElMkYlMkZwcmljZXZlbnQuY29tJTJGd3AtY29udGVudCUyRnVwbG9hZHMlMkYyMDIxJTJGMDElMkZjaGluYS5wbmclMjIlMjBhbHQlM0QlMjIlMjIlMjB3aWR0aCUzRCUyMjMyJTIyJTIwaGVpZ2h0JTNEJTIyMzIlMjIlMjAlMkYlM0UlMjAlM0NpbWclMjBzcmMlM0QlMjJodHRwcyUzQSUyRiUyRnByaWNldmVudC5jb20lMkZ3cC1jb250ZW50JTJGdXBsb2FkcyUyRjIwMjElMkYwMSUyRnNvdXRoLWtvcmVhLnBuZyUyMiUyMGFsdCUzRCUyMiUyMiUyMHdpZHRoJTNEJTIyMzIlMjIlMjBoZWlnaHQlM0QlMjIzMiUyMiUyMCUyRiUzRSUzQyUyRmNlbnRlciUzRQ==[\/vc_raw_html][\/vc_column][vc_column width=&#8221;1\/4&#8243;][vc_empty_space][\/vc_column][vc_column][vc_row_inner css=&#8221;.vc_custom_1625854565616{padding-top: 60px !important;}&#8221;][vc_column_inner width=&#8221;1\/6&#8243;][vc_empty_space][\/vc_column_inner][vc_column_inner width=&#8221;2\/3&#8243;][vc_raw_html]JTNDc2NyaXB0JTIwZGVmZXIlMjBhc3luYyUyMHNyYyUzRCUyN2h0dHBzJTNBJTJGJTJGY2RuLnRydXN0aW5kZXguaW8lMkZsb2FkZXIuanMlM0YxMTA0ZWY0MTQwM2U2NzI2OTQ1ODI3MjdkYyUyNyUzRSUzQyUyRnNjcmlwdCUzRQ==[\/vc_raw_html][\/vc_column_inner][vc_column_inner width=&#8221;1\/6&#8243;][vc_empty_space][\/vc_column_inner][\/vc_row_inner][vc_row_inner css=&#8221;.vc_custom_1627067639709{padding-top: 60px !important;padding-bottom: 20px !important;}&#8221; el_class=&#8221;.only_desktop&#8221;][vc_column_inner width=&#8221;1\/6&#8243;][vc_empty_space][\/vc_column_inner][vc_column_inner width=&#8221;2\/3&#8243;][vc_text_separator title=&#8221;Compatibil \u0219i complet integrabil cu peste 100 de solu\u021bii Ecommerce, inclusiv cu magazinul t\u0103u online&#8221; color=&#8221;custom&#8221; accent_color=&#8221;#e8e8e8&#8243; css=&#8221;.vc_custom_1625859913521{padding-bottom: 65px !important;}&#8221;]<div class=\"slider clients grayscale-effect kd-client-69dea146e8936  \"><div class=\"clients-content \" ><img loading=\"lazy\" decoding=\"async\" width=\"300\" height=\"140\" src=\"https:\/\/pricevent.com\/wp-content\/uploads\/2021\/07\/magento-1.jpg\" class=\"attachment-full\" alt=\"\" title=\"magento\" \/><\/div><div class=\"clients-content \" ><img loading=\"lazy\" decoding=\"async\" width=\"300\" height=\"140\" src=\"https:\/\/pricevent.com\/wp-content\/uploads\/2021\/07\/bigcommerce-1.jpg\" class=\"attachment-full\" alt=\"\" title=\"bigcommerce\" \/><\/div><div class=\"clients-content \" ><img loading=\"lazy\" decoding=\"async\" width=\"300\" height=\"140\" src=\"https:\/\/pricevent.com\/wp-content\/uploads\/2021\/07\/prestashop.jpg\" class=\"attachment-full\" alt=\"\" title=\"prestashop\" \/><\/div><div class=\"clients-content \" ><img loading=\"lazy\" decoding=\"async\" width=\"300\" height=\"140\" src=\"https:\/\/pricevent.com\/wp-content\/uploads\/2021\/07\/opencart.jpg\" class=\"attachment-full\" alt=\"\" title=\"opencart\" \/><\/div><div class=\"clients-content \" ><img loading=\"lazy\" decoding=\"async\" width=\"300\" height=\"140\" src=\"https:\/\/pricevent.com\/wp-content\/uploads\/2021\/07\/shopify.jpg\" class=\"attachment-full\" alt=\"\" title=\"shopify\" \/><\/div><div class=\"clients-content \" ><img loading=\"lazy\" decoding=\"async\" width=\"300\" height=\"140\" src=\"https:\/\/pricevent.com\/wp-content\/uploads\/2021\/07\/woocommerce.jpg\" class=\"attachment-full\" alt=\"\" title=\"woocommerce\" \/><\/div><\/div><script type=\"text\/javascript\">\r\n              jQuery(document).ready(function($){\r\n                if ($(\".slider.clients.kd-client-69dea146e8936\").length) {\r\n                  $(\".slider.clients.kd-client-69dea146e8936\").owlCarousel({\r\n                    stageClass: \"owl-wrapper\",\r\n                    stageOuterClass: \"owl-wrapper-outer\",\r\n                    loadedClass: \"owl-carousel\",\r\n                    responsiveClass:true,\r\n                    responsive:{\r\n                      0:{\r\n                          items:1,dots: false,},\r\n                      415:{\r\n                          items:3,dots: false,},\r\n                      960:{\r\n                          items:3,dots: false,}\r\n                    },\r\n                  });\r\n                }\r\n              });\r\n            <\/script>[\/vc_column_inner][vc_column_inner width=&#8221;1\/6&#8243;][vc_empty_space][\/vc_column_inner][\/vc_row_inner][\/vc_column][\/vc_row][\/vc_section][vc_row full_width=&#8221;stretch_row&#8221; css=&#8221;.vc_custom_1600974993235{border-bottom-width: 1px !important;background-color: #000000 !important;border-bottom-color: #383838 !important;border-bottom-style: solid !important;}&#8221;][vc_column][vc_row_inner css=&#8221;.vc_custom_1536243977243{padding-top: 100px !important;}&#8221;][vc_column_inner width=&#8221;1\/6&#8243; offset=&#8221;vc_hidden-xs&#8221;][\/vc_column_inner][vc_column_inner width=&#8221;2\/3&#8243;]<header class=\"kd-section-title col-lg-12 text-center  kd-animated fadeIn  \" data-animation-delay=200><h2 class=\"separator_off\" style=\"color: #ffffff;\">Las\u0103-ne s\u0103 te ajut\u0103m s\u0103 cre\u0219ti!<\/h2><h6 class=\"subtitle \" >Completeaz\u0103 formularul cu datele personale \u0219i descoper\u0103 cum PriceVent te poate ajuta s\u0103 \u00ee\u0163i \u00eembun\u0103t\u0103\u0163e\u015fti competitivitatea, v\u00e2nz\u0103rile \u0219i marjele de profit.<\/h6><\/header>[vc_empty_space height=&#8221;15px&#8221;]<a  class=\"tt_button tt_primary_button btn_primary_color  button-center panel-trigger-btn  kd-animated zoomIn\" data-animation-delay=200><span class=\"prim_text\">\u00cencearc\u0103 gratuit<\/span><\/a>[\/vc_column_inner][vc_column_inner width=&#8221;1\/6&#8243; offset=&#8221;vc_hidden-xs&#8221;][\/vc_column_inner][\/vc_row_inner][vc_empty_space height=&#8221;95px&#8221;][\/vc_column][\/vc_row][vc_row][vc_column offset=&#8221;vc_hidden-lg vc_hidden-md vc_hidden-sm vc_hidden-xs&#8221;][vc_wp_custommenu nav_menu=&#8221;49&#8243;][\/vc_column][\/vc_row]<\/p>\n<\/div>","protected":false},"excerpt":{"rendered":"<p>[vc_row][vc_column offset=&#8221;vc_hidden-lg vc_hidden-md vc_hidden-sm vc_hidden-xs&#8221;][vc_column_text] Monitorizare pre\u0163uri pricevent Solu\u0163ie Monitorizare pre\u0163uri pricevent Software Monitorizare pre\u0163uri pricevent Monitorizare pre\u0163uri online pricevent [&hellip;]<\/p>\n","protected":false},"author":1,"featured_media":0,"parent":0,"menu_order":0,"comment_status":"closed","ping_status":"closed","template":"","meta":{"footnotes":""},"class_list":["post-8892","page","type-page","status-publish","hentry"],"_links":{"self":[{"href":"https:\/\/pricevent.com\/ro\/wp-json\/wp\/v2\/pages\/8892","targetHints":{"allow":["GET"]}}],"collection":[{"href":"https:\/\/pricevent.com\/ro\/wp-json\/wp\/v2\/pages"}],"about":[{"href":"https:\/\/pricevent.com\/ro\/wp-json\/wp\/v2\/types\/page"}],"author":[{"embeddable":true,"href":"https:\/\/pricevent.com\/ro\/wp-json\/wp\/v2\/users\/1"}],"replies":[{"embeddable":true,"href":"https:\/\/pricevent.com\/ro\/wp-json\/wp\/v2\/comments?post=8892"}],"version-history":[{"count":93,"href":"https:\/\/pricevent.com\/ro\/wp-json\/wp\/v2\/pages\/8892\/revisions"}],"predecessor-version":[{"id":34002,"href":"https:\/\/pricevent.com\/ro\/wp-json\/wp\/v2\/pages\/8892\/revisions\/34002"}],"wp:attachment":[{"href":"https:\/\/pricevent.com\/ro\/wp-json\/wp\/v2\/media?parent=8892"}],"curies":[{"name":"wp","href":"https:\/\/api.w.org\/{rel}","templated":true}]}}