{"id":8910,"date":"2018-09-11T13:11:53","date_gmt":"2018-09-11T13:11:53","guid":{"rendered":"https:\/\/pricevent.com\/terms-and-conditions\/"},"modified":"2022-08-11T10:28:39","modified_gmt":"2022-08-11T07:28:39","slug":"termeni-si-conditii","status":"publish","type":"page","link":"https:\/\/pricevent.com\/ro\/termeni-si-conditii\/","title":{"rendered":"Termeni \u015fi condi\u0163ii"},"content":{"rendered":"<div class=\"wpb-content-wrapper\"><p>[vc_row css=&#8221;.vc_custom_1603313176069{margin-bottom: 100px !important;padding-top: 75px !important;}&#8221;][vc_column][vc_column_text]<\/p>\n<h1>Termeni \u015fi condi\u0163ii<\/h1>\n<div class=\"tlid-results-container results-container\">\n<div class=\"tlid-result result-dict-wrapper\">\n<div class=\"result tlid-copy-target\">\n<div class=\"text-wrap tlid-copy-target\">\n<div class=\"result-shield-container tlid-copy-target\" tabindex=\"0\">\n<p><span class=\"tlid-translation translation\" lang=\"ro\"><span title=\"\">Ultima actualizare: <strong>11 August 2022<\/strong><\/span><\/span><\/p>\n<p><span class=\"\" title=\"\">V\u0103 rug\u0103m s\u0103 citi\u021bi cu aten\u021bie ace\u0219ti termeni \u0219i condi\u021bii \u00eenainte de a utiliza Serviciul nostru.<\/span><\/p>\n<\/div>\n<\/div>\n<\/div>\n<\/div>\n<\/div>\n<h1>Interpretare \u0219i defini\u021bii<\/h1>\n<div class=\"tlid-results-container results-container\">\n<div class=\"tlid-result result-dict-wrapper\">\n<div class=\"result tlid-copy-target\">\n<div class=\"text-wrap tlid-copy-target\">\n<h2 class=\"result-shield-container tlid-copy-target\" tabindex=\"0\"><span class=\"tlid-translation translation\" lang=\"ro\"><span title=\"\">Interpretare<\/span><\/span><\/h2>\n<p class=\"result-shield-container tlid-copy-target\" tabindex=\"0\"><span class=\"tlid-translation translation\" lang=\"ro\"><span title=\"\">Cuvintele pentru care litera ini\u021bial\u0103 este scris\u0103 cu majuscule au semnifica\u021bii definite \u00een urm\u0103toarele condi\u021bii.<\/span> <span class=\"\" title=\"\">Urm\u0103toarele defini\u021bii vor avea acela\u0219i sens, indiferent dac\u0103 apar la singular sau la plural.<\/span><\/span><\/p>\n<\/div>\n<\/div>\n<\/div>\n<\/div>\n<h2>Defini\u0163ii<\/h2>\n<p>\u00cen sensul acestor Termeni \u0219i condi\u021bii:<\/p>\n<ul>\n<li><strong>Afiliat<\/strong> \u00eenseamn\u0103 o entitate care controleaz\u0103, este controlat\u0103 de sau este sub control comun cu o parte, unde \u201econtrol\u201d \u00eenseamn\u0103 proprietatea a 50% sau mai mult din ac\u021biuni, dob\u00e2nzi de capital sau alte titluri cu drept de vot pentru alegerea directorilor sau a altei autorit\u0103\u021bi de gestionare .<\/li>\n<li><strong>\u021aara<\/strong> se refer\u0103 la: Rom\u00e2nia<\/li>\n<li><strong>Compania<\/strong> (denumit\u0103 fie \u201eCompania\u201d, \u201eNoi\u201d, \u201eNoi\u201d sau \u201eNostru\u201d \u00een acest Acord) se refer\u0103 la <strong>SMART WAYS DEV APPS SRL, <\/strong>cu sediul social \u00een\u00a0 Intrarea Sm\u00e2rdan, Nr. 11, Bragadiru, 077025, Rom\u00e2nia.<\/li>\n<li>\n<div class=\"tlid-input input\">\n<div class=\"source-wrap\">\n<div class=\"input-full-height-wrapper tlid-input-full-height-wrapper\">\n<div class=\"source-input\">\n<div class=\"source-footer-wrap source-or-target-footer\">\n<div class=\"character-count tlid-character-count\">\n<div class=\"cc-ctr normal\">Prin <strong>dispozitiv<\/strong> se \u00een\u021belege orice dispozitiv care poate accesa Serviciul, cum ar fi un computer, un telefon mobil sau o tablet\u0103 digital\u0103.<\/div>\n<\/div>\n<\/div>\n<\/div>\n<\/div>\n<\/div>\n<\/div>\n<\/li>\n<li><strong>Serviciul<\/strong> se refer\u0103 la site-ul web <strong>www.pricevent.com<\/strong>.<\/li>\n<li><strong>Termenii \u0219i condi\u021biile<\/strong> (denumi\u021bi \u0219i \u201eTermeni\u201d) \u00eenseamn\u0103 ace\u0219ti Termeni \u0219i condi\u021bii care formeaz\u0103 \u00eentregul acord \u00eentre Dvs. \u0219i Companie cu privire la utilizarea Serviciului.<\/li>\n<li><strong>Serviciile social media<\/strong> ter\u021be p\u0103r\u0163i \u00eenseamn\u0103 orice servicii sau con\u021binut (inclusiv date, informa\u021bii, produse sau servicii) furnizate de o ter\u021b\u0103 parte care poate fi afi\u0219at, inclus sau pus la dispozi\u021bie de c\u0103tre Serviciu.<\/li>\n<li><strong>Site-ul web<\/strong> se refer\u0103 la <strong>PriceVent<\/strong>, accesibil de pe <strong>www.pricevent.com.<\/strong><\/li>\n<li><b>Dumneavoastr\u0103 <\/b>se refer\u0103 la\u00a0persoana care acceseaz\u0103 sau utilizeaz\u0103 Serviciul sau compania sau alt\u0103 entitate juridic\u0103 \u00een numele c\u0103reia o astfel de persoan\u0103 acceseaz\u0103 sau utilizeaz\u0103 Serviciul, dup\u0103 caz.<\/li>\n<\/ul>\n<h1>Acceptare<\/h1>\n<div class=\"tlid-results-container results-container\">\n<div class=\"tlid-result result-dict-wrapper\">\n<div class=\"result tlid-copy-target\">\n<div class=\"text-wrap tlid-copy-target\">\n<div class=\"result-shield-container tlid-copy-target\" tabindex=\"0\">\n<p><span class=\"tlid-translation translation\" lang=\"ro\">Ace\u0219tia sunt Termenii \u0219i condi\u021biile care reglementeaz\u0103 utilizarea acestui serviciu \u0219i acordul care opereaz\u0103 \u00eentre dvs. \u0219i companie. Ace\u0219ti Termeni \u0219i condi\u021bii stabilesc drepturile \u0219i obliga\u021biile tuturor conturilor cu privire la utilizarea Serviciului.<\/span><\/p>\n<p>Accesul \u0219i utilizarea Serviciului dvs. sunt condi\u021bionate de acceptarea \u0219i respectarea de c\u0103tre dvs. a acestor Termeni \u0219i condi\u021bii. Ace\u0219ti Termeni \u0219i condi\u021bii se aplic\u0103 tuturor vizitatorilor, conturilor \u0219i altor persoane care acceseaz\u0103 sau utilizeaz\u0103 Serviciul.<\/p>\n<p>Prin accesarea sau utilizarea Serviciului sunte\u021bi de acord s\u0103 fi\u021bi obliga\u021bi de ace\u0219ti Termeni \u0219i condi\u021bii. Dac\u0103 nu sunte\u021bi de acord cu orice parte a acestor Termeni \u0219i condi\u021bii, atunci nu pute\u021bi accesa Serviciul.<\/p>\n<p>Declara\u021bi c\u0103 ave\u021bi peste 18 ani. Compania nu le permite celor sub 18 ani s\u0103 foloseasc\u0103 Serviciul.<\/p>\n<p>Accesul \u0219i utilizarea Serviciului dvs. sunt, de asemenea, condi\u021bionate de acceptarea \u0219i respectarea Politicii de confiden\u021bialitate a Companiei. Politica noastr\u0103 de confiden\u021bialitate descrie politicile \u0219i procedurile noastre privind colectarea, utilizarea \u0219i divulgarea informa\u021biilor dvs. personale atunci c\u00e2nd utiliza\u021bi aplica\u021bia sau site-ul web \u0219i v\u0103 spune despre drepturile dvs. de confiden\u021bialitate \u0219i modul \u00een care legea v\u0103 protejeaz\u0103. V\u0103 rug\u0103m s\u0103 citi\u021bi cu aten\u021bie Politica noastr\u0103 de confiden\u021bialitate \u00eenainte de a utiliza serviciul nostru.<\/p>\n<\/div>\n<\/div>\n<\/div>\n<\/div>\n<\/div>\n<h1>Leg\u0103turi c\u0103tre alte site-uri web<\/h1>\n<p>Serviciul nostru poate con\u021bine linkuri c\u0103tre site-uri web sau servicii ter\u021be care nu sunt de\u021binute sau controlate de Companie.<\/p>\n<p>Compania nu are niciun control asupra \u0219i nu \u00ee\u0219i asum\u0103 nici o responsabilitate pentru con\u021binutul, politicile de confiden\u021bialitate sau practicile oric\u0103rui site web sau servicii ter\u021be. \u00cen plus, recunoa\u0219te\u021bi \u0219i sunte\u021bi de acord c\u0103 Compania nu va fi responsabil\u0103 sau responsabil\u0103, direct sau indirect, pentru orice daune sau pierderi cauzate sau presupuse a fi cauzate de sau \u00een leg\u0103tur\u0103 cu utilizarea sau dependen\u021ba de astfel de con\u021binut, bunuri sau servicii disponibile pe sau prin intermediul unor astfel de site-uri web sau servicii.<\/p>\n<p>V\u0103 sf\u0103tuim cu t\u0103rie s\u0103 citi\u021bi termenii \u0219i condi\u021biile \u0219i politicile de confiden\u021bialitate ale oric\u0103ror site-uri web sau servicii ale ter\u021bilor pe care le vizita\u021bi.<\/p>\n<h1>Reziliere<\/h1>\n<p>Putem \u00eenchide sau suspenda accesul dvs. imediat, f\u0103r\u0103 notificare prealabil\u0103 sau r\u0103spundere, din orice motiv, inclusiv f\u0103r\u0103 limitare, dac\u0103 \u00eenc\u0103lca\u021bi ace\u0219ti Termeni \u0219i condi\u021bii.<\/p>\n<p>La \u00eencetare, dreptul Dvs. de a utiliza Serviciul va \u00eenceta imediat.<\/p>\n<h1>Limitarea r\u0103spunderii<\/h1>\n<p>F\u0103r\u0103 a aduce atingere oric\u0103ror daune pe care le-a\u021bi putea suporta, \u00eentreaga r\u0103spundere a Companiei \u0219i a oric\u0103ruia dintre furnizorii s\u0103i \u00een conformitate cu orice prevedere a prezentelor Condi\u021bii \u0219i remedierea dvs. exclusiv\u0103 pentru toate cele de mai sus vor fi limitate la suma pl\u0103tit\u0103 efectiv de c\u0103tre dvs. prin intermediul Serviciului sau 100 USD dac\u0103 nu a\u021bi cump\u0103rat nimic prin intermediul Serviciului.<\/p>\n<p>\u00cen m\u0103sura maxim\u0103 permis\u0103 de legisla\u021bia aplicabil\u0103, \u00een niciun caz Compania sau furnizorii s\u0103i nu vor fi r\u0103spunz\u0103tori pentru niciun fel de daune speciale, accidentale, indirecte sau indirecte (inclusiv, dar f\u0103r\u0103 a se limita la, daune pentru pierderea profitului, pierderea datelor sau alte informa\u021bii, pentru \u00eentreruperea afacerii, pentru v\u0103t\u0103m\u0103ri corporale, pierderea vie\u021bii private rezultate din sau \u00een orice mod legate de utilizarea sau incapacitatea de a utiliza Serviciul, software ter\u021b \u0219i \/ sau hardware ter\u021b\u0103 parte utilizat cu Serviciul, sau \u00een caz contrar \u00een leg\u0103tur\u0103 cu orice prevedere a acestor Termeni), chiar dac\u0103 Compania sau orice furnizor a fost informat despre posibilitatea unor astfel de daune \u0219i chiar dac\u0103 remediul nu reu\u0219e\u0219te din scopul s\u0103u esen\u021bial.<\/p>\n<p>Unele state nu permit excluderea garan\u021biilor implicite sau limitarea r\u0103spunderii pentru daune accidentale sau consecin\u021be, ceea ce \u00eenseamn\u0103 c\u0103 unele dintre limit\u0103rile de mai sus s-ar putea s\u0103 nu se aplice. \u00cen aceste state, r\u0103spunderea fiec\u0103rei p\u0103r\u021bi va fi limitat\u0103 \u00een cea mai mare m\u0103sur\u0103 permis\u0103 de lege.<\/p>\n<h1>Declara\u0163ie de responsabilitate<\/h1>\n<p>Serviciul v\u0103 este furnizat \u201eCA ATARE\u201d \u0219i \u201eC\u00c2T ESTE DISPONIBIL\u201d \u0219i cu toate defec\u021biunile \u0219i defectele f\u0103r\u0103 garan\u021bie de niciun fel. \u00cen m\u0103sura maxim\u0103 permis\u0103 de legisla\u021bia aplicabil\u0103, Compania, \u00een nume propriu \u0219i \u00een numele afilia\u021bilor s\u0103i \u0219i a licen\u021biatorilor \u0219i furnizorilor de servicii respectivi ai acestora, renun\u021b\u0103 \u00een mod expres la toate garan\u021biile, indiferent dac\u0103 sunt expres, implicite, statutare sau altfel, Serviciul, inclusiv toate garan\u021biile implicite de comercializare, adecvarea pentru un anumit scop, titlu \u0219i ne\u00eenc\u0103lcare, precum \u0219i garan\u021bii care pot ap\u0103rea din cursul tranzac\u021bion\u0103rii, cursului de performan\u021b\u0103, utilizare sau practic\u0103 comercial\u0103. F\u0103r\u0103 a se limita la cele de mai sus, Compania nu ofer\u0103 nicio garan\u021bie sau angajament \u0219i nu face nicio declara\u021bie de niciun fel c\u0103 Serviciul va \u00eendeplini cerin\u021bele dvs., va ob\u021bine rezultatele dorite, va fi compatibil sau va func\u021biona cu orice alt software, aplica\u021bii, sisteme sau servicii, va opera f\u0103r\u0103 \u00eentrerupere, s\u0103 \u00eendeplineasc\u0103 orice standard de performan\u021b\u0103 sau fiabilitate sau s\u0103 nu aib\u0103 erori sau c\u0103 orice erori sau defecte pot sau vor fi corectate.<\/p>\n<p>F\u0103r\u0103 a limita cele de mai sus, nici Compania, nici vreunul dintre furnizorii companiei nu face nicio declara\u021bie sau garan\u021bie de niciun fel, expres\u0103 sau implicit\u0103: (i) cu privire la func\u021bionarea sau disponibilitatea Serviciului, sau informa\u021biile, con\u021binutul \u0219i materialele sau produsele inclus pe acesta; (ii) c\u0103 Serviciul va fi ne\u00eentrerupt sau f\u0103r\u0103 erori; (iii) \u00een ceea ce prive\u0219te acurate\u021bea, fiabilitatea sau moneda oric\u0103rei informa\u021bii sau con\u021binut furnizate prin intermediul Serviciului; sau (iv) c\u0103 Serviciul, serverele sale, con\u021binutul sau e-mailurile trimise de la sau \u00een numele Companiei sunt lipsite de viru\u0219i, scripturi, troieni, viermi, programe malware, bombe temporale sau alte componente d\u0103un\u0103toare.<\/p>\n<p>Unele jurisdic\u021bii nu permit excluderea anumitor tipuri de garan\u021bii sau limit\u0103ri ale drepturilor statutare aplicabile ale unui consumator, astfel \u00eenc\u00e2t unele sau toate excluderile \u0219i limit\u0103rile de mai sus s-ar putea s\u0103 nu se aplice pentru dvs. Dar \u00eentr-un astfel de caz, excluderile \u0219i limit\u0103rile prev\u0103zute \u00een aceast\u0103 sec\u021biune se vor aplica \u00een cea mai mare m\u0103sur\u0103 aplicabile \u00een conformitate cu legisla\u021bia aplicabil\u0103.<\/p>\n<h1>Legea aplicabil\u0103<\/h1>\n<p>Legile \u021b\u0103rii, cu excep\u021bia regulilor sale privind conflictele de legi, vor guverna ace\u0219ti Termeni \u0219i utilizarea de c\u0103tre dvs. a Serviciului. Utilizarea aplica\u021biei dvs. poate fi, de asemenea, supus\u0103 altor legi locale, de stat, na\u021bionale sau interna\u021bionale.<\/p>\n<h1>Rezolvarea litigiilor<\/h1>\n<p>Dac\u0103 ave\u021bi vreo \u00eengrijorare sau disput\u0103 cu privire la Serviciu, sunte\u021bi de acord s\u0103 \u00eencerca\u021bi mai \u00eent\u00e2i s\u0103 rezolva\u021bi diferendul \u00een mod informal, contact\u00e2nd Compania.<\/p>\n<h1>Pentru conturii Uniunii Europene (UE)<\/h1>\n<p>Dac\u0103 sunte\u021bi un consumator al Uniunii Europene, ve\u021bi beneficia de orice dispozi\u021bii obligatorii ale legisla\u021biei \u021b\u0103rii \u00een care v\u0103 afla\u021bi.<\/p>\n<h1>Conformitatea legal\u0103 a Statelor Unite<\/h1>\n<p>Declara\u021bi \u0219i garanta\u021bi c\u0103 (i) nu v\u0103 afla\u021bi \u00eentr-o \u021bar\u0103 care face obiectul embargoului guvernului Statelor Unite sau care a fost desemnat\u0103 de guvernul Statelor Unite ca \u021bar\u0103 \u201eterorist\u0103\u201d \u0219i (ii) nu sunte\u021bi listate pe orice list\u0103 guvernamental\u0103 a Statelor Unite cu p\u0103r\u021bi interzise sau restric\u021bionate.<\/p>\n<h1>Nulitate par\u0163ial\u0103 \u0219i renun\u021bare<\/h1>\n<h2>Nulitate par\u0163ial\u0103<\/h2>\n<p>\u00cen cazul \u00een care o prevedere a acestor Condi\u021bii este considerat\u0103 a fi imposibil\u0103 sau invalid\u0103, o astfel de prevedere va fi modificat\u0103 \u0219i interpretat\u0103 pentru a \u00eendeplini obiectivele unei astfel de prevederi \u00een cea mai mare m\u0103sur\u0103 posibil\u0103 \u00een conformitate cu legisla\u021bia aplicabil\u0103, iar restul dispozi\u021biilor vor continua \u00een vigoare.<\/p>\n<h2>Renun\u0163are<\/h2>\n<p>Cu excep\u021bia celor prev\u0103zute aici, neexercitarea unui drept sau necesitatea \u00eendeplinirii unei obliga\u021bii \u00een temeiul prezentelor condi\u021bii nu va afecta capacitatea unei p\u0103r\u021bi de a exercita un astfel de drept sau de a solicita o astfel de executare \u00een orice moment ulterior \u0219i nici renun\u021barea la o \u00eenc\u0103lcare nu va constitui o renun\u021bare a oric\u0103rei \u00eenc\u0103lc\u0103ri ulterioare.<\/p>\n<h1>Interpretarea traducerii<\/h1>\n<p>Este posibil ca ace\u0219ti Termeni \u0219i condi\u021bii s\u0103 fi fost tradu\u0219i dac\u0103 le-am pus la dispozi\u021bia Dvs. prin Serviciul nostru. Sunte\u021bi de acord c\u0103 textul original \u00een limba englez\u0103 va prevala \u00een cazul unei dispute.<\/p>\n<h1>Modific\u0103ri ale acestor Termeni \u0219i condi\u021bii<\/h1>\n<p>Ne rezerv\u0103m dreptul, la discre\u021bia noastr\u0103, de a modifica sau \u00eenlocui ace\u0219ti Termeni \u00een orice moment. Dac\u0103 o revizuire este important\u0103, vom depune eforturi rezonabile pentru a furniza o notificare cu cel pu\u021bin 30 de zile \u00eenainte ca termenii noi s\u0103 intre \u00een vigoare. Ceea ce constituie o schimbare material\u0103 va fi stabilit la propria noastr\u0103 discre\u021bie.<\/p>\n<p>Continu\u00e2nd s\u0103 accesa\u021bi sau s\u0103 utiliza\u021bi Serviciul nostru dup\u0103 ce aceste revizuiri intr\u0103 \u00een vigoare, sunte\u021bi de acord s\u0103 fi\u021bi obligat de termenii revizui\u021bi. Dac\u0103 nu sunte\u021bi de acord cu noii termeni, \u00een totalitate sau par\u021bial, v\u0103 rug\u0103m s\u0103 nu mai utiliza\u021bi site-ul web \u0219i Serviciul.<\/p>\n<h1>Contacteaz\u0103-ne<\/h1>\n<p>Dac\u0103 ave\u021bi \u00eentreb\u0103ri cu privire la ace\u0219ti Termeni \u0219i condi\u021bii, ne pute\u021bi contacta:<\/p>\n<p>Prin e-mail: <a href=\"mailto:info@pricevent.com\"><strong>info@pricevent.com<\/strong><\/a>[\/vc_column_text][\/vc_column][\/vc_row]<\/p>\n<\/div>","protected":false},"excerpt":{"rendered":"<p>[vc_row css=&#8221;.vc_custom_1603313176069{margin-bottom: 100px !important;padding-top: 75px !important;}&#8221;][vc_column][vc_column_text] Termeni \u015fi condi\u0163ii Ultima actualizare: 11 August 2022 V\u0103 rug\u0103m s\u0103 citi\u021bi cu aten\u021bie [&hellip;]<\/p>\n","protected":false},"author":1,"featured_media":0,"parent":0,"menu_order":0,"comment_status":"closed","ping_status":"closed","template":"","meta":{"footnotes":""},"class_list":["post-8910","page","type-page","status-publish","hentry"],"_links":{"self":[{"href":"https:\/\/pricevent.com\/ro\/wp-json\/wp\/v2\/pages\/8910","targetHints":{"allow":["GET"]}}],"collection":[{"href":"https:\/\/pricevent.com\/ro\/wp-json\/wp\/v2\/pages"}],"about":[{"href":"https:\/\/pricevent.com\/ro\/wp-json\/wp\/v2\/types\/page"}],"author":[{"embeddable":true,"href":"https:\/\/pricevent.com\/ro\/wp-json\/wp\/v2\/users\/1"}],"replies":[{"embeddable":true,"href":"https:\/\/pricevent.com\/ro\/wp-json\/wp\/v2\/comments?post=8910"}],"version-history":[{"count":6,"href":"https:\/\/pricevent.com\/ro\/wp-json\/wp\/v2\/pages\/8910\/revisions"}],"predecessor-version":[{"id":36574,"href":"https:\/\/pricevent.com\/ro\/wp-json\/wp\/v2\/pages\/8910\/revisions\/36574"}],"wp:attachment":[{"href":"https:\/\/pricevent.com\/ro\/wp-json\/wp\/v2\/media?parent=8910"}],"curies":[{"name":"wp","href":"https:\/\/api.w.org\/{rel}","templated":true}]}}