{"id":9944,"date":"2021-01-21T13:49:26","date_gmt":"2021-01-21T11:49:26","guid":{"rendered":"https:\/\/pricevent.com\/testmonials\/"},"modified":"2021-02-04T01:24:56","modified_gmt":"2021-02-03T23:24:56","slug":"ce-spun-clientii","status":"publish","type":"page","link":"https:\/\/pricevent.com\/ro\/ce-spun-clientii\/","title":{"rendered":"Ce spun clien\u021bii"},"content":{"rendered":"<div class=\"wpb-content-wrapper\"><p>[vc_row css=&#8221;.vc_custom_1602203198911{padding-top: 100px !important;}&#8221;][vc_column]<header class=\"kd-section-title col-lg-8 vc_col-sm-8 text-center     vc_custom_1612394695016\" ><h2 class=\"separator_off\" >P\u0103rerile clien\u021bilor no\u0219tri reprezint\u0103 evaluarea cea mai obiectiv\u0103 a calit\u0103\u021bii serviciilor noastre.<\/h2><h6 class=\"subtitle \" >Iat\u0103 ce spun o parte dintre clien\u021bii no\u0219tri.<\/h6><\/header>[\/vc_column][\/vc_row][vc_row][vc_column][vc_text_separator title=&#8221;Recenzii&#8221; color=&#8221;custom&#8221; accent_color=&#8221;#efefef&#8221; css=&#8221;.vc_custom_1612394393618{padding-bottom: 65px !important;}&#8221;][vc_raw_html css=&#8221;.vc_custom_1612392474916{margin-bottom: 120px !important;}&#8221;]JTNDc2NyaXB0JTIwZGVmZXIlMjBhc3luYyUyMHNyYyUzRCUyN2h0dHBzJTNBJTJGJTJGY2RuLnRydXN0aW5kZXguaW8lMkZsb2FkZXIuanMlM0YwM2QwNDBlMTYyMzAwNTRjMTU1Mjc0ZmFiYiUyNyUzRSUzQyUyRnNjcmlwdCUzRQ==[\/vc_raw_html][\/vc_column][\/vc_row][vc_row full_width=&#8221;stretch_row&#8221; css=&#8221;.vc_custom_1600974993235{border-bottom-width: 1px !important;background-color: #000000 !important;border-bottom-color: #383838 !important;border-bottom-style: solid !important;}&#8221;][vc_column][vc_row_inner css=&#8221;.vc_custom_1536243977243{padding-top: 100px !important;}&#8221;][vc_column_inner width=&#8221;1\/6&#8243; offset=&#8221;vc_hidden-xs&#8221;][\/vc_column_inner][vc_column_inner width=&#8221;2\/3&#8243;]<header class=\"kd-section-title col-lg-12 text-center  kd-animated fadeIn  \" data-animation-delay=200><h2 class=\"separator_off\" style=\"color: #ffffff;\">Spune-ne p\u0103rerea ta!<\/h2><h6 class=\"subtitle \" >Evaluaz\u0103 experien\u021ba ta cu PriceVent \u0219i inspir\u0103-i pe al\u021bii s\u0103 reu\u0219easc\u0103.<\/h6><\/header>[vc_empty_space height=&#8221;15px&#8221;]<a  href=\"https:\/\/www.trustpilot.com\/review\/www.pricevent.com\"  target=\"_blank\"  title=\"\" class=\"tt_button tt_primary_button btn_primary_color  button-center button-action-link  kd-animated zoomIn\" data-animation-delay=200><span class=\"prim_text\">Adug\u0103 o recenzie<\/span><\/a>[vc_empty_space height=&#8221;95px&#8221;][\/vc_column_inner][vc_column_inner width=&#8221;1\/6&#8243; offset=&#8221;vc_hidden-xs&#8221;][\/vc_column_inner][\/vc_row_inner][\/vc_column][\/vc_row]<\/p>\n<\/div>","protected":false},"excerpt":{"rendered":"<p>[vc_row css=&#8221;.vc_custom_1602203198911{padding-top: 100px !important;}&#8221;][vc_column][\/vc_column][\/vc_row][vc_row][vc_column][vc_text_separator title=&#8221;Recenzii&#8221; color=&#8221;custom&#8221; accent_color=&#8221;#efefef&#8221; css=&#8221;.vc_custom_1612394393618{padding-bottom: 65px !important;}&#8221;][vc_raw_html css=&#8221;.vc_custom_1612392474916{margin-bottom: 120px !important;}&#8221;]JTNDc2NyaXB0JTIwZGVmZXIlMjBhc3luYyUyMHNyYyUzRCUyN2h0dHBzJTNBJTJGJTJGY2RuLnRydXN0aW5kZXguaW8lMkZsb2FkZXIuanMlM0YwM2QwNDBlMTYyMzAwNTRjMTU1Mjc0ZmFiYiUyNyUzRSUzQyUyRnNjcmlwdCUzRQ==[\/vc_raw_html][\/vc_column][\/vc_row][vc_row full_width=&#8221;stretch_row&#8221; css=&#8221;.vc_custom_1600974993235{border-bottom-width: 1px !important;background-color: #000000 !important;border-bottom-color: #383838 [&hellip;]<\/p>\n","protected":false},"author":1,"featured_media":0,"parent":0,"menu_order":0,"comment_status":"closed","ping_status":"closed","template":"","meta":{"footnotes":""},"class_list":["post-9944","page","type-page","status-publish","hentry"],"_links":{"self":[{"href":"https:\/\/pricevent.com\/ro\/wp-json\/wp\/v2\/pages\/9944","targetHints":{"allow":["GET"]}}],"collection":[{"href":"https:\/\/pricevent.com\/ro\/wp-json\/wp\/v2\/pages"}],"about":[{"href":"https:\/\/pricevent.com\/ro\/wp-json\/wp\/v2\/types\/page"}],"author":[{"embeddable":true,"href":"https:\/\/pricevent.com\/ro\/wp-json\/wp\/v2\/users\/1"}],"replies":[{"embeddable":true,"href":"https:\/\/pricevent.com\/ro\/wp-json\/wp\/v2\/comments?post=9944"}],"version-history":[{"count":5,"href":"https:\/\/pricevent.com\/ro\/wp-json\/wp\/v2\/pages\/9944\/revisions"}],"predecessor-version":[{"id":9949,"href":"https:\/\/pricevent.com\/ro\/wp-json\/wp\/v2\/pages\/9944\/revisions\/9949"}],"wp:attachment":[{"href":"https:\/\/pricevent.com\/ro\/wp-json\/wp\/v2\/media?parent=9944"}],"curies":[{"name":"wp","href":"https:\/\/api.w.org\/{rel}","templated":true}]}}